{"id":115,"date":"2020-04-07T10:47:10","date_gmt":"2020-04-07T08:47:10","guid":{"rendered":"http:\/\/toulouse-sgencfdt.fr\/WORDPRESS_ITRF\/?page_id=115"},"modified":"2025-10-09T10:29:11","modified_gmt":"2025-10-09T08:29:11","slug":"contact-adhesion-connexion","status":"publish","type":"page","link":"https:\/\/toulouse-sgencfdt.fr\/WORDPRESS_ITRF\/contact-adhesion-connexion\/","title":{"rendered":"Contact \/ Adh\u00e9sion"},"content":{"rendered":"<h1 style=\"text-align: center;\"><span style=\"font-family: arial, helvetica, sans-serif;\">Contact &#8211; Adh\u00e9sion<\/span><\/h1>\n<p>&nbsp;<\/p>\n<p><img loading=\"lazy\" decoding=\"async\" class=\"alignnone size-full wp-image-5903\" src=\"https:\/\/toulouse-sgencfdt.fr\/WORDPRESS_ITRF\/wp-content\/uploads\/2025\/10\/trombinoscope-sgen-cfdt-tlse.zip-2.jpg\" alt=\"\" width=\"2000\" height=\"1414\" srcset=\"https:\/\/toulouse-sgencfdt.fr\/WORDPRESS_ITRF\/wp-content\/uploads\/2025\/10\/trombinoscope-sgen-cfdt-tlse.zip-2.jpg 2000w, https:\/\/toulouse-sgencfdt.fr\/WORDPRESS_ITRF\/wp-content\/uploads\/2025\/10\/trombinoscope-sgen-cfdt-tlse.zip-2-300x212.jpg 300w, https:\/\/toulouse-sgencfdt.fr\/WORDPRESS_ITRF\/wp-content\/uploads\/2025\/10\/trombinoscope-sgen-cfdt-tlse.zip-2-1024x724.jpg 1024w, https:\/\/toulouse-sgencfdt.fr\/WORDPRESS_ITRF\/wp-content\/uploads\/2025\/10\/trombinoscope-sgen-cfdt-tlse.zip-2-768x543.jpg 768w, https:\/\/toulouse-sgencfdt.fr\/WORDPRESS_ITRF\/wp-content\/uploads\/2025\/10\/trombinoscope-sgen-cfdt-tlse.zip-2-1536x1086.jpg 1536w\" sizes=\"auto, (max-width: 2000px) 100vw, 2000px\" \/><\/p>\n<p><span style=\"font-size: 14pt;\"><span style=\"font-family: arial, helvetica, sans-serif;\">\u00a0<\/span><span style=\"color: #003300;\">Bon \u00e0 savoir :\u00a0 \ud83d\udc4d<strong>Besoin d\u2019accompagnement<\/strong> pour vos demandes de mutation, vos promotions ou pour toute autre question sur vos carri\u00e8res ou m\u00e9tiers? Un mail \u00e0 : <a style=\"color: #003300;\" href=\"mailto:groupe-administratifs@sgen-cfdt-midipy.fr\">groupe-administratifs@sgen-cfdt-midipy.fr<\/a> et une \u00e9quipe de militantes et militants vous r\u00e9pondra au plus vite.<\/span><\/span><\/p>\n\n\n<div class=\"su-posts su-posts-default-loop \">\n\n\t\n\t\t\t\t\t\n\t\t\t\n\t\t\t<div id=\"su-post-5070\" class=\"su-post \">\n\n\t\t\t\t\n\t\t\t\t<h2 class=\"su-post-title\"><a href=\"https:\/\/toulouse-sgencfdt.fr\/WORDPRESS_ITRF\/2023\/03\/16\/services-aux-adherents\/\">Services aux adh\u00e9rents<\/a><\/h2>\n\n\t\t\t\t<div class=\"su-post-meta\">\n\t\t\t\t\tPubli\u00e9: 16 mars 2023\t\t\t\t<\/div>\n\n\t\t\t\t<div class=\"su-post-excerpt\">\n\t\t\t\t\t<p>Bonjour \u00e0 tous Adh\u00e9rer au Sgen-CFDT, c&#8217;est donc int\u00e9grer la grande famille de la CFDT. Pour soutenir ses adh\u00e9rents et leur \u00eatre utile dans leur quotidien, la CFDT a d\u00e9velopp\u00e9 depuis de nombreuses ann\u00e9es une offre de services de plus en plus nombreux et complets chaque ann\u00e9e. Citons parmi eux : la Caisse nationale d\u2019action &hellip; <a href=\"https:\/\/toulouse-sgencfdt.fr\/WORDPRESS_ITRF\/2023\/03\/16\/services-aux-adherents\/\" class=\"more-link\">Continuer la lecture de <span class=\"screen-reader-text\">Services aux adh\u00e9rents<\/span>  <span class=\"meta-nav\">&rarr;<\/span><\/a><\/p>\n\t\t\t\t<\/div>\n\n\t\t\t\t\n\t\t\t<\/div>\n\n\t\t\t\t\t\n\t\t\t\n\t\t\t<div id=\"su-post-2761\" class=\"su-post \">\n\n\t\t\t\t\n\t\t\t\t<h2 class=\"su-post-title\"><a href=\"https:\/\/toulouse-sgencfdt.fr\/WORDPRESS_ITRF\/2021\/12\/19\/espace-adherents-sgen-cfdt\/\">Espace Adh\u00e9rents Sgen-CFDT<\/a><\/h2>\n\n\t\t\t\t<div class=\"su-post-meta\">\n\t\t\t\t\tPubli\u00e9: 19 d\u00e9cembre 2021\t\t\t\t<\/div>\n\n\t\t\t\t<div class=\"su-post-excerpt\">\n\t\t\t\t\t<p>Bonjour \u00e0 tous &nbsp; Vous venez d&#8217;adh\u00e9rer au Sgen-CFDT, en voil\u00e0 une belle id\u00e9e! Bienvenue! &nbsp; Vous avez ainsi acc\u00e8s \u00e0 un espace adh\u00e9rent juste pour vous: &nbsp; Si ce n&#8217;est pas encore le cas, pas de panique, cliquez sur le lien suivant \u21d2 https:\/\/toulouse-sgencfdt.fr\/WORDPRESS_ITRF\/2023\/03\/16\/services-aux-adherents\/<\/p>\n\t\t\t\t<\/div>\n\n\t\t\t\t\n\t\t\t<\/div>\n\n\t\t\t\t\t\n\t\t\t\n\t\t\t<div id=\"su-post-150\" class=\"su-post \">\n\n\t\t\t\t\n\t\t\t\t<h2 class=\"su-post-title\"><a href=\"https:\/\/toulouse-sgencfdt.fr\/WORDPRESS_ITRF\/2020\/04\/07\/adhesion\/\">Adh\u00e9sion<\/a><\/h2>\n\n\t\t\t\t<div class=\"su-post-meta\">\n\t\t\t\t\tPubli\u00e9: 7 avril 2020\t\t\t\t<\/div>\n\n\t\t\t\t<div class=\"su-post-excerpt\">\n\t\t\t\t\t<p>Vous souhaitez nous rejoindre au Sgen-CFDT, le bulletin d&#8217;adh\u00e9sion ADH\u00c9RER \u00c7A PERMET \u2026 de b\u00e9n\u00e9ficier d\u2019une information, d\u2019un soutien individuel tant sur le plan professionnel que juridique, dans le cadre des r\u00e8gles d\u00e9finies d\u2019\u00eatre inform\u00e9 sur vos droits, sur l\u2019actualit\u00e9 sociale de votre r\u00e9gion, de votre branche professionnelle de b\u00e9n\u00e9ficier du service d\u2019accompagnement t\u00e9l\u00e9phonique personnalis\u00e9 &hellip; <a href=\"https:\/\/toulouse-sgencfdt.fr\/WORDPRESS_ITRF\/2020\/04\/07\/adhesion\/\" class=\"more-link\">Continuer la lecture de <span class=\"screen-reader-text\">Adh\u00e9sion<\/span>  <span class=\"meta-nav\">&rarr;<\/span><\/a><\/p>\n\t\t\t\t<\/div>\n\n\t\t\t\t\t\t\t\t\t<a href=\"https:\/\/toulouse-sgencfdt.fr\/WORDPRESS_ITRF\/2020\/04\/07\/adhesion\/#comments\" class=\"su-post-comments-link\">1 commentaire<\/a>\n\t\t\t\t\n\t\t\t<\/div>\n\n\t\t\t\t\t\n\t\t\t\n\t\t\t<div id=\"su-post-148\" class=\"su-post \">\n\n\t\t\t\t\n\t\t\t\t<h2 class=\"su-post-title\"><a href=\"https:\/\/toulouse-sgencfdt.fr\/WORDPRESS_ITRF\/2020\/04\/07\/contact\/\">Contact<\/a><\/h2>\n\n\t\t\t\t<div class=\"su-post-meta\">\n\t\t\t\t\tPubli\u00e9: 7 avril 2020\t\t\t\t<\/div>\n\n\t\t\t\t<div class=\"su-post-excerpt\">\n\t\t\t\t\t<p>Retrouvez les infos du Sgen-CFDT Midi Pyr\u00e9n\u00e9es en suivant le lien\u21d2 Vous pouvez \u00e9galement nous contacter \u00e0 l&#8217;adresse: toulouse@sgen.cfdt.fr Bon \u00e0 savoir : \ud83d\udc4dBesoin d&#8217;accompagnement pour vos demandes de mutation, vos promotions ou pour toute autre question sur vos carri\u00e8res ou m\u00e9tiers ? Un mail \u00e0 : groupe-administratifs@sgen-cfdt-midipy.fr et une \u00e9quipe de militantes et militants &hellip; <a href=\"https:\/\/toulouse-sgencfdt.fr\/WORDPRESS_ITRF\/2020\/04\/07\/contact\/\" class=\"more-link\">Continuer la lecture de <span class=\"screen-reader-text\">Contact<\/span>  <span class=\"meta-nav\">&rarr;<\/span><\/a><\/p>\n\t\t\t\t<\/div>\n\n\t\t\t\t\t\t\t\t\t<a href=\"https:\/\/toulouse-sgencfdt.fr\/WORDPRESS_ITRF\/2020\/04\/07\/contact\/#comments\" class=\"su-post-comments-link\">7 comments<\/a>\n\t\t\t\t\n\t\t\t<\/div>\n\n\t\t\n\t\n<\/div>\n\n<p>&nbsp;<\/p>\n<h2><span style=\"font-size: 12pt; font-family: arial, helvetica, sans-serif;\"><span style=\"font-family: arial, helvetica, sans-serif;\"><span style=\"color: #ff00ff;\">\ud83d\udc4d<span style=\"color: #003300;\"><strong>Besoin d&#8217;accompagnement<\/strong> pour vos demandes de mutation, vos promotions ou pour toute autre question sur vos carri\u00e8res ou m\u00e9tiers? Un mail \u00e0 : <\/span><\/span><span style=\"color: #003300;\"><a style=\"color: #003300;\" href=\"mailto:groupe-administratifs@sgen-cfdt-midipy.fr\">groupe-administratifs@sgen-cfdt-midipy.fr<\/a> <\/span><span style=\"color: #ff00ff;\"><span style=\"color: #008000;\"><span style=\"color: #003300;\">et une \u00e9quipe de militantes et militants vous r\u00e9pondra au plus vite.<\/span><\/span><\/span><\/span><\/span><\/h2>\n","protected":false},"excerpt":{"rendered":"<p>Contact &#8211; Adh\u00e9sion &nbsp; \u00a0Bon \u00e0 savoir :\u00a0 \ud83d\udc4dBesoin d\u2019accompagnement pour vos demandes de mutation, vos promotions ou pour toute autre question sur vos carri\u00e8res ou m\u00e9tiers? Un mail \u00e0 : groupe-administratifs@sgen-cfdt-midipy.fr et une \u00e9quipe de militantes et militants vous r\u00e9pondra au plus vite. &nbsp; \ud83d\udc4dBesoin d&#8217;accompagnement pour vos demandes de mutation, vos promotions ou &hellip; <a href=\"https:\/\/toulouse-sgencfdt.fr\/WORDPRESS_ITRF\/2020\/04\/07\/contact\/\" class=\"more-link\">Continuer la lecture de <span class=\"screen-reader-text\">Contact<\/span>  <span class=\"meta-nav\">&rarr;<\/span><\/a><\/p>\n","protected":false},"author":11,"featured_media":0,"parent":0,"menu_order":0,"comment_status":"closed","ping_status":"closed","template":"","meta":{"footnotes":""},"class_list":["post-115","page","type-page","status-publish","hentry"],"_links":{"self":[{"href":"https:\/\/toulouse-sgencfdt.fr\/WORDPRESS_ITRF\/wp-json\/wp\/v2\/pages\/115","targetHints":{"allow":["GET"]}}],"collection":[{"href":"https:\/\/toulouse-sgencfdt.fr\/WORDPRESS_ITRF\/wp-json\/wp\/v2\/pages"}],"about":[{"href":"https:\/\/toulouse-sgencfdt.fr\/WORDPRESS_ITRF\/wp-json\/wp\/v2\/types\/page"}],"author":[{"embeddable":true,"href":"https:\/\/toulouse-sgencfdt.fr\/WORDPRESS_ITRF\/wp-json\/wp\/v2\/users\/11"}],"replies":[{"embeddable":true,"href":"https:\/\/toulouse-sgencfdt.fr\/WORDPRESS_ITRF\/wp-json\/wp\/v2\/comments?post=115"}],"version-history":[{"count":10,"href":"https:\/\/toulouse-sgencfdt.fr\/WORDPRESS_ITRF\/wp-json\/wp\/v2\/pages\/115\/revisions"}],"predecessor-version":[{"id":5904,"href":"https:\/\/toulouse-sgencfdt.fr\/WORDPRESS_ITRF\/wp-json\/wp\/v2\/pages\/115\/revisions\/5904"}],"wp:attachment":[{"href":"https:\/\/toulouse-sgencfdt.fr\/WORDPRESS_ITRF\/wp-json\/wp\/v2\/media?parent=115"}],"curies":[{"name":"wp","href":"https:\/\/api.w.org\/{rel}","templated":true}]}}