{"id":117,"date":"2020-04-07T10:48:01","date_gmt":"2020-04-07T08:48:01","guid":{"rendered":"http:\/\/toulouse-sgencfdt.fr\/WORDPRESS_ITRF\/?page_id=117"},"modified":"2023-03-10T18:39:08","modified_gmt":"2023-03-10T17:39:08","slug":"les-reconversions","status":"publish","type":"page","link":"https:\/\/toulouse-sgencfdt.fr\/WORDPRESS_ITRF\/les-reconversions\/","title":{"rendered":"Les reconversions"},"content":{"rendered":"<h1 style=\"text-align: center;\"><span style=\"font-family: arial, helvetica, sans-serif; color: #800000;\">VAE<\/span><\/h1>\n<h2 style=\"text-align: center;\"><span style=\"font-family: arial, helvetica, sans-serif;\">Cong\u00e9 de formation &#8211; <\/span><span style=\"font-family: arial, helvetica, sans-serif;\">bilan de comp\u00e9tences<\/span><\/h2>\n<p>&nbsp;<\/p>\n<h5>Les infos pour DEVENIR-ACTEUR-DE-VOTRE-AVENIR-PROFESSIONNEL dans <a href=\"https:\/\/toulouse-sgencfdt.fr\/WORDPRESS_ITRF\/2023\/03\/10\/devenez-acteur-de-votre-avenir-professionnel\/\">l&#8217;article suivant<\/a> une fois que vous \u00eates connect\u00e9 \u00e0 votre session<\/h5>\n\n\n<div class=\"su-posts su-posts-default-loop \">\n\n\t\n\t\t\t\t\t\n\t\t\t\n\t\t\t<div id=\"su-post-5937\" class=\"su-post \">\n\n\t\t\t\t\n\t\t\t\t<h2 class=\"su-post-title\"><a href=\"https:\/\/toulouse-sgencfdt.fr\/WORDPRESS_ITRF\/2025\/12\/19\/resultats-ta-des-itrf-2025\/\">r\u00e9sultats TA des ITRF 2025<\/a><\/h2>\n\n\t\t\t\t<div class=\"su-post-meta\">\n\t\t\t\t\tPubli\u00e9: 19 d\u00e9cembre 2025\t\t\t\t<\/div>\n\n\t\t\t\t<div class=\"su-post-excerpt\">\n\t\t\t\t\t<p>LEs r\u00e9sultats ont enfin \u00e9t\u00e9 publi\u00e9s&#8230; &nbsp; Vous les trouverez sur le site du minist\u00e8re:\u00a0https:\/\/www.enseignementsup-recherche.gouv.fr\/fr\/promotions-mutations-itrf-46463 &nbsp; Et dans les documents ci-dessous: &nbsp; FELICITATIONS \u00e0 tous les promus. Pour les autres ne l\u00e2chez rien! et si vous avez besoin d &#8216;aide, n&#8217;h\u00e9sitez pas \u00e0 \u00e9crire \u00e0 gservy@efrp.cfdt.fr<\/p>\n\t\t\t\t<\/div>\n\n\t\t\t\t\n\t\t\t<\/div>\n\n\t\t\t\t\t\n\t\t\t\n\t\t\t<div id=\"su-post-5926\" class=\"su-post \">\n\n\t\t\t\t\n\t\t\t\t<h2 class=\"su-post-title\"><a href=\"https:\/\/toulouse-sgencfdt.fr\/WORDPRESS_ITRF\/2025\/12\/16\/la-des-itrf-2026\/\">LA des ITRF 2026<\/a><\/h2>\n\n\t\t\t\t<div class=\"su-post-meta\">\n\t\t\t\t\tPubli\u00e9: 16 d\u00e9cembre 2025\t\t\t\t<\/div>\n\n\t\t\t\t<div class=\"su-post-excerpt\">\n\t\t\t\t\t<p>Nous venons de recevoir la circulaire de promotions par listes d&#8217;aptitude&#8230; Vous trouverez ci-joint la circulaire et ses annexes concernant la constitution des dossiers de liste d\u2019aptitude pour l&#8217;acc\u00e8s aux corps des TECH, ASI, IGE et IGR pour l&#8217;ann\u00e9e 2026. Les agents promouvables seront inform\u00e9s individuellement. Date limite de retour \u00e0 la DPATE 2 et &hellip; <a href=\"https:\/\/toulouse-sgencfdt.fr\/WORDPRESS_ITRF\/2025\/12\/16\/la-des-itrf-2026\/\" class=\"more-link\">Continuer la lecture de <span class=\"screen-reader-text\">LA des ITRF 2026<\/span>  <span class=\"meta-nav\">&rarr;<\/span><\/a><\/p>\n\t\t\t\t<\/div>\n\n\t\t\t\t\n\t\t\t<\/div>\n\n\t\t\t\t\t\n\t\t\t\n\t\t\t<div id=\"su-post-5693\" class=\"su-post \">\n\n\t\t\t\t\n\t\t\t\t<h2 class=\"su-post-title\"><a href=\"https:\/\/toulouse-sgencfdt.fr\/WORDPRESS_ITRF\/2024\/07\/06\/resultats-concours-itrf-toulouse-2024\/\">R\u00e9sultats concours ITRF Toulouse 2024<\/a><\/h2>\n\n\t\t\t\t<div class=\"su-post-meta\">\n\t\t\t\t\tPubli\u00e9: 6 juillet 2024\t\t\t\t<\/div>\n\n\t\t\t\t<div class=\"su-post-excerpt\">\n\t\t\t\t\t<p>Bonjour \u00e0 tous &nbsp; Comme chaque ann\u00e9e je vous propose de regrouper les r\u00e9sultats des concours ITRF de l&#8217;acad\u00e9mie de Toulouse&#8230; Si besoin, les r\u00e9sultats du national sont \u00e0 retrouver sur la page WebITRF&#8230; &nbsp; Il manque beaucoup de r\u00e9sultats des cat\u00e9gories A, je mettrai cette liste \u00e0 jour quand ils seront publi\u00e9s&#8230; F\u00e9licitations \u00e0 &hellip; <a href=\"https:\/\/toulouse-sgencfdt.fr\/WORDPRESS_ITRF\/2024\/07\/06\/resultats-concours-itrf-toulouse-2024\/\" class=\"more-link\">Continuer la lecture de <span class=\"screen-reader-text\">R\u00e9sultats concours ITRF Toulouse 2024<\/span>  <span class=\"meta-nav\">&rarr;<\/span><\/a><\/p>\n\t\t\t\t<\/div>\n\n\t\t\t\t\n\t\t\t<\/div>\n\n\t\t\t\t\t\n\t\t\t\n\t\t\t<div id=\"su-post-5672\" class=\"su-post \">\n\n\t\t\t\t\n\t\t\t\t<h2 class=\"su-post-title\"><a href=\"https:\/\/toulouse-sgencfdt.fr\/WORDPRESS_ITRF\/2024\/06\/10\/recrutement\/\">Recrutement<\/a><\/h2>\n\n\t\t\t\t<div class=\"su-post-meta\">\n\t\t\t\t\tPubli\u00e9: 10 juin 2024\t\t\t\t<\/div>\n\n\t\t\t\t<div class=\"su-post-excerpt\">\n\t\t\t\t\t<p>Vous souhaitez postuler \u00e0 un poste dans l \u00e9ducation nationale pour l&#8217;acad\u00e9mie de Toulouse,\u00a0 voici le lien o\u00f9 vous trouverez les annonces&#8230; Bon recrutement &nbsp; https:\/\/recrutement.education.gouv.fr\/recrutement\/offres?Academie__c=16<\/p>\n\t\t\t\t<\/div>\n\n\t\t\t\t\n\t\t\t<\/div>\n\n\t\t\t\t\t\n\t\t\t\n\t\t\t<div id=\"su-post-5640\" class=\"su-post \">\n\n\t\t\t\t\n\t\t\t\t<h2 class=\"su-post-title\"><a href=\"https:\/\/toulouse-sgencfdt.fr\/WORDPRESS_ITRF\/2024\/04\/02\/concours-itrf-session-2024\/\">Concours ITRF session 2024<\/a><\/h2>\n\n\t\t\t\t<div class=\"su-post-meta\">\n\t\t\t\t\tPubli\u00e9: 2 avril 2024\t\t\t\t<\/div>\n\n\t\t\t\t<div class=\"su-post-excerpt\">\n\t\t\t\t\t<p>Je vous informe de l&#8217;ouverture, au titre de la session 2024, du registre des inscriptions aux concours et recrutements des ing\u00e9nieurs et des personnels techniques de recherche et de formation (ITRF) suivants: l&#8217;ensemble des concours externes et internes les examens professionnels d&#8217;avancement de grade nationaux (IGR hors classe, technicien de classe sup\u00e9rieure et technicien de &hellip; <a href=\"https:\/\/toulouse-sgencfdt.fr\/WORDPRESS_ITRF\/2024\/04\/02\/concours-itrf-session-2024\/\" class=\"more-link\">Continuer la lecture de <span class=\"screen-reader-text\">Concours ITRF session 2024<\/span>  <span class=\"meta-nav\">&rarr;<\/span><\/a><\/p>\n\t\t\t\t<\/div>\n\n\t\t\t\t\n\t\t\t<\/div>\n\n\t\t\t\t\t\n\t\t\t\n\t\t\t<div id=\"su-post-5613\" class=\"su-post \">\n\n\t\t\t\t\n\t\t\t\t<h2 class=\"su-post-title\"><a href=\"https:\/\/toulouse-sgencfdt.fr\/WORDPRESS_ITRF\/2024\/02\/28\/mutation-intra-academique-2024\/\">Mutation intra acad\u00e9mique 2024<\/a><\/h2>\n\n\t\t\t\t<div class=\"su-post-meta\">\n\t\t\t\t\tPubli\u00e9: 28 f\u00e9vrier 2024\t\t\t\t<\/div>\n\n\t\t\t\t<div class=\"su-post-excerpt\">\n\t\t\t\t\t<p>Bonjour \u00e0 tous Nous avons re\u00e7u la circulaire et la proc\u00e9dure pour les mutations intra acad\u00e9mique 2024. Je vous laisse le soin de lire la circulaire en faisant attention aux dates! Ces \u00e9l\u00e9ments sont accessibles sur l\u2019espace \u00ab\u00a0professionnels\u00a0\u00bb\u00a0du site\u00a0www.ac-toulouse.fr\u00a0espace \u00ab\u00a0ressources humaines\/Formations\/concours\u00bb \/ \u00ab\u00a0carri\u00e8res \u00bb \/ \u00ab\u00a0mutations\/mouvements\u00bb\u00a0 \/ \u00ab\u00a0mutation personnels administratifs, techniques\u00a0, sociaux et de sant\u00e9 &hellip; <a href=\"https:\/\/toulouse-sgencfdt.fr\/WORDPRESS_ITRF\/2024\/02\/28\/mutation-intra-academique-2024\/\" class=\"more-link\">Continuer la lecture de <span class=\"screen-reader-text\">Mutation intra acad\u00e9mique 2024<\/span>  <span class=\"meta-nav\">&rarr;<\/span><\/a><\/p>\n\t\t\t\t<\/div>\n\n\t\t\t\t\n\t\t\t<\/div>\n\n\t\t\t\t\t\n\t\t\t\n\t\t\t<div id=\"su-post-5583\" class=\"su-post \">\n\n\t\t\t\t\n\t\t\t\t<h2 class=\"su-post-title\"><a href=\"https:\/\/toulouse-sgencfdt.fr\/WORDPRESS_ITRF\/2024\/02\/14\/concours-administratifs-2024\/\">Concours administratifs 2024<\/a><\/h2>\n\n\t\t\t\t<div class=\"su-post-meta\">\n\t\t\t\t\tPubli\u00e9: 14 f\u00e9vrier 2024\t\t\t\t<\/div>\n\n\t\t\t\t<div class=\"su-post-excerpt\">\n\t\t\t\t\t<p>Les concours administratifs sont ouverts depuis le 14 f\u00e9vrier 2024. &nbsp; Rdv sur Cyclades&#8230; https:\/\/cyclades.education.gouv.fr\/cyccandidat\/portal\/consulter_service_inscription\/__pmall_edit\/__rpall_sousactivite\/SEE0x1SVE0x1INS?OngletID=1707943229277 &nbsp; Session 2024 Concours et recrutements acad\u00e9miques de personnels administratifs, sociaux et de sant\u00e9 (adjoint administratif, secr\u00e9taire administratif, infirmier de l\u2019\u00e9ducation nationale, assistant de service social). &nbsp; &nbsp; Les inscriptions seront enregistr\u00e9es au cours d\u2019une phase unique d\u2019inscription et de &hellip; <a href=\"https:\/\/toulouse-sgencfdt.fr\/WORDPRESS_ITRF\/2024\/02\/14\/concours-administratifs-2024\/\" class=\"more-link\">Continuer la lecture de <span class=\"screen-reader-text\">Concours administratifs 2024<\/span>  <span class=\"meta-nav\">&rarr;<\/span><\/a><\/p>\n\t\t\t\t<\/div>\n\n\t\t\t\t\n\t\t\t<\/div>\n\n\t\t\t\t\t\n\t\t\t\n\t\t\t<div id=\"su-post-5566\" class=\"su-post \">\n\n\t\t\t\t\n\t\t\t\t<h2 class=\"su-post-title\"><a href=\"https:\/\/toulouse-sgencfdt.fr\/WORDPRESS_ITRF\/2024\/01\/30\/conge-proche-aidant\/\">Cong\u00e9 proche aidant<\/a><\/h2>\n\n\t\t\t\t<div class=\"su-post-meta\">\n\t\t\t\t\tPubli\u00e9: 30 janvier 2024\t\t\t\t<\/div>\n\n\t\t\t\t<div class=\"su-post-excerpt\">\n\t\t\t\t\t<p>Les infos dans l&#8217;article: https:\/\/sgenplus.cfdt.fr\/article\/conge-de-proche-aidant\/<\/p>\n\t\t\t\t<\/div>\n\n\t\t\t\t\n\t\t\t<\/div>\n\n\t\t\t\t\t\n\t\t\t\n\t\t\t<div id=\"su-post-5559\" class=\"su-post \">\n\n\t\t\t\t\n\t\t\t\t<h2 class=\"su-post-title\"><a href=\"https:\/\/toulouse-sgencfdt.fr\/WORDPRESS_ITRF\/2024\/01\/23\/promo-itrf-2024-le-calendrier\/\">Promo ITRF 2024: le calendrier<\/a><\/h2>\n\n\t\t\t\t<div class=\"su-post-meta\">\n\t\t\t\t\tPubli\u00e9: 23 janvier 2024\t\t\t\t<\/div>\n\n\t\t\t\t<div class=\"su-post-excerpt\">\n\t\t\t\t\t<p>Toutes les infos dans l&#8217;article suivant: https:\/\/sgenplus.cfdt.fr\/article\/calendrier-promotion-itrf\/ &nbsp; \u00e0 retenir:<\/p>\n\t\t\t\t<\/div>\n\n\t\t\t\t\n\t\t\t<\/div>\n\n\t\t\t\t\t\n\t\t\t\n\t\t\t<div id=\"su-post-5548\" class=\"su-post \">\n\n\t\t\t\t\n\t\t\t\t<h2 class=\"su-post-title\"><a href=\"https:\/\/toulouse-sgencfdt.fr\/WORDPRESS_ITRF\/2024\/01\/17\/circulaire-demandes-de-mise-en-disponibilite-2024-2025\/\">Circulaire demandes de mise en disponibilit\u00e9 2024-2025<\/a><\/h2>\n\n\t\t\t\t<div class=\"su-post-meta\">\n\t\t\t\t\tPubli\u00e9: 17 janvier 2024\t\t\t\t<\/div>\n\n\t\t\t\t<div class=\"su-post-excerpt\">\n\t\t\t\t\t<p>&nbsp; https:\/\/toulouse-sgencfdt.fr\/WORDPRESS_ITRF\/wp-content\/uploads\/2024\/01\/Circulaire-demandes-de-mise-en-disponibilte-2024-2025.pdf<\/p>\n\t\t\t\t<\/div>\n\n\t\t\t\t\n\t\t\t<\/div>\n\n\t\t\n\t\n<\/div>\n\n<p>&nbsp;<\/p>\n","protected":false},"excerpt":{"rendered":"<p>VAE Cong\u00e9 de formation &#8211; bilan de comp\u00e9tences &nbsp; Les infos pour DEVENIR-ACTEUR-DE-VOTRE-AVENIR-PROFESSIONNEL dans l&#8217;article suivant une fois que vous \u00eates connect\u00e9 \u00e0 votre session &nbsp;<\/p>\n","protected":false},"author":1,"featured_media":0,"parent":0,"menu_order":0,"comment_status":"closed","ping_status":"closed","template":"","meta":{"footnotes":""},"class_list":["post-117","page","type-page","status-publish","hentry"],"_links":{"self":[{"href":"https:\/\/toulouse-sgencfdt.fr\/WORDPRESS_ITRF\/wp-json\/wp\/v2\/pages\/117","targetHints":{"allow":["GET"]}}],"collection":[{"href":"https:\/\/toulouse-sgencfdt.fr\/WORDPRESS_ITRF\/wp-json\/wp\/v2\/pages"}],"about":[{"href":"https:\/\/toulouse-sgencfdt.fr\/WORDPRESS_ITRF\/wp-json\/wp\/v2\/types\/page"}],"author":[{"embeddable":true,"href":"https:\/\/toulouse-sgencfdt.fr\/WORDPRESS_ITRF\/wp-json\/wp\/v2\/users\/1"}],"replies":[{"embeddable":true,"href":"https:\/\/toulouse-sgencfdt.fr\/WORDPRESS_ITRF\/wp-json\/wp\/v2\/comments?post=117"}],"version-history":[{"count":11,"href":"https:\/\/toulouse-sgencfdt.fr\/WORDPRESS_ITRF\/wp-json\/wp\/v2\/pages\/117\/revisions"}],"predecessor-version":[{"id":5055,"href":"https:\/\/toulouse-sgencfdt.fr\/WORDPRESS_ITRF\/wp-json\/wp\/v2\/pages\/117\/revisions\/5055"}],"wp:attachment":[{"href":"https:\/\/toulouse-sgencfdt.fr\/WORDPRESS_ITRF\/wp-json\/wp\/v2\/media?parent=117"}],"curies":[{"name":"wp","href":"https:\/\/api.w.org\/{rel}","templated":true}]}}