{"id":127,"date":"2020-04-07T10:51:20","date_gmt":"2020-04-07T08:51:20","guid":{"rendered":"http:\/\/toulouse-sgencfdt.fr\/WORDPRESS_ITRF\/?page_id=127"},"modified":"2022-12-03T11:12:32","modified_gmt":"2022-12-03T10:12:32","slug":"secu-labo","status":"publish","type":"page","link":"https:\/\/toulouse-sgencfdt.fr\/WORDPRESS_ITRF\/secu-labo\/","title":{"rendered":"S\u00e9curit\u00e9 au labo"},"content":{"rendered":"<h1 align=\"justify\"><a href=\"http:\/\/toulouse-sgencfdt.fr\/WORDPRESS_ITRF\/generalites\/\">G\u00e9n\u00e9ralit\u00e9s<\/a><\/h1>\n<p><span style=\"font-size: medium;\">Vous trouverez sur cette page des articles indiquant des <a href=\"http:\/\/toulouse-sgencfdt.fr\/WORDPRESS_ITRF\/generalites\/\">g\u00e9n\u00e9ralit\u00e9s<\/a> dans les laboratoires comme les principales r\u00e8gles de s\u00e9curit\u00e9, en chimie et en physique, des documents essentiels dans les laboratoires comme le DUER, l&#8217;inventaire&#8230;<\/span><\/p>\n<h1><a href=\"http:\/\/toulouse-sgencfdt.fr\/WORDPRESS_ITRF\/tp-et-calculs\/\">TP et CALCULS<\/a><\/h1>\n<p>Vous avez des questions sur les TP \u00e0 pr\u00e9parer, besoin d&#8217;aide pour les calculs dans les pr\u00e9parations de vos solutions, vous trouverez tout ce dont vous avez besoin dans cette rubrique.<\/p>\n<p>&nbsp;<\/p>\n<h1><a href=\"http:\/\/toulouse-sgencfdt.fr\/WORDPRESS_ITRF\/les-liens-utiles\/\">LIENS<\/a><\/h1>\n<p>Dans cet article, les liens concernant les sites officiels concernant les r\u00e8gles de s\u00e9curit\u00e9, les derni\u00e8res consignes en vigueur&#8230;<\/p>\n<p>&nbsp;<\/p>\n<p>&nbsp;<\/p>\n<h1>Retrouvez les calculs courants au labo de chimie <a href=\"https:\/\/toulouse-sgencfdt.fr\/WORDPRESS_ITRF\/2020\/05\/05\/calculs-courants-au-labo\/\">dans l&#8217;article suivant \u21d2<\/a><\/h1>\n<p>&nbsp;<\/p>\n<h1>Retrouvez les dosages courants au labo de chimie <a href=\"https:\/\/toulouse-sgencfdt.fr\/WORDPRESS_ITRF\/2020\/06\/03\/dosages-courants\/\">dans l&#8217;article suivant \u21d2<\/a><\/h1>\n<p>&nbsp;<\/p>\n<h3>Le tableau p\u00e9riodique des \u00e9l\u00e9ments:\u00a0<a href=\"https:\/\/sagascience.com\/mendeleiev\/\">https:\/\/sagascience.com\/mendeleiev\/<\/a><\/h3>\n<p>&nbsp;<\/p>\n<p>En attendant les f\u00eates de fin d&#8217;ann\u00e9e, j&#8217;am\u00e9liore la d\u00e9co de mon labo:<\/p>\n<p><img loading=\"lazy\" decoding=\"async\" class=\"size-full wp-image-4814 aligncenter\" src=\"https:\/\/toulouse-sgencfdt.fr\/WORDPRESS_ITRF\/wp-content\/uploads\/2022\/12\/IMG_20221128_182200-scaled.jpg\" alt=\"\" width=\"1920\" height=\"2560\" srcset=\"https:\/\/toulouse-sgencfdt.fr\/WORDPRESS_ITRF\/wp-content\/uploads\/2022\/12\/IMG_20221128_182200-scaled.jpg 1920w, https:\/\/toulouse-sgencfdt.fr\/WORDPRESS_ITRF\/wp-content\/uploads\/2022\/12\/IMG_20221128_182200-225x300.jpg 225w, https:\/\/toulouse-sgencfdt.fr\/WORDPRESS_ITRF\/wp-content\/uploads\/2022\/12\/IMG_20221128_182200-768x1024.jpg 768w, https:\/\/toulouse-sgencfdt.fr\/WORDPRESS_ITRF\/wp-content\/uploads\/2022\/12\/IMG_20221128_182200-1152x1536.jpg 1152w, https:\/\/toulouse-sgencfdt.fr\/WORDPRESS_ITRF\/wp-content\/uploads\/2022\/12\/IMG_20221128_182200-1536x2048.jpg 1536w\" sizes=\"auto, (max-width: 1920px) 100vw, 1920px\" \/><\/p>\n","protected":false},"excerpt":{"rendered":"<p>G\u00e9n\u00e9ralit\u00e9s Vous trouverez sur cette page des articles indiquant des g\u00e9n\u00e9ralit\u00e9s dans les laboratoires comme les principales r\u00e8gles de s\u00e9curit\u00e9, en chimie et en physique, des documents essentiels dans les laboratoires comme le DUER, l&#8217;inventaire&#8230; TP et CALCULS Vous avez des questions sur les TP \u00e0 pr\u00e9parer, besoin d&#8217;aide pour les calculs dans les pr\u00e9parations &hellip; <a href=\"https:\/\/toulouse-sgencfdt.fr\/WORDPRESS_ITRF\/secu-labo\/\" class=\"more-link\">Continuer la lecture de <span class=\"screen-reader-text\">S\u00e9curit\u00e9 au labo<\/span>  <span class=\"meta-nav\">&rarr;<\/span><\/a><\/p>\n","protected":false},"author":11,"featured_media":0,"parent":0,"menu_order":0,"comment_status":"closed","ping_status":"closed","template":"","meta":{"footnotes":""},"class_list":["post-127","page","type-page","status-publish","hentry"],"_links":{"self":[{"href":"https:\/\/toulouse-sgencfdt.fr\/WORDPRESS_ITRF\/wp-json\/wp\/v2\/pages\/127","targetHints":{"allow":["GET"]}}],"collection":[{"href":"https:\/\/toulouse-sgencfdt.fr\/WORDPRESS_ITRF\/wp-json\/wp\/v2\/pages"}],"about":[{"href":"https:\/\/toulouse-sgencfdt.fr\/WORDPRESS_ITRF\/wp-json\/wp\/v2\/types\/page"}],"author":[{"embeddable":true,"href":"https:\/\/toulouse-sgencfdt.fr\/WORDPRESS_ITRF\/wp-json\/wp\/v2\/users\/11"}],"replies":[{"embeddable":true,"href":"https:\/\/toulouse-sgencfdt.fr\/WORDPRESS_ITRF\/wp-json\/wp\/v2\/comments?post=127"}],"version-history":[{"count":19,"href":"https:\/\/toulouse-sgencfdt.fr\/WORDPRESS_ITRF\/wp-json\/wp\/v2\/pages\/127\/revisions"}],"predecessor-version":[{"id":4816,"href":"https:\/\/toulouse-sgencfdt.fr\/WORDPRESS_ITRF\/wp-json\/wp\/v2\/pages\/127\/revisions\/4816"}],"wp:attachment":[{"href":"https:\/\/toulouse-sgencfdt.fr\/WORDPRESS_ITRF\/wp-json\/wp\/v2\/media?parent=127"}],"curies":[{"name":"wp","href":"https:\/\/api.w.org\/{rel}","templated":true}]}}