{"id":1571,"date":"2020-12-08T11:27:58","date_gmt":"2020-12-08T10:27:58","guid":{"rendered":"http:\/\/toulouse-sgencfdt.fr\/WORDPRESS_ITRF\/?page_id=1571"},"modified":"2026-03-06T17:36:13","modified_gmt":"2026-03-06T16:36:13","slug":"infocad","status":"publish","type":"page","link":"https:\/\/toulouse-sgencfdt.fr\/WORDPRESS_ITRF\/infocad\/","title":{"rendered":"Info@cad"},"content":{"rendered":"<p>Vous pouvez retrouver sur cette page, les liens vers toutes les info@cad de l&#8217;acad\u00e9mie de Toulouse&#8230;<\/p>\n<p>&nbsp;<\/p>\n<h2>Le num\u00e9ro de mars 2026 est \u00e0 <a href=\"https:\/\/toulouse-sgencfdt.fr\/WORDPRESS_ITRF\/wp-content\/uploads\/2026\/03\/info@cad-mars26.pdf\">retrouver ici<\/a><\/h2>\n<ul>\n<li>\n<h3>la newsletter de janvier 2026 <a href=\"https:\/\/toulouse-sgencfdt.fr\/WORDPRESS_ITRF\/wp-content\/uploads\/2026\/01\/info@cad-janv-26.pdf\">se trouve ici<\/a><\/h3>\n<\/li>\n<li>\n<h3>L&#8217;actu d&#8217;octobre 2025 est \u00e0 <a href=\"https:\/\/toulouse-sgencfdt.fr\/WORDPRESS_ITRF\/wp-content\/uploads\/2025\/10\/info-acad-oct-25.pdf\">retrouver ici<\/a><\/h3>\n<\/li>\n<\/ul>\n<h2>&#8211; le num\u00e9ro de mars 2025 se <a href=\"https:\/\/toulouse-sgencfdt.fr\/WORDPRESS_ITRF\/wp-content\/uploads\/2025\/03\/info@cad-mars2025.pdf\">trouve ici<\/a><\/h2>\n<h2><\/h2>\n<h2>&#8211; le num\u00e9ro de janvier 2025 est \u00e0 retrouver dans <a href=\"https:\/\/midipyrenees.sgen-cfdt.fr\/actu\/sgen-cfdt-personnels-administratifs-academie-de-toulouse-janvier-2025\/\">ce lien<\/a><\/h2>\n<h2>&#8211; le num\u00e9ro de la rentr\u00e9e 2024 est<a href=\"https:\/\/toulouse-sgencfdt.fr\/WORDPRESS_ITRF\/wp-content\/uploads\/2024\/09\/info@cad-rentree-2024-1.pdf\"> \u00e0 retrouver ici<\/a><\/h2>\n<h3>&#8211; le num\u00e9ro de l&#8217;info@cad de mars 2024 est \u00e0 retrouver dans le <a href=\"https:\/\/toulouse-sgencfdt.fr\/WORDPRESS_ITRF\/wp-content\/uploads\/2024\/03\/info@cad-mars-2024.pdf\">lien suivant<\/a><\/h3>\n<h3>&#8211; le num\u00e9ro de janvier 2024 dans le <a href=\"https:\/\/toulouse-sgencfdt.fr\/WORDPRESS_ITRF\/2024\/01\/14\/infocad-janvier-2024\/\">lien suivant \u2003<\/a><\/h3>\n<h3>&#8211; le num\u00e9ro de l&#8217;info@cad de la rentr\u00e9e 2023-2024 est \u00e0 retrouver <a href=\"https:\/\/toulouse-sgencfdt.fr\/WORDPRESS_ITRF\/wp-content\/uploads\/2024\/01\/InfoAcad_Toulouse_SgenCFDT_Septembre_2023.pdf\">dans le lien suivant<\/a><\/h3>\n<p>&nbsp;<\/p>\n<p>&nbsp;<\/p>\n<h1><span style=\"color: #ff0000;\">Archives:<\/span><\/h1>\n<p>&nbsp;<\/p>\n<ul>\n<li>\n<h3>Retrouvez l\u2019info@cad de mars 2020 en suivant\u00a0<a href=\"https:\/\/midipyrenees.sgen-cfdt.fr\/actu\/infoscad-mp-linformation-des-personnels-non-enseignants-5\/\">le lien \u21d2<\/a><\/h3>\n<\/li>\n<li>\n<h3>Retrouvez l\u2019info@cad de mai 2020 en suivant\u00a0<a href=\"https:\/\/sgen-cfdt.fr\/contenu\/uploads\/sites\/13\/2020\/05\/IndoacadMP_11_mai_2020.pdf\">le lien \u21d2<\/a><\/h3>\n<\/li>\n<li>\n<h3>Retrouvez l\u2019info@cad de juin 2020 en suivant\u00a0<a href=\"https:\/\/sgen-cfdt.fr\/contenu\/uploads\/sites\/13\/2020\/06\/infoacadMP_24_juin_2020.pdf\">le lien \u21d2<\/a><\/h3>\n<\/li>\n<li>\n<h3>Retrouvez l\u2019info@cad de la rentr\u00e9e 2020 en suivant<a href=\"https:\/\/sgen-cfdt.fr\/contenu\/uploads\/sites\/13\/2020\/08\/InfoacadMP_01_09_2020.pdf\">\u00a0le lien \u21d2<\/a><\/h3>\n<\/li>\n<li>\n<h3>Retrouvez l\u2019info@cad d\u2019octobre 2020 en suivant\u00a0<a href=\"https:\/\/midipyrenees.sgen-cfdt.fr\/actu\/infoscad-mp-information-des-personnels-non-enseignants-sgen-cfdt-midi-pyrenees\/\">le lien \u21d2<\/a><\/h3>\n<\/li>\n<li>\n<h3>Retrouvez l\u2019info@cad de novembre 2020 en suivant\u00a0<a href=\"https:\/\/sgen-cfdt.fr\/contenu\/uploads\/sites\/13\/2020\/11\/info@cadMP_18_novembre_2020.pdf\">le lien \u21d2<\/a><\/h3>\n<\/li>\n<li>\n<h3>Retrouvez l\u2019info@cad de Janvier 2021 en suivant <a href=\"https:\/\/sgen-cfdt.fr\/contenu\/uploads\/sites\/13\/2021\/01\/envoi-du-14-janvier-2021.pdf\">le lien \u21d2<\/a><\/h3>\n<\/li>\n<li>\n<h3>Retrouvez l\u2019info@cad de F\u00e9vrier 2021 en suivant <a href=\"https:\/\/sgen-cfdt.fr\/contenu\/uploads\/sites\/13\/2021\/02\/InfoacadMP_12_fevrier_2021.pdf\">le lien \u21d2<\/a><\/h3>\n<\/li>\n<li>\n<h3>Retrouvez l&#8217;info@cad de mars 2021 en suivant <a href=\"https:\/\/sgen-cfdt.fr\/contenu\/uploads\/sites\/13\/2021\/03\/infoacadMP_sgen_midi_pyrenees_mars_2021.pdf\">le lien \u21d2<\/a><\/h3>\n<\/li>\n<li>\n<h2>Retrouvez l&#8217;info@acad d&#8217;avril 2021 en suivant<a href=\"https:\/\/sgen-cfdt.fr\/contenu\/uploads\/sites\/13\/2021\/04\/Info@cadMP_29_avril_2021.pdf\"> le lien \u21d2<\/a><\/h2>\n<\/li>\n<li>\n<h2>Retrouvez l&#8217;info@acad de Juin 2021 en suivant <a href=\"https:\/\/sgen-cfdt.fr\/contenu\/uploads\/sites\/13\/2021\/06\/InfoacadMP_-31_mai_2021.pdf\">le lien \u21d2<\/a><\/h2>\n<\/li>\n<li>\n<h2>Retrouvez l&#8217;info@cad de Juillet 2021 en suivant <a href=\"https:\/\/sgen-cfdt.fr\/contenu\/uploads\/sites\/13\/2021\/06\/InfoacadMP_Juillet_2021_sgen_Midi_Py.pdf\">le lien \u21d2<\/a><\/h2>\n<\/li>\n<li>\n<h3>Retrouvez l&#8217;info@cad de la rentr\u00e9e 2021-2022 en suivant l<a href=\"https:\/\/sgen-cfdt.fr\/contenu\/uploads\/sites\/13\/2021\/08\/Info@acadMP_29_aout_2021.pdf\">e lien \u21d2<\/a><\/h3>\n<\/li>\n<li>\n<h3>Retrouvez l&#8217;info@cad de septembre 2021 en suivant<a href=\"https:\/\/sgen-cfdt.fr\/contenu\/uploads\/sites\/13\/2021\/09\/envoi-du-27-septembre-2021.pdf\"> le lien\u21d2<\/a><\/h3>\n<\/li>\n<li>\n<h2>Retrouvez l&#8217;info@cad d&#8217;octobre 2021<a href=\"https:\/\/sgen-cfdt.fr\/contenu\/uploads\/sites\/13\/2021\/10\/InfoacdMP_21_octobre_2021.pdf\"> en suivant le lien \u21d2<\/a><\/h2>\n<\/li>\n<li>\n<h2>Retrouvez l&#8217;info @cad de d\u00e9cembre 2021 <a href=\"https:\/\/sgen-cfdt.fr\/contenu\/uploads\/sites\/13\/2021\/12\/Infoacd_MP_02decembre_2021.pdf\">en suivant le lien \u21d2<\/a><\/h2>\n<\/li>\n<li>\n<h2>Retrouvez l&#8217;info@cad de Janvier 2022 <a href=\"https:\/\/sgen-cfdt.fr\/contenu\/uploads\/sites\/13\/2022\/01\/InfoAcadMP_20_janvier_2022.pdf\">en suivant le lien \u21d2<\/a><\/h2>\n<\/li>\n<li>\n<h2>Retrouvez l&#8217;info@cad de F\u00e9vrier 2022 <a href=\"https:\/\/sgen-cfdt.fr\/contenu\/uploads\/sites\/13\/2022\/02\/Info@acd_midi_py_153_10_02_2022.pdf\">en suivant le lien \u21d2<\/a><\/h2>\n<\/li>\n<li>\n<h2>Retrouvez l&#8217;info@cad de la rentr\u00e9e 2022-2023 <a href=\"https:\/\/midipyrenees.sgen-cfdt.fr\/actu\/infoscad-mp-linformation-des-personnels-non-enseignants-17\/\">en suivant ce lien \u21d2<\/a><\/h2>\n<\/li>\n<\/ul>\n","protected":false},"excerpt":{"rendered":"<p>Vous pouvez retrouver sur cette page, les liens vers toutes les info@cad de l&#8217;acad\u00e9mie de Toulouse&#8230; &nbsp; Le num\u00e9ro de mars 2026 est \u00e0 retrouver ici la newsletter de janvier 2026 se trouve ici L&#8217;actu d&#8217;octobre 2025 est \u00e0 retrouver ici &#8211; le num\u00e9ro de mars 2025 se trouve ici &#8211; le num\u00e9ro de janvier &hellip; <a href=\"https:\/\/toulouse-sgencfdt.fr\/WORDPRESS_ITRF\/infocad\/\" class=\"more-link\">Continuer la lecture de <span class=\"screen-reader-text\">Info@cad<\/span>  <span class=\"meta-nav\">&rarr;<\/span><\/a><\/p>\n","protected":false},"author":11,"featured_media":0,"parent":0,"menu_order":0,"comment_status":"closed","ping_status":"closed","template":"","meta":{"footnotes":""},"class_list":["post-1571","page","type-page","status-publish","hentry"],"_links":{"self":[{"href":"https:\/\/toulouse-sgencfdt.fr\/WORDPRESS_ITRF\/wp-json\/wp\/v2\/pages\/1571","targetHints":{"allow":["GET"]}}],"collection":[{"href":"https:\/\/toulouse-sgencfdt.fr\/WORDPRESS_ITRF\/wp-json\/wp\/v2\/pages"}],"about":[{"href":"https:\/\/toulouse-sgencfdt.fr\/WORDPRESS_ITRF\/wp-json\/wp\/v2\/types\/page"}],"author":[{"embeddable":true,"href":"https:\/\/toulouse-sgencfdt.fr\/WORDPRESS_ITRF\/wp-json\/wp\/v2\/users\/11"}],"replies":[{"embeddable":true,"href":"https:\/\/toulouse-sgencfdt.fr\/WORDPRESS_ITRF\/wp-json\/wp\/v2\/comments?post=1571"}],"version-history":[{"count":28,"href":"https:\/\/toulouse-sgencfdt.fr\/WORDPRESS_ITRF\/wp-json\/wp\/v2\/pages\/1571\/revisions"}],"predecessor-version":[{"id":6012,"href":"https:\/\/toulouse-sgencfdt.fr\/WORDPRESS_ITRF\/wp-json\/wp\/v2\/pages\/1571\/revisions\/6012"}],"wp:attachment":[{"href":"https:\/\/toulouse-sgencfdt.fr\/WORDPRESS_ITRF\/wp-json\/wp\/v2\/media?parent=1571"}],"curies":[{"name":"wp","href":"https:\/\/api.w.org\/{rel}","templated":true}]}}