{"id":1595,"date":"2020-12-16T08:35:18","date_gmt":"2020-12-16T07:35:18","guid":{"rendered":"http:\/\/toulouse-sgencfdt.fr\/WORDPRESS_ITRF\/?page_id=1595"},"modified":"2023-03-10T08:26:03","modified_gmt":"2023-03-10T07:26:03","slug":"physique-chimie","status":"publish","type":"page","link":"https:\/\/toulouse-sgencfdt.fr\/WORDPRESS_ITRF\/physique-chimie\/","title":{"rendered":"Physique chimie"},"content":{"rendered":"<h1 style=\"text-align: center;\">Les TP de Physique-Chimie<\/h1>\n<p>&nbsp;<\/p>\n<p>Plus \u00e7a va, plus je publie des TP de Physique Chimie, donc j&#8217;ai d\u00e9cid\u00e9 de remanier un peu cette page pour essayer d&#8217;\u00eatre plus lisible&#8230;<\/p>\n<p>Bon TP \u00e0 tous!<\/p>\n<h2>Quelques TP illustr\u00e9s en vid\u00e9o dans<a href=\"https:\/\/toulouse-sgencfdt.fr\/WORDPRESS_ITRF\/2023\/03\/10\/videos-de-tp\/\"> l&#8217;article suivant \u21d2<\/a><\/h2>\n<p>&nbsp;<\/p>\n<h1><span style=\"color: #000000;\"><span style=\"font-family: arial, helvetica, sans-serif;\">Pour vous aider dans vos labos, vous pouvez trouver un article avec<\/span> <span style=\"color: #800080;\"><a style=\"color: #800080;\" href=\"https:\/\/toulouse-sgencfdt.fr\/WORDPRESS_ITRF\/2022\/02\/03\/mes-recettes-de-labo\/\">mes recettes de r\u00e9actifs<\/a><\/span><\/span><\/h1>\n<h1><span style=\"color: #000000;\">Vous aurez \u00e9galement besoin d&#8217;aide pour <span style=\"color: #800080;\"><a style=\"color: #800080;\" href=\"https:\/\/toulouse-sgencfdt.fr\/WORDPRESS_ITRF\/2020\/05\/05\/calculs-courants-au-labo\/\">les calculs courants au labo\u00a0<\/a><\/span><\/span><\/h1>\n<h1><span style=\"color: #000000;\">Et enfin<span style=\"color: #800080;\"> <a style=\"color: #800080;\" href=\"https:\/\/toulouse-sgencfdt.fr\/WORDPRESS_ITRF\/2020\/06\/03\/dosages-courants\/\">les dosages que je fais r\u00e9guli\u00e8rement au labo avec les calculs associ\u00e9s<\/a><\/span><\/span><\/h1>\n<p>&nbsp;<\/p>\n<p>Si vous avez des questions ou si vous souhaitez partager un TP avec nous, n&#8217;h\u00e9sitez pas \u00e0 me contacter: gservy@sgen.cfdt.fr<\/p>\n<h1 style=\"text-align: left;\"><span style=\"color: #e15d12;\">Les TP de Chimie :<\/span><\/h1>\n<p><img loading=\"lazy\" decoding=\"async\" class=\"size-medium wp-image-3790 aligncenter\" src=\"https:\/\/toulouse-sgencfdt.fr\/WORDPRESS_ITRF\/wp-content\/uploads\/2022\/03\/IMG_20220323_084636-300x135.jpg\" alt=\"\" width=\"300\" height=\"135\" srcset=\"https:\/\/toulouse-sgencfdt.fr\/WORDPRESS_ITRF\/wp-content\/uploads\/2022\/03\/IMG_20220323_084636-300x135.jpg 300w, https:\/\/toulouse-sgencfdt.fr\/WORDPRESS_ITRF\/wp-content\/uploads\/2022\/03\/IMG_20220323_084636-1024x460.jpg 1024w, https:\/\/toulouse-sgencfdt.fr\/WORDPRESS_ITRF\/wp-content\/uploads\/2022\/03\/IMG_20220323_084636-768x345.jpg 768w, https:\/\/toulouse-sgencfdt.fr\/WORDPRESS_ITRF\/wp-content\/uploads\/2022\/03\/IMG_20220323_084636-1536x690.jpg 1536w, https:\/\/toulouse-sgencfdt.fr\/WORDPRESS_ITRF\/wp-content\/uploads\/2022\/03\/IMG_20220323_084636-2048x920.jpg 2048w\" sizes=\"auto, (max-width: 300px) 100vw, 300px\" \/><\/p>\n<h3>Vous trouverez une page d\u00e9di\u00e9e uniquement aux <span style=\"color: #ff0000;\">dosages<\/span> en cliquant sur <a href=\"https:\/\/toulouse-sgencfdt.fr\/WORDPRESS_ITRF\/tp-de-chimie-les-dosages\/\">le lien suivant \u21d2<\/a><\/h3>\n<p>&nbsp;<\/p>\n<p>Une superbe vid\u00e9o: la bouteille cam\u00e9l\u00e9on, \u00e0 d\u00e9couvrir <a href=\"https:\/\/toulouse-sgencfdt.fr\/WORDPRESS_ITRF\/2022\/12\/09\/la-bouteille-cameleon\/\">dans le lien suivant \u21d2<\/a><\/p>\n<h2>Vous trouverez une page d\u00e9di\u00e9e \u00e0 tous les <span style=\"color: #ff0000;\">TP autres<\/span> que des dosages en cliquant sur <a href=\"https:\/\/toulouse-sgencfdt.fr\/WORDPRESS_ITRF\/tp-de-chimie-activites-diverses\/\">le lien suivant\u21d2<\/a><\/h2>\n<p>&nbsp;<\/p>\n<p><a href=\"https:\/\/toulouse-sgencfdt.fr\/WORDPRESS_ITRF\/wp-content\/uploads\/2021\/12\/laboratory-4712721__340.webp\"><img loading=\"lazy\" decoding=\"async\" class=\"size-full wp-image-2664 alignnone\" src=\"https:\/\/toulouse-sgencfdt.fr\/WORDPRESS_ITRF\/wp-content\/uploads\/2021\/12\/laboratory-4712721__340.webp\" alt=\"\" width=\"544\" height=\"340\" srcset=\"https:\/\/toulouse-sgencfdt.fr\/WORDPRESS_ITRF\/wp-content\/uploads\/2021\/12\/laboratory-4712721__340.webp 544w, https:\/\/toulouse-sgencfdt.fr\/WORDPRESS_ITRF\/wp-content\/uploads\/2021\/12\/laboratory-4712721__340-300x188.webp 300w\" sizes=\"auto, (max-width: 544px) 100vw, 544px\" \/><\/a><\/p>\n<h1 style=\"text-align: left;\"><span style=\"color: #e15d12;\">Les TP de Physique<\/span><\/h1>\n<h3>Vous trouverez une page d\u00e9di\u00e9e uniquement aux <span style=\"color: #ff0000;\">TP d&#8217;ELECTRICITE<\/span> en cliquant sur <a href=\"https:\/\/toulouse-sgencfdt.fr\/WORDPRESS_ITRF\/tp-de-physique-electricite\/\">le lien suivant \u21d2<\/a><\/h3>\n<h3>Vous trouverez une page d\u00e9di\u00e9e uniquement aux <span style=\"color: #ff0000;\">TP d&#8217;OPTIQUE<\/span> en cliquant sur <a href=\"https:\/\/toulouse-sgencfdt.fr\/WORDPRESS_ITRF\/tp-de-physique-optique\/\">le lien suivant \u21d2<\/a><\/h3>\n<h3>Vous trouverez une page d\u00e9di\u00e9e uniquement aux <span style=\"color: #ff0000;\">TP de MECANIQUE<\/span> en cliquant sur <a href=\"https:\/\/toulouse-sgencfdt.fr\/WORDPRESS_ITRF\/tp-de-physique-mecanique\/\">le lien suivant \u21d2<\/a><\/h3>\n<h3>Vous trouverez une page d\u00e9di\u00e9e uniquement aux <span style=\"color: #ff0000;\">activit\u00e9s diverses<\/span> en cliquant sur <a href=\"https:\/\/toulouse-sgencfdt.fr\/WORDPRESS_ITRF\/tp-de-physique-activites-diverses\/\">le lien suivant \u21d2<\/a><\/h3>\n<h1 style=\"text-align: left;\"><strong style=\"color: #e15d12; font-size: 18pt;\">TP Arduino<\/strong><\/h1>\n<ul>\n<li>\n<h2><a href=\"http:\/\/toulouse-sgencfdt.fr\/WORDPRESS_ITRF\/2020\/06\/20\/arduino\/\">ARDUINO<\/a>, les d\u00e9buts<\/h2>\n<\/li>\n<li>\n<h2><a href=\"http:\/\/toulouse-sgencfdt.fr\/WORDPRESS_ITRF\/2020\/09\/29\/1314\/\">TP: Les feux tricolores avec Arduino<\/a><\/h2>\n<\/li>\n<li>\n<h2><a href=\"http:\/\/toulouse-sgencfdt.fr\/WORDPRESS_ITRF\/2020\/09\/29\/1309\/\">TP: mesure de temp\u00e9ratures avec Arduino<\/a><\/h2>\n<\/li>\n<li>\n<h2><a href=\"http:\/\/toulouse-sgencfdt.fr\/WORDPRESS_ITRF\/2020\/09\/29\/les-ultra-son-avec-arduino\/\">TP: les US avec Arduino<\/a><\/h2>\n<\/li>\n<li>\n<h2><a href=\"http:\/\/toulouse-sgencfdt.fr\/WORDPRESS_ITRF\/2020\/09\/28\/la-pression-avec-arduino\/\">TP: mesure de Pression avec Arduino<\/a><\/h2>\n<\/li>\n<li>\n<h2><a href=\"http:\/\/toulouse-sgencfdt.fr\/WORDPRESS_ITRF\/wp-admin\/post.php?post=1321&amp;action=edit\">TP: faire tourner un moteur avec Arduino<\/a><\/h2>\n<\/li>\n<li>\n<h2><a href=\"http:\/\/toulouse-sgencfdt.fr\/WORDPRESS_ITRF\/2020\/06\/23\/arduino-suite\/\">TP: La boule de Cristal d&#8217;Arduino<\/a><\/h2>\n<\/li>\n<li>\n<h2><a href=\"http:\/\/toulouse-sgencfdt.fr\/WORDPRESS_ITRF\/2020\/09\/29\/realiser-des-partitions-avec-arduino\/\">TP: de la musique avec Arduino\u00a0<\/a><\/h2>\n<\/li>\n<\/ul>\n<h2><\/h2>\n","protected":false},"excerpt":{"rendered":"<p>Les TP de Physique-Chimie &nbsp; Plus \u00e7a va, plus je publie des TP de Physique Chimie, donc j&#8217;ai d\u00e9cid\u00e9 de remanier un peu cette page pour essayer d&#8217;\u00eatre plus lisible&#8230; Bon TP \u00e0 tous! Quelques TP illustr\u00e9s en vid\u00e9o dans l&#8217;article suivant \u21d2 &nbsp; Pour vous aider dans vos labos, vous pouvez trouver un article &hellip; <a href=\"https:\/\/toulouse-sgencfdt.fr\/WORDPRESS_ITRF\/physique-chimie\/\" class=\"more-link\">Continuer la lecture de <span class=\"screen-reader-text\">Physique chimie<\/span>  <span class=\"meta-nav\">&rarr;<\/span><\/a><\/p>\n","protected":false},"author":11,"featured_media":0,"parent":0,"menu_order":0,"comment_status":"closed","ping_status":"closed","template":"","meta":{"footnotes":""},"class_list":["post-1595","page","type-page","status-publish","hentry"],"_links":{"self":[{"href":"https:\/\/toulouse-sgencfdt.fr\/WORDPRESS_ITRF\/wp-json\/wp\/v2\/pages\/1595","targetHints":{"allow":["GET"]}}],"collection":[{"href":"https:\/\/toulouse-sgencfdt.fr\/WORDPRESS_ITRF\/wp-json\/wp\/v2\/pages"}],"about":[{"href":"https:\/\/toulouse-sgencfdt.fr\/WORDPRESS_ITRF\/wp-json\/wp\/v2\/types\/page"}],"author":[{"embeddable":true,"href":"https:\/\/toulouse-sgencfdt.fr\/WORDPRESS_ITRF\/wp-json\/wp\/v2\/users\/11"}],"replies":[{"embeddable":true,"href":"https:\/\/toulouse-sgencfdt.fr\/WORDPRESS_ITRF\/wp-json\/wp\/v2\/comments?post=1595"}],"version-history":[{"count":76,"href":"https:\/\/toulouse-sgencfdt.fr\/WORDPRESS_ITRF\/wp-json\/wp\/v2\/pages\/1595\/revisions"}],"predecessor-version":[{"id":5046,"href":"https:\/\/toulouse-sgencfdt.fr\/WORDPRESS_ITRF\/wp-json\/wp\/v2\/pages\/1595\/revisions\/5046"}],"wp:attachment":[{"href":"https:\/\/toulouse-sgencfdt.fr\/WORDPRESS_ITRF\/wp-json\/wp\/v2\/media?parent=1595"}],"curies":[{"name":"wp","href":"https:\/\/api.w.org\/{rel}","templated":true}]}}