{"id":198,"date":"2020-04-07T11:57:20","date_gmt":"2020-04-07T09:57:20","guid":{"rendered":"http:\/\/toulouse-sgencfdt.fr\/WORDPRESS_ITRF\/?page_id=198"},"modified":"2026-04-09T16:04:42","modified_gmt":"2026-04-09T14:04:42","slug":"bienvenue-sur-le-site-itrf","status":"publish","type":"page","link":"https:\/\/toulouse-sgencfdt.fr\/WORDPRESS_ITRF\/","title":{"rendered":"Espace ITRF de la CFDT EFRP"},"content":{"rendered":"<p><span style=\"font-size: 14pt;\"><strong>LE &#8220;COUTEAU SUISSE&#8221; DES ITRF de la <\/strong><\/span><span style=\"font-size: 12pt;\"><strong><span style=\"font-size: 14pt;\"><span style=\"color: #e15d12;\">CFDT \u00c9ducation Formation Recherche Publiques de l&#8217;acad\u00e9mie de Toulouse<\/span><\/span><\/strong><\/span><\/p>\n<p><strong>L&#8221;identification est obligatoire pour acc\u00e9der \u00e0 certaines pages du site.<\/strong><br \/>\n<a href=\"https:\/\/toulouse-sgencfdt.fr\/WORDPRESS_ITRF\/login\/\">Connectez-vous<\/a> ou bien <a href=\"https:\/\/toulouse-sgencfdt.fr\/WORDPRESS_ITRF\/register\/\">cr\u00e9ez votre compte<\/a> afin de pouvoir vous connecter.\u00a0 Vous aurez ensuite acc\u00e8s \u00e0 l&#8217;ensemble du site, <strong>c&#8217;est bien-sur gratuit et sans engagement<\/strong>.\u00a0 Merci et bonne visite.<\/p>\n<table style=\"border-collapse: collapse; width: 100%;\">\n<tbody>\n<tr>\n<td style=\"width: 220px; vertical-align: top;\"><img loading=\"lazy\" decoding=\"async\" class=\"alignnone wp-image-5361 size-full\" src=\"https:\/\/toulouse-sgencfdt.fr\/WORDPRESS_ITRF\/wp-content\/uploads\/2023\/10\/itrf1.jpg\" alt=\"\" width=\"214\" height=\"523\" srcset=\"https:\/\/toulouse-sgencfdt.fr\/WORDPRESS_ITRF\/wp-content\/uploads\/2023\/10\/itrf1.jpg 214w, https:\/\/toulouse-sgencfdt.fr\/WORDPRESS_ITRF\/wp-content\/uploads\/2023\/10\/itrf1-123x300.jpg 123w\" sizes=\"auto, (max-width: 214px) 100vw, 214px\" \/><\/td>\n<td style=\"vertical-align: top;\">\n<p style=\"text-align: center;\"><span style=\"color: #008080;\"><strong><span style=\"font-size: 14pt;\">BIENVENUE \u00c0 TOUTES ET \u00c0 TOUS !<\/span><\/strong><\/span><\/p>\n<p style=\"text-align: left;\"><span style=\"font-size: 12pt;\"><strong><span style=\"font-size: 14pt;\">J&#8217;anime ce site en ma qualit\u00e9 de militante <\/span><\/strong><\/span><span style=\"font-size: 12pt;\"><strong><span style=\"font-size: 14pt;\">et en tant qu&#8217;ASI BAP B.<\/span><\/strong><\/span><\/p>\n<p><span style=\"font-size: 14pt;\">Vous trouverez sur ce site toutes les informations dont vous aurez besoin, avec une rubrique sp\u00e9ciale &#8220;<strong>laboratoire<\/strong>&#8221; et surtout nous sommes les premiers \u00e0 avoir r\u00e9alis\u00e9 <strong>des propositions de corrections de concours<\/strong>.<\/span><\/p>\n<p><span style=\"font-size: 14pt;\">N&#8217;h\u00e9sitez pas \u00e0 me contacter : Ga\u00eblle : <a href=\"mailto:gservy@efrp.cfdt.fr\">gservy@efrp.cfdt.fr<\/a><\/span><\/p>\n<p><span style=\"font-size: 14pt;\">Que vous soyez<strong> ITRF<\/strong> ou <strong>Personnel Administratif<\/strong>, <\/span><span style=\"font-size: 14pt;\"><span style=\"color: #e15d12;\">le groupe &#8220;Militants\u00a0 Administratifs&#8221; du Sgen-CFDT de l&#8217;acad\u00e9mie de Toulouse<\/span> r\u00e9pondra\u00a0 \u00e0 toutes vos questions via l&#8217;adresse: <a href=\"mailto:groupe-administratifs@sgen-cfdt-midipy.fr\">groupe-administratifs@sgen-cfdt-midipy.fr<\/a><\/span><\/p>\n<p>&nbsp;<\/td>\n<\/tr>\n<\/tbody>\n<\/table>\n<table style=\"width: 100%; border-collapse: collapse; border-color: #e15d12;\" border=\"2\">\n<tbody>\n<tr>\n<td style=\"width: 100%; border-color: #e15d12; text-align: center;\"><strong><span style=\"font-size: 14pt;\"><a href=\"https:\/\/toulouse-sgencfdt.fr\/WORDPRESS_ITRF\/wp-content\/uploads\/2026\/03\/info@cad-mars26.pdf\">L&#8217;info@cad reprend du service ! Voici le 2nd num\u00e9ro de l&#8217;ann\u00e9e 2026 <\/a><\/span><\/strong><\/td>\n<\/tr>\n<\/tbody>\n<\/table>\n<p><span style=\"font-size: 24px; font-weight: bold;\">Nous avons besoin de votre aide&#8230;<\/span><\/p>\n<p>Un petit questionnaire \u00e0 destination des ITRF BAP A et B exer\u00e7ant en EPLE est disponible&#8230;<\/p>\n<p>Merci pour votre contribution afin de nous permettre de vous accompagner au mieux tout au long de l&#8217;ann\u00e9e:<\/p>\n<p><a href=\"https:\/\/midipyrenees.sgen-cfdt.fr\/sgenforms-form\/questionnaire-personnels-itrf-exercant-en-laboratoire-janvier-2026\/\">https:\/\/midipyrenees.sgen-cfdt.fr\/sgenforms-form\/questionnaire-personnels-itrf-exercant-en-laboratoire-janvier-2026\/<\/a><\/p>\n<h2 style=\"text-align: center;\"><span style=\"color: #003300;\">L&#8217;ACTUALIT\u00c9 DES ITRF<\/span><\/h2>\n<ul>\n<li><span style=\"font-size: 12pt; font-family: arial, helvetica, sans-serif;\"><span style=\"font-family: arial, helvetica, sans-serif;\"><span style=\"font-family: arial, helvetica, sans-serif;\"><span style=\"font-weight: 400; text-align: center;\"><strong><span style=\"color: #800000;\">Pr\u00e9parez vos RA \ud83d\ude09 il n&#8217;est jamais trop t\u00f4t !<\/span><\/strong><br \/>\nN&#8217;h\u00e9sitez pas \u00e0 me contacter par mail gservy@efrp.cfdt.fr<\/span><\/span><\/span><\/span><\/li>\n<li><span style=\"font-size: 12pt;\"><strong><a href=\"http:\/\/toulouse-sgencfdt.fr\/WORDPRESS_ITRF\/wp-content\/uploads\/2020\/05\/t\u00e9l\u00e9charger-mon-attestation-fiscale.pdf\"><span style=\"font-family: arial, helvetica, sans-serif; color: #800000;\">Besoin de t\u00e9l\u00e9charger vos attestations fiscales ?<\/span><\/a><br \/>\n<\/strong><\/span><\/li>\n<li><span style=\"color: #800000; font-size: 12pt;\"><strong><span style=\"font-family: arial, helvetica, sans-serif;\">Retrouvez toutes les informations Sgen-CFDT Midi-Pyr\u00e9n\u00e9es<\/span><\/strong><\/span>\n<ul style=\"list-style-type: circle;\">\n<li><span style=\"font-size: 12pt; font-family: arial, helvetica, sans-serif;\">sur le <a href=\"https:\/\/midipyrenees.sgen-cfdt.fr\/\">site de CFDT Education Formation Recherche Publiques<\/a> Midi-Pyr\u00e9n\u00e9es<\/span><\/li>\n<li><span style=\"font-size: 12pt; font-family: arial, helvetica, sans-serif;\">Retrouvez <a href=\"http:\/\/toulouse-sgencfdt.fr\/WORDPRESS_ITRF\/infocad\/\">l&#8217;info@cad<\/a> de Toulouse<\/span><span style=\"font-size: 12pt; font-family: arial, helvetica, sans-serif;\"><span style=\"font-family: arial, helvetica, sans-serif;\"><br \/>\n<\/span><\/span><\/li>\n<\/ul>\n<\/li>\n<li><span style=\"font-size: 12pt; font-family: arial, helvetica, sans-serif; color: #800000;\"><strong>Merci \u00e0 tous pour votre participation \u00e0 notre derni\u00e8re HIS\u00a0 en visio.\u00a0 <\/strong><\/span><span style=\"font-size: 12pt; font-family: arial, helvetica, sans-serif;\"><span style=\"font-size: 12pt; font-family: arial, helvetica, sans-serif;\"><span style=\"font-family: arial, helvetica, sans-serif;\"><span style=\"font-family: arial, helvetica, sans-serif;\">Ces \u00e9changes sont toujours tr\u00e8s int\u00e9ressants. Ce sont ces \u00e9changes et ces groupes de travail qui nous font avancer !<br \/>\nEn attendant la prochaine HIS, si vous avez des questions, vous pouvez toujours nous contacter : gservy@efrp.cfdt.fr ou <\/span><\/span><\/span><\/span><a style=\"color: #003300;\" href=\"mailto:groupe-administratifs@sgen-cfdt-midipy.fr\">groupe-administratifs@sgen-cfdt-midipy.fr<\/a><\/li>\n<li><span style=\"font-family: arial, helvetica, sans-serif; font-size: 12pt; color: #800000;\"><strong>Actu Promo et Avancement<\/strong><\/span>\n<ul style=\"list-style-type: circle;\">\n<li><span style=\"font-size: 12pt; font-family: arial, helvetica, sans-serif;\">TA 2026, <a href=\"https:\/\/toulouse-sgencfdt.fr\/WORDPRESS_ITRF\/2026\/03\/16\/ta-et-la-des-administratifs-2026\/\">les infos par ici \u21d2<\/a><\/span><\/li>\n<li><span style=\"font-size: 12pt; font-family: arial, helvetica, sans-serif;\">LA 2026 toutes <a href=\"https:\/\/toulouse-sgencfdt.fr\/WORDPRESS_ITRF\/2026\/01\/06\/listes-daptitude-itrf-2026\/\">les infos par ici \u21d2<\/a><\/span><\/li>\n<li>Les r\u00e9sultats arrivent! <a href=\"https:\/\/toulouse-sgencfdt.fr\/WORDPRESS_ITRF\/2025\/06\/18\/resultats-promo-la-des-saenes-et-aae-ta-des-apae-et-inf-toulouse-2025\/\">ils sont regroup\u00e9s ici pour les administratifs pour\u00a0 2025 \u21d2<\/a><\/li>\n<li>Les r\u00e9sultats arrivent! <a href=\"https:\/\/toulouse-sgencfdt.fr\/WORDPRESS_ITRF\/?p=5874&amp;preview=true\">ils sont regroup\u00e9s ici pour les ITRF en 2025 \u21d2<\/a><\/li>\n<\/ul>\n<\/li>\n<li><span style=\"font-family: arial, helvetica, sans-serif; font-size: 12pt; color: #800000;\"><strong>ACTU Mutations<\/strong><\/span>\n<ul style=\"list-style-type: circle;\">\n<li>Les infos du mouvement 2026 Inter des administratifs AAE et SAENES et l<span style=\"font-family: arial, helvetica, sans-serif;\">es infos du mouvement 2026 Inter acad\u00e9mique des ATRF, ADJAENES, ASSAE et INFNES sont \u00e0 retrouver <a href=\"https:\/\/toulouse-sgencfdt.fr\/WORDPRESS_ITRF\/2025\/12\/18\/mutations-inter-academique-2026\/\">en cliquant sur ce lien<\/a><\/span><\/li>\n<li>Les infos du mouvement 2026 intra acad\u00e9mique des ATRF , adjaenes, assae, aae, saenes sont \u00e0 retrouver <a href=\"https:\/\/toulouse-sgencfdt.fr\/WORDPRESS_ITRF\/2026\/02\/20\/mutations-atss-intra-2026\/\">dans le lien suivant\u00a0<\/a><\/li>\n<li>ATTENTION, les TRF ne mutent plus sur AMIA mais doivent postuler sur &#8220;choisir le service public&#8221; sur les postes publi\u00e9s au fil de l&#8217;eau<\/li>\n<\/ul>\n<\/li>\n<li style=\"text-align: left;\"><span style=\"color: #800000; font-size: 12pt;\"><strong><span style=\"font-family: arial, helvetica, sans-serif;\">ACTU Concours ITRF, CNRS, Administratifs<\/span><\/strong><\/span>\n<ul>\n<li style=\"text-align: left;\">Les inscriptions aux concours ITRF session 2026:\u00a0 ont \u00e9t\u00e9 enregistr\u00e9es <strong>du 8 avril au 6 mai 2026<\/strong><strong>\u00a0<\/strong>(12 heures, heure de Paris). Toutes les infos sur <a href=\"https:\/\/toulouse-sgencfdt.fr\/WORDPRESS_ITRF\/2026\/04\/08\/concours-itrf-2026-2\/\">infos concours<\/a><\/li>\n<li style=\"text-align: left;\"><span style=\"font-size: 12pt; font-family: arial, helvetica, sans-serif;\">Les RESULTATS aux concours <span class=\"scayt-misspell-word\">ITRF<\/span> de la session 2025 sont regroup\u00e9s <a href=\"https:\/\/toulouse-sgencfdt.fr\/WORDPRESS_ITRF\/2025\/07\/11\/resultats-concours-itrf-2025\/\">dans cet article<\/a> et sur le <a href=\"https:\/\/www.itrf.education.gouv.fr\/itrf\/menuaccueil.do\">site du minist\u00e8re<\/a>.<\/span><\/li>\n<li>Les r\u00e9sultats d&#8217;examens professionnels commencent \u00e0 arriver&#8230; <a href=\"https:\/\/toulouse-sgencfdt.fr\/WORDPRESS_ITRF\/2023\/06\/23\/resultats-examen-pro-itrf-toulouse-2023\/\">Les voici dans cet article<\/a><\/li>\n<li style=\"text-align: left;\"><span style=\"font-size: 12pt; font-family: arial, helvetica, sans-serif;\">Les concours ASS 2026 du 10 f\u00e9vrier 2026, \u00e0 partir de 12 heures, au 12 mars 2026, 12 heures (heure de Paris) <a href=\"https:\/\/toulouse-sgencfdt.fr\/WORDPRESS_ITRF\/2026\/02\/02\/concours-atss-2026\/\">toutes les infos en cliquant sur ce lien<\/a><\/span><\/li>\n<li><\/li>\n<li style=\"text-align: left;\"><span style=\"font-size: 12pt; font-family: arial, helvetica, sans-serif;\">C&#8217;est le moment de travailler les annales des concours, n&#8217;oubliez pas d&#8217;aller voir nos <a href=\"https:\/\/toulouse-sgencfdt.fr\/WORDPRESS_ITRF\/corrections-de-concours\/\">propositions de corrections pour toutes les BAP.<\/a> <\/span><\/li>\n<\/ul>\n<\/li>\n<li><span style=\"font-size: 12pt; font-family: arial, helvetica, sans-serif;\"><span style=\"font-family: arial, helvetica, sans-serif;\"><span style=\"color: #800000;\"><a style=\"color: #800000;\" href=\"https:\/\/toulouse-sgencfdt.fr\/WORDPRESS_ITRF\/2023\/03\/03\/adherent-e-a-la-cfdt-pour-chaque-jour-de-greve-recois-une-indemnite-de-la-caisse-nationale-daction-syndicale-de-la-cfdt\/\"><strong>Plus d&#8217;infos sur l&#8217;indemnit\u00e9 des jours de gr\u00e8ve gr\u00e2ce \u00e0 la CNAS de la CFDT<\/strong><\/a><\/span><\/span><\/span><\/li>\n<\/ul>\n<a href=\"https:\/\/toulouse-sgencfdt.fr\/WORDPRESS_ITRF\/wp-content\/uploads\/2026\/04\/trombi2026.pdf\" class=\"pdfemb-viewer\" style=\"\" data-width=\"max\" data-height=\"max\" data-toolbar=\"bottom\" data-toolbar-fixed=\"off\">trombi2026<\/a>\n","protected":false},"excerpt":{"rendered":"<p>LE &#8220;COUTEAU SUISSE&#8221; DES ITRF de la CFDT \u00c9ducation Formation Recherche Publiques de l&#8217;acad\u00e9mie de Toulouse L&#8221;identification est obligatoire pour acc\u00e9der \u00e0 certaines pages du site. Connectez-vous ou bien cr\u00e9ez votre compte afin de pouvoir vous connecter.\u00a0 Vous aurez ensuite acc\u00e8s \u00e0 l&#8217;ensemble du site, c&#8217;est bien-sur gratuit et sans engagement.\u00a0 Merci et bonne visite. &hellip; <a href=\"https:\/\/toulouse-sgencfdt.fr\/WORDPRESS_ITRF\/\" class=\"more-link\">Continuer la lecture de <span class=\"screen-reader-text\">Espace ITRF de la CFDT EFRP<\/span>  <span class=\"meta-nav\">&rarr;<\/span><\/a><\/p>\n","protected":false},"author":1,"featured_media":0,"parent":0,"menu_order":0,"comment_status":"closed","ping_status":"closed","template":"","meta":{"footnotes":""},"class_list":["post-198","page","type-page","status-publish","hentry"],"_links":{"self":[{"href":"https:\/\/toulouse-sgencfdt.fr\/WORDPRESS_ITRF\/wp-json\/wp\/v2\/pages\/198","targetHints":{"allow":["GET"]}}],"collection":[{"href":"https:\/\/toulouse-sgencfdt.fr\/WORDPRESS_ITRF\/wp-json\/wp\/v2\/pages"}],"about":[{"href":"https:\/\/toulouse-sgencfdt.fr\/WORDPRESS_ITRF\/wp-json\/wp\/v2\/types\/page"}],"author":[{"embeddable":true,"href":"https:\/\/toulouse-sgencfdt.fr\/WORDPRESS_ITRF\/wp-json\/wp\/v2\/users\/1"}],"replies":[{"embeddable":true,"href":"https:\/\/toulouse-sgencfdt.fr\/WORDPRESS_ITRF\/wp-json\/wp\/v2\/comments?post=198"}],"version-history":[{"count":315,"href":"https:\/\/toulouse-sgencfdt.fr\/WORDPRESS_ITRF\/wp-json\/wp\/v2\/pages\/198\/revisions"}],"predecessor-version":[{"id":6076,"href":"https:\/\/toulouse-sgencfdt.fr\/WORDPRESS_ITRF\/wp-json\/wp\/v2\/pages\/198\/revisions\/6076"}],"wp:attachment":[{"href":"https:\/\/toulouse-sgencfdt.fr\/WORDPRESS_ITRF\/wp-json\/wp\/v2\/media?parent=198"}],"curies":[{"name":"wp","href":"https:\/\/api.w.org\/{rel}","templated":true}]}}