{"id":2640,"date":"2021-12-15T10:20:45","date_gmt":"2021-12-15T09:20:45","guid":{"rendered":"https:\/\/toulouse-sgencfdt.fr\/WORDPRESS_ITRF\/?page_id=2640"},"modified":"2023-01-18T08:56:33","modified_gmt":"2023-01-18T07:56:33","slug":"tp-de-chimie-les-dosages","status":"publish","type":"page","link":"https:\/\/toulouse-sgencfdt.fr\/WORDPRESS_ITRF\/tp-de-chimie-les-dosages\/","title":{"rendered":"TP de Chimie: les dosages"},"content":{"rendered":"<h1 style=\"text-align: left;\"><span style=\"color: #800080;\">Bienvenue sur la page d\u00e9di\u00e9e aux TP de Chimie et plus particuli\u00e8rement les DOSAGES!<\/span><\/h1>\n<p>&nbsp;<\/p>\n<p>Si vous avez des questions ou si vous souhaitez partager un TP avec nous, n&#8217;h\u00e9sitez pas \u00e0 me contacter: gservy@sgen.cfdt.fr<\/p>\n<p><a href=\"https:\/\/toulouse-sgencfdt.fr\/WORDPRESS_ITRF\/wp-content\/uploads\/2021\/12\/chemistry-740453__340.webp\"><img loading=\"lazy\" decoding=\"async\" class=\"aligncenter size-full wp-image-2666\" src=\"https:\/\/toulouse-sgencfdt.fr\/WORDPRESS_ITRF\/wp-content\/uploads\/2021\/12\/chemistry-740453__340.webp\" alt=\"\" width=\"604\" height=\"340\" srcset=\"https:\/\/toulouse-sgencfdt.fr\/WORDPRESS_ITRF\/wp-content\/uploads\/2021\/12\/chemistry-740453__340.webp 604w, https:\/\/toulouse-sgencfdt.fr\/WORDPRESS_ITRF\/wp-content\/uploads\/2021\/12\/chemistry-740453__340-300x169.webp 300w\" sizes=\"auto, (max-width: 604px) 100vw, 604px\" \/><\/a><\/p>\n<h3 style=\"text-align: center;\"><span style=\"color: #ff00ff;\">CONDUCTIMETRIE:<\/span><\/h3>\n<ul>\n<li>\n<h4><span style=\"font-family: arial, helvetica, sans-serif; font-size: 14pt;\"><a href=\"http:\/\/toulouse-sgencfdt.fr\/WORDPRESS_ITRF\/2020\/05\/10\/tp-dosage-conductimetrique\/\">TP Dosage conductim\u00e9trique marais salant<\/a><\/span><\/h4>\n<\/li>\n<li>\n<h4><span style=\"font-family: arial, helvetica, sans-serif; font-size: 14pt;\"><a href=\"http:\/\/toulouse-sgencfdt.fr\/WORDPRESS_ITRF\/2020\/06\/12\/dosage-conductimetrique-du-serum-physiologique\/\">dosage conductim\u00e9trique du s\u00e9rum physiologique<\/a><\/span><\/h4>\n<\/li>\n<li>\n<h4><span style=\"font-family: arial, helvetica, sans-serif; font-size: 14pt;\"><a href=\"http:\/\/toulouse-sgencfdt.fr\/WORDPRESS_ITRF\/2020\/10\/27\/dosage-etalonnage-conductimetrique\/\">dosage par \u00e9talonnage conductim\u00e9trie<\/a><\/span><\/h4>\n<\/li>\n<li>\n<h4><span style=\"font-family: arial, helvetica, sans-serif; font-size: 14pt;\"><a href=\"http:\/\/toulouse-sgencfdt.fr\/WORDPRESS_ITRF\/2021\/03\/24\/tp-conducti\/\">TP dosage conductim\u00e9trique par \u00e9talonnage<\/a><\/span><\/h4>\n<\/li>\n<li>\n<h4><a href=\"https:\/\/toulouse-sgencfdt.fr\/WORDPRESS_ITRF\/2021\/10\/12\/du-sel-dans-les-larmes\/\">TP du sel dans les larmes<\/a><\/h4>\n<\/li>\n<li>\n<h4><a href=\"https:\/\/toulouse-sgencfdt.fr\/WORDPRESS_ITRF\/2021\/10\/11\/dosage-par-titrage-conductimetrique-des-ions-cl-dans-une-eau-minerale\/\">TP titrage Cl- dans une eau min\u00e9rale<\/a><\/h4>\n<\/li>\n<li>\n<h4><a href=\"https:\/\/toulouse-sgencfdt.fr\/WORDPRESS_ITRF\/2020\/06\/04\/soignons-ce-petit-agneau\/\">Soignons ce petit agneau<\/a><\/h4>\n<\/li>\n<li>\n<h4><a href=\"https:\/\/toulouse-sgencfdt.fr\/WORDPRESS_ITRF\/2022\/01\/18\/le-cristal-de-condy\/\">Le cristal de Condy (KMnO4)<\/a><\/h4>\n<\/li>\n<li>\n<h2><a href=\"https:\/\/toulouse-sgencfdt.fr\/WORDPRESS_ITRF\/2022\/01\/30\/comment-fonctionne-un-conductimetre\/\">Comment fonctionne un conductimetre?<\/a><\/h2>\n<\/li>\n<li>\n<h3><a href=\"https:\/\/toulouse-sgencfdt.fr\/WORDPRESS_ITRF\/2022\/02\/18\/double-dosage-et-double-equivalence\/\">double dosage pH et conducti des ions carbonates d&#8217;une lessive<\/a><\/h3>\n<\/li>\n<li>\n<h4><a href=\"https:\/\/toulouse-sgencfdt.fr\/WORDPRESS_ITRF\/2022\/03\/16\/degre-de-purete-de-lallantoine\/\">Degr\u00e9 de puret\u00e9 de l&#8217;allantoine<\/a><\/h4>\n<\/li>\n<li>\n<h4><a href=\"https:\/\/toulouse-sgencfdt.fr\/WORDPRESS_ITRF\/2022\/03\/25\/dosage-conductimetrique-hcl-naoh\/\">Dosage HCl et NaOH<\/a><\/h4>\n<\/li>\n<li>\n<h4><a href=\"https:\/\/toulouse-sgencfdt.fr\/WORDPRESS_ITRF\/2022\/03\/27\/pas-facile-de-faire-la-lessive\/\">Comment faire une bonne lessive?<\/a><\/h4>\n<\/li>\n<li>\n<h4><a href=\"https:\/\/toulouse-sgencfdt.fr\/WORDPRESS_ITRF\/2022\/04\/07\/dosage-conducti-mgcl2\/\">Chlorure de magn\u00e9sium<\/a><\/h4>\n<\/li>\n<li>\n<h3><a href=\"https:\/\/toulouse-sgencfdt.fr\/WORDPRESS_ITRF\/2022\/05\/12\/determination-concentration-ammoniaque\/\">Ammoniaque<\/a><\/h3>\n<\/li>\n<li>\n<h3><a href=\"https:\/\/toulouse-sgencfdt.fr\/WORDPRESS_ITRF\/2022\/05\/31\/dosage-conductimetrique-de-leau-de-javel\/\">Eau de javel<\/a><\/h3>\n<\/li>\n<li>\n<h3><a href=\"https:\/\/toulouse-sgencfdt.fr\/WORDPRESS_ITRF\/2022\/06\/14\/double-dosage-ph-et-conducti\/\">Chlorure de Fer III<\/a><\/h3>\n<\/li>\n<li>\n<h3><a href=\"https:\/\/toulouse-sgencfdt.fr\/WORDPRESS_ITRF\/2022\/06\/18\/dosage-vitamine-c-par-conductimetrie\/\">Vitamine C<\/a>: acide ascorbique<\/h3>\n<\/li>\n<li>\n<h3><a href=\"https:\/\/toulouse-sgencfdt.fr\/WORDPRESS_ITRF\/2022\/06\/27\/dosage-solution-de-rehydratation\/\">Sachet solution r\u00e9hydratation\u00a0<\/a><\/h3>\n<\/li>\n<li>\n<h3><a href=\"https:\/\/toulouse-sgencfdt.fr\/WORDPRESS_ITRF\/2022\/07\/01\/dosage-ca-hepar-par-conductimetrie\/\">Le calcium dans l&#8217;hepar<\/a><\/h3>\n<\/li>\n<li>\n<h3><a href=\"https:\/\/toulouse-sgencfdt.fr\/WORDPRESS_ITRF\/2022\/06\/29\/dosage-des-sulfates-dans-lhepar\/\">Les sulfates dans l&#8217;eau min\u00e9rale<\/a><a href=\"https:\/\/toulouse-sgencfdt.fr\/WORDPRESS_ITRF\/2022\/06\/29\/dosage-des-sulfates-dans-lhepar\/\">\u00a0<\/a><\/h3>\n<\/li>\n<li>\n<h3><a href=\"https:\/\/toulouse-sgencfdt.fr\/WORDPRESS_ITRF\/2022\/07\/03\/le-plomb\/\">Le plomb<\/a><\/h3>\n<\/li>\n<li>\n<h3><a href=\"https:\/\/toulouse-sgencfdt.fr\/WORDPRESS_ITRF\/2022\/07\/06\/titrage-conductimetrique-medicament-cacl2\/\">Un m\u00e9dicament de CaCl2<\/a><\/h3>\n<\/li>\n<li>\n<h3><a href=\"https:\/\/toulouse-sgencfdt.fr\/WORDPRESS_ITRF\/2022\/07\/07\/dosage-par-etalonnage-des-ions-chlorures-dun-produit-de-nettoyage-de-lentilles\/\">Dosage produit nettoyant de lentilles <\/a><\/h3>\n<\/li>\n<li>\n<h3>Ou <a href=\"https:\/\/toulouse-sgencfdt.fr\/WORDPRESS_ITRF\/2022\/07\/10\/dosage-conducti-des-ions-chlorures-dans-un-produit-de-nettoyage-de-lentilles-de-contact\/\">version 2\u00a0<\/a><\/h3>\n<\/li>\n<li>\n<h3><a href=\"https:\/\/toulouse-sgencfdt.fr\/WORDPRESS_ITRF\/2022\/07\/24\/conductimetrie-ki\/\">\u00c9talonnage KI<\/a><\/h3>\n<\/li>\n<li>\n<h2><a href=\"https:\/\/toulouse-sgencfdt.fr\/WORDPRESS_ITRF\/2022\/10\/11\/dosage-du-destop-ph-et-conducti\/\">Destop<\/a><\/h2>\n<\/li>\n<\/ul>\n<h3><\/h3>\n<h3 style=\"text-align: center;\"><span style=\"color: #ff00ff;\">pH-METRIE:<\/span><\/h3>\n<ul>\n<li>\n<h4><span style=\"font-family: arial, helvetica, sans-serif; font-size: 14pt;\"><a href=\"http:\/\/toulouse-sgencfdt.fr\/WORDPRESS_ITRF\/2020\/05\/10\/tp-dosage-du-vinaigre\/\">TP dosage du Vinaigre par pH-m\u00e9trie<\/a><\/span><\/h4>\n<\/li>\n<li>\n<h4><a href=\"https:\/\/toulouse-sgencfdt.fr\/WORDPRESS_ITRF\/2021\/11\/28\/dosage-ibuprofene\/\">TP dosage ibuprofene<\/a><\/h4>\n<\/li>\n<li>\n<h4><span style=\"font-family: arial, helvetica, sans-serif; font-size: 14pt;\"><a href=\"http:\/\/toulouse-sgencfdt.fr\/WORDPRESS_ITRF\/2021\/02\/08\/tp-dosage-ammoniaque-determination-du-pka\/\">TP dosage ammoniaque d\u00e9termination pKa<\/a><\/span><\/h4>\n<\/li>\n<li>\n<h4><span style=\"font-family: arial, helvetica, sans-serif; font-size: 14pt;\"><a href=\"http:\/\/toulouse-sgencfdt.fr\/WORDPRESS_ITRF\/2020\/12\/04\/dosage-dun-citron\/\">TP dosage d&#8217;un citron<\/a><\/span><\/h4>\n<\/li>\n<li>\n<h4><span style=\"font-family: arial, helvetica, sans-serif; font-size: 14pt;\"><a href=\"http:\/\/toulouse-sgencfdt.fr\/WORDPRESS_ITRF\/2020\/06\/11\/tp-determination-du-pka-du-bbt\/\">TP d\u00e9termination du pKa du BBT<\/a><\/span><\/h4>\n<\/li>\n<li>\n<h3><a href=\"https:\/\/toulouse-sgencfdt.fr\/WORDPRESS_ITRF\/2022\/05\/13\/pka-rouge-de-cresol\/\">pKa rouge de cresol<\/a><\/h3>\n<\/li>\n<li>\n<h3><a href=\"https:\/\/toulouse-sgencfdt.fr\/WORDPRESS_ITRF\/2022\/05\/17\/pka-bleu-de-thymol\/\">pKa bleu de thymol<\/a><\/h3>\n<\/li>\n<li>\n<h4><a href=\"https:\/\/toulouse-sgencfdt.fr\/WORDPRESS_ITRF\/2022\/01\/04\/combien-de-citrons-sont-necessaire-pour-aromatiser-une-limonade\/\">TP Citrons dans une limonade<\/a><\/h4>\n<\/li>\n<li>\n<h4><a href=\"https:\/\/toulouse-sgencfdt.fr\/WORDPRESS_ITRF\/2022\/01\/09\/dosage-potentiometrique\/\">Dosage potentiometrique<\/a><\/h4>\n<\/li>\n<li>\n<h3><a href=\"https:\/\/toulouse-sgencfdt.fr\/WORDPRESS_ITRF\/2022\/02\/18\/double-dosage-et-double-equivalence\/\">double dosage pH et conducti des ions carbonates d&#8217;une lessive<\/a><\/h3>\n<\/li>\n<li>\n<h4><a href=\"https:\/\/toulouse-sgencfdt.fr\/WORDPRESS_ITRF\/2022\/03\/03\/dosage-acide-phosphorique\/\">dosage acide phosphorique dans le coca<\/a><\/h4>\n<\/li>\n<li>\n<h4><a href=\"https:\/\/toulouse-sgencfdt.fr\/WORDPRESS_ITRF\/2022\/03\/24\/determination-pka-vert-de-bromocresol\/\">d\u00e9termination pKa vert de bromocr\u00e9sol<\/a><\/h4>\n<\/li>\n<li>\n<h3><a href=\"https:\/\/toulouse-sgencfdt.fr\/WORDPRESS_ITRF\/2022\/05\/29\/tac-titre-alcalimetrique\/\">TAC<\/a><\/h3>\n<\/li>\n<li>\n<h3><a href=\"https:\/\/toulouse-sgencfdt.fr\/WORDPRESS_ITRF\/2022\/05\/30\/dosage-vitamine-c-dans-les-plantes\/\">Dosage vitamine dans les plantes<\/a><\/h3>\n<\/li>\n<li>\n<h3><a href=\"https:\/\/toulouse-sgencfdt.fr\/WORDPRESS_ITRF\/2022\/06\/14\/double-dosage-ph-et-conducti\/\">Chlorure de Fer III<\/a><\/h3>\n<\/li>\n<li>\n<h3><a href=\"https:\/\/toulouse-sgencfdt.fr\/WORDPRESS_ITRF\/2022\/06\/19\/dosage-vitamine-c-par-ph-metrie\/\">Vitamine C: acide ascorbique<\/a><\/h3>\n<\/li>\n<li>\n<h3><a href=\"https:\/\/toulouse-sgencfdt.fr\/WORDPRESS_ITRF\/2022\/06\/20\/pourquoi-le-beurre-rance-sent-mauvais\/\">Acide butanoique dans le beurre<\/a><\/h3>\n<\/li>\n<li>\n<h3><a href=\"https:\/\/toulouse-sgencfdt.fr\/WORDPRESS_ITRF\/2022\/06\/25\/titrage-acide-benzoique\/\">Acide benzo\u00efque\u00a0<\/a><\/h3>\n<\/li>\n<li>\n<h2><a href=\"https:\/\/toulouse-sgencfdt.fr\/WORDPRESS_ITRF\/2022\/10\/11\/dosage-du-destop-ph-et-conducti\/\">Destop<\/a><\/h2>\n<\/li>\n<li>\n<h2><a href=\"https:\/\/toulouse-sgencfdt.fr\/WORDPRESS_ITRF\/2022\/10\/21\/dosage-bicarbonate\/\">bicarbonate de soude<\/a><\/h2>\n<\/li>\n<li>\n<h2><a href=\"https:\/\/toulouse-sgencfdt.fr\/WORDPRESS_ITRF\/2022\/10\/23\/jus-de-pomelo-acide-citrique-ph\/\">Pomelo<\/a><\/h2>\n<\/li>\n<\/ul>\n<p>&nbsp;<\/p>\n<p>&nbsp;<\/p>\n<h3 style=\"text-align: center;\"><span style=\"color: #ff00ff;\">SPECTROPHOTOMETRIE:<\/span><\/h3>\n<ul>\n<li>\n<h4><span style=\"font-family: arial, helvetica, sans-serif; font-size: 14pt;\"><a href=\"http:\/\/toulouse-sgencfdt.fr\/WORDPRESS_ITRF\/2020\/11\/18\/tp-dosage-du-dakin-par-spectro\/\">\u00a0dosage du Dakin par spectro<\/a><\/span><\/h4>\n<\/li>\n<li>\n<h4><span style=\"font-family: arial, helvetica, sans-serif; font-size: 14pt;\"><a href=\"http:\/\/toulouse-sgencfdt.fr\/WORDPRESS_ITRF\/2020\/12\/17\/tp-spectro-diiode\/\">TP dosage spectro diiode ST2S<\/a><\/span><\/h4>\n<\/li>\n<li>\n<h4><a href=\"https:\/\/toulouse-sgencfdt.fr\/WORDPRESS_ITRF\/2021\/11\/15\/dosage-spectro-fanta-bleu\/\">Dosage spectro Fanta bleu<\/a><\/h4>\n<\/li>\n<li>\n<h4>Tp <a href=\"https:\/\/toulouse-sgencfdt.fr\/WORDPRESS_ITRF\/2021\/11\/22\/tp-analyse-de-leau-de-la-riviere\/\">analyse eau de la rivi\u00e8re<\/a><\/h4>\n<\/li>\n<li>\n<h4><a href=\"https:\/\/toulouse-sgencfdt.fr\/WORDPRESS_ITRF\/2021\/11\/19\/tp-bouillie-bordelaise\/\">Bouillie Bordelaise<\/a><\/h4>\n<\/li>\n<li>\n<h4><span style=\"font-family: arial, helvetica, sans-serif; font-size: 14pt;\"><a href=\"http:\/\/toulouse-sgencfdt.fr\/WORDPRESS_ITRF\/2021\/03\/29\/quy-a-t-il-dans-le-sirop-de-menthe\/\">TP spectro sirop de menthe<\/a><\/span><\/h4>\n<\/li>\n<li>\n<h4><span style=\"font-family: arial, helvetica, sans-serif; font-size: 14pt;\"><a href=\"http:\/\/toulouse-sgencfdt.fr\/WORDPRESS_ITRF\/2020\/06\/11\/tp-determination-du-pka-du-bbt\/\">TP d\u00e9termination du pKa du BBT<\/a><\/span><\/h4>\n<\/li>\n<li>\n<h3><a href=\"https:\/\/toulouse-sgencfdt.fr\/WORDPRESS_ITRF\/2022\/05\/13\/pka-rouge-de-cresol\/\">pKa rouge de cresol<\/a><\/h3>\n<\/li>\n<li>\n<h4><a href=\"https:\/\/toulouse-sgencfdt.fr\/WORDPRESS_ITRF\/2020\/06\/13\/dosage-spectro-du-powerade\/\">Dosage spectro du PowerADE<\/a><\/h4>\n<\/li>\n<li>\n<h4><a href=\"https:\/\/toulouse-sgencfdt.fr\/WORDPRESS_ITRF\/2021\/12\/29\/pka-couple-acide-ethanoique-ethanoate-de-sodium\/\">pKa Acide \u00e9thanoique, ion ethanoate<\/a><\/h4>\n<\/li>\n<li>\n<h4><a href=\"https:\/\/toulouse-sgencfdt.fr\/WORDPRESS_ITRF\/2022\/01\/07\/dosage-spectro-complexe-cu2\/\">Dosage spectro complexe Cu2+<\/a><\/h4>\n<\/li>\n<li>\n<h4><a href=\"https:\/\/toulouse-sgencfdt.fr\/WORDPRESS_ITRF\/2022\/01\/10\/dosage-par-etalonnage-bleu-brillant-par-spectro-fo\/\">Spectro par Fibre Optique Bleu brillant<\/a><\/h4>\n<\/li>\n<li>\n<h4><a href=\"https:\/\/toulouse-sgencfdt.fr\/WORDPRESS_ITRF\/2022\/01\/18\/le-cristal-de-condy\/\">Le cristal de Condy (KMnO4)<\/a><\/h4>\n<\/li>\n<li>\n<h4><a href=\"https:\/\/toulouse-sgencfdt.fr\/WORDPRESS_ITRF\/2022\/02\/26\/combien-ya-t-il-de-cochenilles-dans-les-mnms\/\">Nb de cochenilles dans les MnM&#8217;s<\/a><\/h4>\n<\/li>\n<li>\n<h4><a href=\"https:\/\/toulouse-sgencfdt.fr\/WORDPRESS_ITRF\/2022\/03\/19\/determination-de-cuivre-dans-une-piece\/\">D\u00e9termination % cuivre dans une pi\u00e8ce<\/a><\/h4>\n<\/li>\n<li>\n<h4><a href=\"https:\/\/toulouse-sgencfdt.fr\/WORDPRESS_ITRF\/2022\/03\/24\/determination-pka-vert-de-bromocresol\/\">D\u00e9termination pKa vert de bromocr\u00e9sol<\/a><\/h4>\n<\/li>\n<li>\n<h3><a href=\"https:\/\/toulouse-sgencfdt.fr\/WORDPRESS_ITRF\/2022\/04\/09\/dosage-vanilline\/\">la vanilline<\/a><\/h3>\n<\/li>\n<li>\n<h3><a href=\"https:\/\/toulouse-sgencfdt.fr\/WORDPRESS_ITRF\/2022\/05\/28\/dosage-des-nitrites-dans-leau-dun-puits\/\">Dosage des nitrites dans l&#8217;eau<\/a><\/h3>\n<\/li>\n<li>\n<h3><a href=\"https:\/\/toulouse-sgencfdt.fr\/WORDPRESS_ITRF\/2022\/06\/22\/dosage-de-lalodont\/\">L&#8217;alodont<\/a><\/h3>\n<\/li>\n<li>\n<h3><a href=\"https:\/\/toulouse-sgencfdt.fr\/WORDPRESS_ITRF\/2022\/06\/23\/le-curcuma-et-la-curcumine-e100\/\">Curcuma<\/a><\/h3>\n<\/li>\n<li>\n<h3><a href=\"https:\/\/toulouse-sgencfdt.fr\/WORDPRESS_ITRF\/2022\/07\/04\/dosage-teinture-diode\/\">Teinture d&#8217;iode\u00a0<\/a><\/h3>\n<\/li>\n<li>\n<h3><a href=\"https:\/\/toulouse-sgencfdt.fr\/WORDPRESS_ITRF\/2022\/09\/17\/dosage-cartouche-dencre\/\">Dosage cartouche d&#8217;encre<\/a><\/h3>\n<\/li>\n<li>\n<h3><a href=\"https:\/\/toulouse-sgencfdt.fr\/WORDPRESS_ITRF\/2022\/09\/18\/dosage-colorant-plaque-dentaire\/\">Dosage colorant plaque dentaire<\/a><\/h3>\n<\/li>\n<li>\n<h2><a href=\"https:\/\/toulouse-sgencfdt.fr\/WORDPRESS_ITRF\/2022\/10\/24\/pomelo-acide-ascorbique-spectro\/\">vitamine C d&#8217;un pomelo<\/a><\/h2>\n<\/li>\n<\/ul>\n<p>&nbsp;<\/p>\n<p>&nbsp;<\/p>\n<h3 style=\"text-align: center;\"><span style=\"color: #ff00ff;\">COLORIMETRIE:<\/span><\/h3>\n<ul>\n<li>\n<h4><a href=\"https:\/\/toulouse-sgencfdt.fr\/WORDPRESS_ITRF\/2021\/12\/08\/dosage-dun-lait\/\">TP dosage du lait (degr\u00e9 Dornic)<\/a><\/h4>\n<\/li>\n<li>\n<h4><a href=\"https:\/\/toulouse-sgencfdt.fr\/WORDPRESS_ITRF\/2021\/11\/21\/tp-dosage-de-la-betadine\/\">TP dosage B\u00e9tadine<\/a><\/h4>\n<\/li>\n<li>\n<h2><a href=\"https:\/\/toulouse-sgencfdt.fr\/WORDPRESS_ITRF\/2023\/01\/17\/titrage-betadine-v2\/\">Dosage B\u00e9tadine V2 film\u00e9e<\/a><\/h2>\n<\/li>\n<li>\n<h4><a href=\"https:\/\/toulouse-sgencfdt.fr\/WORDPRESS_ITRF\/2022\/03\/20\/dosage-diiode-par-pesee-directe\/\">dosage-diiode-par-pesee-directe<\/a><\/h4>\n<\/li>\n<li>\n<h3><a href=\"https:\/\/toulouse-sgencfdt.fr\/WORDPRESS_ITRF\/2022\/03\/14\/determination-de-la-concentration-en-glucose-dans-le-powerade\/\">Quantit\u00e9 glucose dans le powerade<\/a><\/h3>\n<\/li>\n<li>\n<h4><a href=\"https:\/\/toulouse-sgencfdt.fr\/WORDPRESS_ITRF\/2021\/11\/28\/dosage-ibuprofene\/\">TP dosage ibuprofene<\/a><\/h4>\n<\/li>\n<li>\n<h4><a href=\"https:\/\/toulouse-sgencfdt.fr\/WORDPRESS_ITRF\/2021\/11\/05\/dosage-eau-oxygenee\/\">TP dosage eau oxyg\u00e9n\u00e9e<\/a><\/h4>\n<\/li>\n<li>\n<h4><a href=\"https:\/\/toulouse-sgencfdt.fr\/WORDPRESS_ITRF\/2021\/10\/12\/du-sel-dans-les-larmes\/\">TP du sel dans les larmes<\/a><\/h4>\n<\/li>\n<li>\n<h4><a href=\"https:\/\/toulouse-sgencfdt.fr\/WORDPRESS_ITRF\/2021\/05\/04\/tp-detartrant-cafetiere\/\">TP dosage d\u00e9tartrant cafeti\u00e8re<\/a><\/h4>\n<\/li>\n<li>\n<h4><span style=\"font-family: arial, helvetica, sans-serif; font-size: 14pt;\"><a href=\"http:\/\/toulouse-sgencfdt.fr\/WORDPRESS_ITRF\/2021\/03\/16\/tp-dosage-evian\/\">TP dosage Evian<\/a><\/span><\/h4>\n<\/li>\n<li>\n<h4><span style=\"font-family: arial, helvetica, sans-serif; font-size: 14pt;\"><a href=\"http:\/\/toulouse-sgencfdt.fr\/WORDPRESS_ITRF\/2021\/03\/16\/tp-dosage-harpic\/\">TP dosage Harpic<\/a><\/span><\/h4>\n<\/li>\n<li>\n<h4><span style=\"font-family: arial, helvetica, sans-serif; font-size: 14pt;\"><a href=\"http:\/\/toulouse-sgencfdt.fr\/WORDPRESS_ITRF\/2021\/02\/08\/tp-par-pesees-successives\/\">TP dosage par pes\u00e9es successives<\/a><\/span><\/h4>\n<\/li>\n<li>\n<h4><span style=\"font-family: arial, helvetica, sans-serif; font-size: 14pt;\"><a href=\"http:\/\/toulouse-sgencfdt.fr\/WORDPRESS_ITRF\/2021\/01\/06\/tp-dosage-produit-commercial\/\">TP dosage acide sulfurique<\/a><\/span><\/h4>\n<\/li>\n<li>\n<h4><span style=\"font-family: arial, helvetica, sans-serif; font-size: 14pt;\"><a href=\"http:\/\/toulouse-sgencfdt.fr\/WORDPRESS_ITRF\/2021\/01\/05\/tp-dosage-du-fer-dans-un-medicament\/\">TP dosage du Fer dans un m\u00e9dicament<\/a><\/span><\/h4>\n<\/li>\n<li>\n<h4><a href=\"https:\/\/toulouse-sgencfdt.fr\/WORDPRESS_ITRF\/2020\/05\/10\/tp-dosage-oxydoreduction-anti-mousse\/\">Dosage anti-mousse<\/a><\/h4>\n<\/li>\n<li>\n<h4><a href=\"https:\/\/toulouse-sgencfdt.fr\/WORDPRESS_ITRF\/2020\/05\/14\/dosage-eau-avec-edta\/\">Dosage d&#8217;une eau avec EDTA<\/a><\/h4>\n<\/li>\n<li>\n<h4><a href=\"https:\/\/toulouse-sgencfdt.fr\/WORDPRESS_ITRF\/2022\/01\/05\/dosage-hcl-par-carbonate-de-potassium\/\">Dosage HCl par carbonate<\/a><\/h4>\n<\/li>\n<li>\n<h4><a href=\"https:\/\/toulouse-sgencfdt.fr\/WORDPRESS_ITRF\/2022\/03\/26\/tp-dosage-acide-phosphorique-par-la-soude\/\">Acide phosphorique<\/a><\/h4>\n<\/li>\n<li>\n<h4><a href=\"https:\/\/toulouse-sgencfdt.fr\/WORDPRESS_ITRF\/2022\/03\/28\/dosage-eau-de-javel\/\">Eau de Javel<\/a><\/h4>\n<\/li>\n<li>\n<h3><a href=\"https:\/\/toulouse-sgencfdt.fr\/WORDPRESS_ITRF\/2022\/05\/09\/dosage-des-sulfites-dans-le-vin\/\">Les sulfites dans le vin<\/a><\/h3>\n<\/li>\n<li>\n<h3><a href=\"https:\/\/toulouse-sgencfdt.fr\/WORDPRESS_ITRF\/2022\/05\/10\/dosage-dioxyde-de-soufre\/\">Dioxyde soufre dans les pluies acides<\/a><\/h3>\n<\/li>\n<li>\n<h3><a href=\"https:\/\/toulouse-sgencfdt.fr\/WORDPRESS_ITRF\/2022\/05\/12\/determination-concentration-ammoniaque\/\">Ammoniaque<\/a><\/h3>\n<\/li>\n<li>\n<h3><a href=\"https:\/\/toulouse-sgencfdt.fr\/WORDPRESS_ITRF\/2022\/06\/02\/dosage-de-lacide-lactique-chez-les-sportifs\/\">Acide lactique<\/a><\/h3>\n<\/li>\n<li>\n<h3><a href=\"https:\/\/toulouse-sgencfdt.fr\/WORDPRESS_ITRF\/2022\/06\/06\/dosage-ions-cu2-dans-lalimentation-des-poulets\/\">Dosage des ions Cu2+<\/a><\/h3>\n<\/li>\n<li>\n<h3><a href=\"https:\/\/toulouse-sgencfdt.fr\/WORDPRESS_ITRF\/2022\/06\/17\/dosage-vitamine-c-par-le-diiode\/\">Vitamine C par le diiode<\/a><\/h3>\n<\/li>\n<li>\n<h2><a href=\"https:\/\/toulouse-sgencfdt.fr\/WORDPRESS_ITRF\/2022\/06\/28\/dosage-de-leau-oxygenee-dans-un-produit-pour-lentilles-de-contact\/\">https:\/\/toulouse-sgencfdt.fr\/WORDPRESS_ITRF\/2022\/06\/28\/dosage-de-leau-oxygenee-dans-un-produit-pour-lentilles-de-contact\/<\/a><\/h2>\n<\/li>\n<li>\n<h3><a href=\"https:\/\/toulouse-sgencfdt.fr\/WORDPRESS_ITRF\/2022\/06\/30\/dosage-de-laspirine-sur-une-scene-de-crime\/\">Dosage aspirine<\/a><\/h3>\n<\/li>\n<li>\n<h3><a href=\"https:\/\/toulouse-sgencfdt.fr\/WORDPRESS_ITRF\/2022\/07\/18\/dosage-dune-huile-dolive\/\">Huile d&#8217;olive\u00a0<\/a><\/h3>\n<\/li>\n<li>\n<h3><a href=\"https:\/\/toulouse-sgencfdt.fr\/WORDPRESS_ITRF\/2022\/07\/25\/dosage-thiocyanate-dammonium\/\">Thiocyanate d&#8217;ammonium<\/a><\/h3>\n<\/li>\n<li>\n<h3><a href=\"https:\/\/toulouse-sgencfdt.fr\/WORDPRESS_ITRF\/2022\/07\/30\/dosage-permanganate-cristal-de-condy\/\">Permanganate de potassium (cristal de condy)<\/a><\/h3>\n<\/li>\n<li>\n<h2><a href=\"https:\/\/toulouse-sgencfdt.fr\/WORDPRESS_ITRF\/2023\/01\/18\/dosage-acide-oxalique-par-kmno4\/\">Acide Oxalique et Permanganate<\/a><\/h2>\n<\/li>\n<\/ul>\n<p>&nbsp;<\/p>\n<p><a href=\"https:\/\/toulouse-sgencfdt.fr\/WORDPRESS_ITRF\/wp-content\/uploads\/2021\/12\/lab-217043__340.webp\"><img loading=\"lazy\" decoding=\"async\" class=\"aligncenter size-full wp-image-2668\" src=\"https:\/\/toulouse-sgencfdt.fr\/WORDPRESS_ITRF\/wp-content\/uploads\/2021\/12\/lab-217043__340.webp\" alt=\"\" width=\"513\" height=\"340\" srcset=\"https:\/\/toulouse-sgencfdt.fr\/WORDPRESS_ITRF\/wp-content\/uploads\/2021\/12\/lab-217043__340.webp 513w, https:\/\/toulouse-sgencfdt.fr\/WORDPRESS_ITRF\/wp-content\/uploads\/2021\/12\/lab-217043__340-300x199.webp 300w\" sizes=\"auto, (max-width: 513px) 100vw, 513px\" \/><\/a><\/p>\n","protected":false},"excerpt":{"rendered":"<p>Bienvenue sur la page d\u00e9di\u00e9e aux TP de Chimie et plus particuli\u00e8rement les DOSAGES! &nbsp; Si vous avez des questions ou si vous souhaitez partager un TP avec nous, n&#8217;h\u00e9sitez pas \u00e0 me contacter: gservy@sgen.cfdt.fr CONDUCTIMETRIE: TP Dosage conductim\u00e9trique marais salant dosage conductim\u00e9trique du s\u00e9rum physiologique dosage par \u00e9talonnage conductim\u00e9trie TP dosage conductim\u00e9trique par \u00e9talonnage &hellip; <a href=\"https:\/\/toulouse-sgencfdt.fr\/WORDPRESS_ITRF\/tp-de-chimie-les-dosages\/\" class=\"more-link\">Continuer la lecture de <span class=\"screen-reader-text\">TP de Chimie: les dosages<\/span>  <span class=\"meta-nav\">&rarr;<\/span><\/a><\/p>\n","protected":false},"author":11,"featured_media":0,"parent":0,"menu_order":0,"comment_status":"closed","ping_status":"closed","template":"","meta":{"footnotes":""},"class_list":["post-2640","page","type-page","status-publish","hentry"],"_links":{"self":[{"href":"https:\/\/toulouse-sgencfdt.fr\/WORDPRESS_ITRF\/wp-json\/wp\/v2\/pages\/2640","targetHints":{"allow":["GET"]}}],"collection":[{"href":"https:\/\/toulouse-sgencfdt.fr\/WORDPRESS_ITRF\/wp-json\/wp\/v2\/pages"}],"about":[{"href":"https:\/\/toulouse-sgencfdt.fr\/WORDPRESS_ITRF\/wp-json\/wp\/v2\/types\/page"}],"author":[{"embeddable":true,"href":"https:\/\/toulouse-sgencfdt.fr\/WORDPRESS_ITRF\/wp-json\/wp\/v2\/users\/11"}],"replies":[{"embeddable":true,"href":"https:\/\/toulouse-sgencfdt.fr\/WORDPRESS_ITRF\/wp-json\/wp\/v2\/comments?post=2640"}],"version-history":[{"count":70,"href":"https:\/\/toulouse-sgencfdt.fr\/WORDPRESS_ITRF\/wp-json\/wp\/v2\/pages\/2640\/revisions"}],"predecessor-version":[{"id":4964,"href":"https:\/\/toulouse-sgencfdt.fr\/WORDPRESS_ITRF\/wp-json\/wp\/v2\/pages\/2640\/revisions\/4964"}],"wp:attachment":[{"href":"https:\/\/toulouse-sgencfdt.fr\/WORDPRESS_ITRF\/wp-json\/wp\/v2\/media?parent=2640"}],"curies":[{"name":"wp","href":"https:\/\/api.w.org\/{rel}","templated":true}]}}