{"id":2643,"date":"2021-12-15T10:23:20","date_gmt":"2021-12-15T09:23:20","guid":{"rendered":"https:\/\/toulouse-sgencfdt.fr\/WORDPRESS_ITRF\/?page_id=2643"},"modified":"2022-10-22T13:16:04","modified_gmt":"2022-10-22T11:16:04","slug":"tp-de-chimie-activites-diverses","status":"publish","type":"page","link":"https:\/\/toulouse-sgencfdt.fr\/WORDPRESS_ITRF\/tp-de-chimie-activites-diverses\/","title":{"rendered":"TP de Chimie: activit\u00e9s diverses"},"content":{"rendered":"<h1 style=\"text-align: center;\"><span style=\"color: #800080;\">Bienvenue sur la page des TP de chimie d\u00e9di\u00e9e aux diverses activit\u00e9s que l&#8217;on peut proposer.<\/span><\/h1>\n<p>&nbsp;<\/p>\n<p>Si vous avez des questions ou si vous souhaitez partager un TP avec nous, n&#8217;h\u00e9sitez pas \u00e0 me contacter: gservy@sgen.cfdt.fr<\/p>\n<p>&nbsp;<\/p>\n<p><a href=\"https:\/\/toulouse-sgencfdt.fr\/WORDPRESS_ITRF\/wp-content\/uploads\/2021\/12\/lab-512503__340.webp\"><img loading=\"lazy\" decoding=\"async\" class=\"aligncenter size-full wp-image-2670\" src=\"https:\/\/toulouse-sgencfdt.fr\/WORDPRESS_ITRF\/wp-content\/uploads\/2021\/12\/lab-512503__340.webp\" alt=\"\" width=\"1308\" height=\"340\" srcset=\"https:\/\/toulouse-sgencfdt.fr\/WORDPRESS_ITRF\/wp-content\/uploads\/2021\/12\/lab-512503__340.webp 1308w, https:\/\/toulouse-sgencfdt.fr\/WORDPRESS_ITRF\/wp-content\/uploads\/2021\/12\/lab-512503__340-300x78.webp 300w, https:\/\/toulouse-sgencfdt.fr\/WORDPRESS_ITRF\/wp-content\/uploads\/2021\/12\/lab-512503__340-1024x266.webp 1024w, https:\/\/toulouse-sgencfdt.fr\/WORDPRESS_ITRF\/wp-content\/uploads\/2021\/12\/lab-512503__340-768x200.webp 768w\" sizes=\"auto, (max-width: 1308px) 100vw, 1308px\" \/><\/a><\/p>\n<p>&nbsp;<\/p>\n<h1 style=\"text-align: center;\">TP ORGA:<\/h1>\n<ul>\n<li>\n<h3><a href=\"https:\/\/toulouse-sgencfdt.fr\/WORDPRESS_ITRF\/2022\/06\/12\/ancien-tp-orga\/\">Orga reconnaissance de fonction<\/a><\/h3>\n<\/li>\n<li>\n<h2><strong><span style=\"font-family: arial, helvetica, sans-serif; font-size: 14pt;\"><a href=\"http:\/\/toulouse-sgencfdt.fr\/WORDPRESS_ITRF\/2020\/05\/11\/hydrodistillation\/\">Hydrodistillation du clou de girofle<\/a><\/span><\/strong><\/h2>\n<\/li>\n<li>\n<h2><a href=\"https:\/\/toulouse-sgencfdt.fr\/WORDPRESS_ITRF\/2022\/03\/12\/tp-de-quoi-est-constitue-le-lait\/\"><strong><span style=\"font-family: arial, helvetica, sans-serif;\"><span style=\"font-size: 18.6667px;\">De quoi est constitu\u00e9 le lait?<\/span><\/span><\/strong><\/a><\/h2>\n<\/li>\n<li>\n<h2><a href=\"https:\/\/toulouse-sgencfdt.fr\/WORDPRESS_ITRF\/2022\/02\/25\/synthese-du-paracetamol\/\"><strong><span style=\"font-family: arial, helvetica, sans-serif; font-size: 14pt;\">Synth\u00e8se parac\u00e9tamol<\/span><\/strong><\/a><\/h2>\n<\/li>\n<li>\n<h2><strong><span style=\"font-family: arial, helvetica, sans-serif; font-size: 14pt;\"><a href=\"http:\/\/toulouse-sgencfdt.fr\/WORDPRESS_ITRF\/2020\/06\/11\/quelques-esters-en-tube-a-essais\/\">synth\u00e8se d&#8217;ester<\/a><\/span><\/strong><\/h2>\n<\/li>\n<li>\n<h3><a href=\"https:\/\/toulouse-sgencfdt.fr\/WORDPRESS_ITRF\/2022\/06\/07\/synthese-acide-benzoique\/\">Synth\u00e8se acide benzo\u00efque<\/a><\/h3>\n<\/li>\n<li>\n<h3><a href=\"https:\/\/toulouse-sgencfdt.fr\/WORDPRESS_ITRF\/2022\/07\/15\/tp-synthese-lavande\/\">Synth\u00e8se odeur lavande<\/a><\/h3>\n<\/li>\n<li>\n<h3><a href=\"https:\/\/toulouse-sgencfdt.fr\/WORDPRESS_ITRF\/2022\/08\/15\/synthese-et-ccm-odeur-de-lavande\/\">Synth\u00e8se et CCM lavande<\/a><\/h3>\n<\/li>\n<li>\n<h2><strong><span style=\"font-family: arial, helvetica, sans-serif; font-size: 14pt;\"><a href=\"http:\/\/toulouse-sgencfdt.fr\/WORDPRESS_ITRF\/2020\/11\/04\/la-saponification\/\">saponification<\/a><\/span><\/strong><\/h2>\n<\/li>\n<li>\n<h2><strong><span style=\"font-family: arial, helvetica, sans-serif; font-size: 14pt;\"><a href=\"http:\/\/toulouse-sgencfdt.fr\/WORDPRESS_ITRF\/2020\/11\/26\/synthese-du-bioethanol\/\">Synth\u00e8se du bio\u00e9thanol<\/a><\/span><\/strong><\/h2>\n<\/li>\n<li>\n<h2><strong><span style=\"font-family: arial, helvetica, sans-serif; font-size: 14pt;\"><a href=\"http:\/\/toulouse-sgencfdt.fr\/WORDPRESS_ITRF\/2020\/05\/17\/tp-acide-benzoique\/\">TP\u00a0 Synth\u00e8se acide benzo\u00efque<\/a><\/span><\/strong><\/h2>\n<\/li>\n<li>\n<h2><strong><a href=\"https:\/\/toulouse-sgencfdt.fr\/WORDPRESS_ITRF\/2021\/11\/10\/synthese-de-polymeres\/\"><span style=\"font-family: arial, helvetica, sans-serif; font-size: 14pt;\">Synth\u00e8se de polym\u00e8re<\/span><\/a><\/strong><\/h2>\n<\/li>\n<li>\n<h2><strong><a href=\"https:\/\/toulouse-sgencfdt.fr\/WORDPRESS_ITRF\/2021\/11\/25\/ester-de-banane\/\"><span style=\"font-family: arial, helvetica, sans-serif; font-size: 14pt;\">Synth\u00e8se Arome de Banane<\/span><\/a><\/strong><\/h2>\n<h2 style=\"text-align: center;\"><strong><span style=\"color: #ff0000;\">ou<\/span><\/strong><\/h2>\n<ul>\n<li>\n<h2><strong><span style=\"font-family: arial, helvetica, sans-serif; font-size: 14pt;\"><a href=\"http:\/\/toulouse-sgencfdt.fr\/WORDPRESS_ITRF\/2020\/05\/28\/tp-synthese-de-larome-de-banane\/\">TP synth\u00e8se de l&#8217;ar\u00f4me de banane<\/a><\/span><\/strong><\/h2>\n<\/li>\n<li>\n<h2><strong><a href=\"https:\/\/toulouse-sgencfdt.fr\/WORDPRESS_ITRF\/2022\/01\/24\/les-halogenes\/\">Les halog\u00e8nes<\/a><\/strong><\/h2>\n<\/li>\n<li>\n<h3><a href=\"https:\/\/toulouse-sgencfdt.fr\/WORDPRESS_ITRF\/2022\/07\/16\/tp-ccm\/\">CCM<\/a><\/h3>\n<\/li>\n<li>\n<h3><a href=\"https:\/\/toulouse-sgencfdt.fr\/WORDPRESS_ITRF\/2022\/07\/17\/tp-hydrodistillation\/\">Hydrodistillation<\/a><\/h3>\n<\/li>\n<\/ul>\n<\/li>\n<\/ul>\n<p>&nbsp;<\/p>\n<h1 style=\"text-align: center;\">TP pH<\/h1>\n<ul>\n<li>\n<h2><a href=\"https:\/\/toulouse-sgencfdt.fr\/WORDPRESS_ITRF\/2022\/04\/11\/pluies-acides\/\"><strong><span style=\"font-family: arial, helvetica, sans-serif; font-size: 14pt;\">Les pluies acides<\/span><\/strong><\/a><\/h2>\n<\/li>\n<li>\n<h2><a href=\"https:\/\/toulouse-sgencfdt.fr\/WORDPRESS_ITRF\/2022\/04\/02\/equations-fer-hcl\/\"><strong><span style=\"font-family: arial, helvetica, sans-serif; font-size: 14pt;\">Fer contre HCl<\/span><\/strong><\/a><\/h2>\n<\/li>\n<li>\n<h4><a href=\"https:\/\/toulouse-sgencfdt.fr\/WORDPRESS_ITRF\/2022\/04\/03\/fer-acide\/\">activit\u00e9 Fer Soda<\/a><\/h4>\n<\/li>\n<li>\n<h2><a href=\"https:\/\/toulouse-sgencfdt.fr\/WORDPRESS_ITRF\/2022\/04\/04\/acide-base\/\"><strong><span style=\"font-family: arial, helvetica, sans-serif; font-size: 14pt;\">Acide ou Basique<\/span><\/strong><\/a><\/h2>\n<\/li>\n<li>\n<h3><a href=\"https:\/\/toulouse-sgencfdt.fr\/WORDPRESS_ITRF\/2022\/07\/11\/rappels-ph\/\">Rappels pH<\/a><\/h3>\n<\/li>\n<li>\n<h2><strong><span style=\"font-family: arial, helvetica, sans-serif; font-size: 14pt;\"><a href=\"http:\/\/toulouse-sgencfdt.fr\/WORDPRESS_ITRF\/2020\/06\/17\/le-chou-arc-en-ciel\/\">Le chou arc-en-ciel<\/a><\/span><\/strong><\/h2>\n<\/li>\n<li>\n<h2><a href=\"https:\/\/toulouse-sgencfdt.fr\/WORDPRESS_ITRF\/2022\/10\/22\/acide-carboxylique-inconnu\/\">Acide carboxylique inconnu<\/a><\/h2>\n<\/li>\n<\/ul>\n<p>&nbsp;<\/p>\n<h1 style=\"text-align: center;\">TP ions\/mole&#8230;<\/h1>\n<p>&nbsp;<\/p>\n<ul>\n<li>\n<h2><strong><a href=\"https:\/\/toulouse-sgencfdt.fr\/WORDPRESS_ITRF\/2021\/06\/26\/escape-game\/\"><span style=\"font-family: arial, helvetica, sans-serif;\"><span style=\"font-size: 18.6667px;\">Un escape Game en Classe (sur la classification p\u00e9riodique)<\/span><\/span><\/a><\/strong><\/h2>\n<\/li>\n<li>\n<h3><a href=\"https:\/\/toulouse-sgencfdt.fr\/WORDPRESS_ITRF\/2022\/06\/13\/tp-la-mole\/\">TP la MOLE<\/a><\/h3>\n<\/li>\n<li>\n<h2><strong><span style=\"font-family: arial, helvetica, sans-serif; font-size: 14pt;\"><a href=\"http:\/\/toulouse-sgencfdt.fr\/WORDPRESS_ITRF\/2020\/11\/20\/bilan-de-matiere\/\">TP bilan de mati\u00e8re<\/a><\/span><\/strong><\/h2>\n<\/li>\n<li>\n<h2><strong><span style=\"font-family: arial, helvetica, sans-serif; font-size: 14pt;\"><a href=\"http:\/\/toulouse-sgencfdt.fr\/WORDPRESS_ITRF\/2020\/06\/16\/prevoir-lavancement-dune-reaction\/\">Pr\u00e9voir l&#8217;avancement d&#8217;une r\u00e9action<\/a><\/span><\/strong><\/h2>\n<\/li>\n<li>\n<h2><a href=\"https:\/\/toulouse-sgencfdt.fr\/WORDPRESS_ITRF\/2022\/03\/31\/test-ions\/\"><strong><span style=\"font-family: arial, helvetica, sans-serif; font-size: 14pt;\">Test des ions<\/span><\/strong><\/a><\/h2>\n<\/li>\n<li>\n<h2><strong><span style=\"font-family: arial, helvetica, sans-serif; font-size: 14pt;\"><a href=\"http:\/\/toulouse-sgencfdt.fr\/WORDPRESS_ITRF\/2020\/12\/07\/test-des-ions\/\">TP test des ions enqu\u00eate<\/a><\/span><\/strong><\/h2>\n<\/li>\n<li>\n<h3><a href=\"https:\/\/toulouse-sgencfdt.fr\/WORDPRESS_ITRF\/2022\/07\/09\/tp-identification-ions-dans-differentes-eaux-minerales\/\">Test des ions dans les eaux min\u00e9rales\u00a0<\/a><\/h3>\n<\/li>\n<li>\n<h2><strong><span style=\"font-family: arial, helvetica, sans-serif; font-size: 14pt;\"><a href=\"http:\/\/toulouse-sgencfdt.fr\/WORDPRESS_ITRF\/2020\/11\/30\/atomes-configuration-electronique\/\">atomes configuration \u00e9lectronique<\/a><\/span><\/strong><\/h2>\n<\/li>\n<li>\n<h2><strong><span style=\"font-family: arial, helvetica, sans-serif; font-size: 14pt;\"><a href=\"http:\/\/toulouse-sgencfdt.fr\/WORDPRESS_ITRF\/2020\/06\/10\/tp-conservation-de-la-masse\/\">Conservation de la masse<\/a><\/span><\/strong><\/h2>\n<\/li>\n<li>\n<h2><strong><a href=\"https:\/\/toulouse-sgencfdt.fr\/WORDPRESS_ITRF\/2021\/12\/03\/tp-tableau-davancement\/\"><span style=\"font-family: arial, helvetica, sans-serif; font-size: 14pt;\">TP avancement chimique<\/span><\/a><\/strong><\/h2>\n<\/li>\n<li>\n<h2><a href=\"https:\/\/toulouse-sgencfdt.fr\/WORDPRESS_ITRF\/2022\/07\/14\/tp-volume-molaire-2\/\">Volume molaire\u00a0<\/a><\/h2>\n<\/li>\n<li>\n<h2><a href=\"https:\/\/toulouse-sgencfdt.fr\/WORDPRESS_ITRF\/2022\/05\/11\/tp-volume-molaire\/\"><strong><span style=\"font-family: arial, helvetica, sans-serif; font-size: 14pt;\">Volume molaire<\/span><\/strong><\/a><\/h2>\n<\/li>\n<li>\n<h3><a href=\"https:\/\/toulouse-sgencfdt.fr\/WORDPRESS_ITRF\/2022\/07\/22\/volume-dun-gaz\/\">Volume d&#8217;un gaz<\/a><\/h3>\n<\/li>\n<li>\n<h2><strong><a href=\"https:\/\/toulouse-sgencfdt.fr\/WORDPRESS_ITRF\/2021\/12\/16\/a-la-rescousse-dharry-potter-test-reconnaissance-plastique\/\"><span style=\"font-family: arial, helvetica, sans-serif; font-size: 14pt;\">A la rescousse d&#8217;HARRY POTTER (test plastiques)<\/span><\/a><\/strong><\/h2>\n<\/li>\n<li>\n<h3><a href=\"https:\/\/toulouse-sgencfdt.fr\/WORDPRESS_ITRF\/2022\/07\/19\/tp-transformation-chimique\/\">Transformation chimique\u00a0<\/a><\/h3>\n<\/li>\n<li>\n<h3><a href=\"https:\/\/toulouse-sgencfdt.fr\/WORDPRESS_ITRF\/2022\/09\/10\/preparation-et-controle-dune-solution-ionique\/\">Solutions ioniques\u00a0<\/a><\/h3>\n<\/li>\n<li>\n<h3><a href=\"https:\/\/toulouse-sgencfdt.fr\/WORDPRESS_ITRF\/2022\/09\/14\/tp-transfert-de-particules\/\">transfert de particules<\/a><\/h3>\n<\/li>\n<\/ul>\n<p>&nbsp;<\/p>\n<h1 style=\"text-align: center;\">TP Cin\u00e9tique<\/h1>\n<ul>\n<li>\n<h2><strong><span style=\"font-family: arial, helvetica, sans-serif; font-size: 14pt;\"><a href=\"http:\/\/toulouse-sgencfdt.fr\/WORDPRESS_ITRF\/2020\/05\/08\/tp-cinetique-chimique-exao\/\">TP suivi cin\u00e9tique par EXAO<\/a><\/span><\/strong><\/h2>\n<\/li>\n<li>\n<h3><a href=\"https:\/\/toulouse-sgencfdt.fr\/WORDPRESS_ITRF\/2022\/07\/13\/suivi-cinetique-de-lhydrolyse-dun-ester-par-condctimetrie\/\">Suivi cin\u00e9tique hydrolyse d&#8217;un ester<\/a><\/h3>\n<\/li>\n<li>\n<h2><strong><a href=\"https:\/\/toulouse-sgencfdt.fr\/WORDPRESS_ITRF\/2021\/05\/05\/suivi-cinetique-par-mesure-de-pression\/\"><span style=\"font-family: arial, helvetica, sans-serif; font-size: 14pt;\">Suivi cin\u00e9tique par mesure de pression<\/span><\/a><\/strong><\/h2>\n<\/li>\n<li>\n<h2><strong><span style=\"font-family: arial, helvetica, sans-serif; font-size: 14pt;\">\u00a0<a href=\"https:\/\/toulouse-sgencfdt.fr\/WORDPRESS_ITRF\/2021\/11\/24\/tp-facteurs-cinetiques\/\">TP Facteurs cin\u00e9tiques<\/a><\/span><\/strong><\/h2>\n<\/li>\n<li>\n<h3><a href=\"https:\/\/toulouse-sgencfdt.fr\/WORDPRESS_ITRF\/2022\/02\/21\/cinetique-du-permanganate\/\">cin\u00e9tique d\u00e9coloration du permanganate<\/a><\/h3>\n<\/li>\n<li>\n<h3><a href=\"https:\/\/toulouse-sgencfdt.fr\/WORDPRESS_ITRF\/2022\/07\/23\/loi-de-vitesse-decoloration-eosine\/\">Loi vitesse d\u00e9coloration eosine<\/a><\/h3>\n<\/li>\n<\/ul>\n<h1 style=\"text-align: center;\">TP Divers<\/h1>\n<ul>\n<li>\n<h2><a href=\"https:\/\/toulouse-sgencfdt.fr\/WORDPRESS_ITRF\/2022\/04\/10\/oxydation-des-metaux\/\"><strong><span style=\"font-family: arial, helvetica, sans-serif; font-size: 14pt;\">Oxydation des m\u00e9taux<\/span><\/strong><\/a><\/h2>\n<\/li>\n<li>\n<h3><a href=\"https:\/\/toulouse-sgencfdt.fr\/WORDPRESS_ITRF\/2022\/09\/09\/tp-oxydo-reduction\/\">Oxydo r\u00e9duction\u00a0<\/a><\/h3>\n<\/li>\n<li>\n<h2><a href=\"https:\/\/toulouse-sgencfdt.fr\/WORDPRESS_ITRF\/2022\/05\/25\/decomposition-de-lhydrogenocarbonate-de-sodium-par-chauffage\/\"><strong><span style=\"font-family: arial, helvetica, sans-serif; font-size: 14pt;\">D\u00e9composition hydrogenocarbonate<\/span><\/strong><\/a><\/h2>\n<\/li>\n<li>\n<h2><strong><span style=\"font-family: arial, helvetica, sans-serif; font-size: 14pt;\"><a href=\"http:\/\/toulouse-sgencfdt.fr\/WORDPRESS_ITRF\/2020\/05\/05\/tp-precision-de-la-verrerie\/\">TP pr\u00e9cision de la verrerie<\/a><\/span><\/strong><\/h2>\n<\/li>\n<li>\n<h2><strong><span style=\"font-family: arial, helvetica, sans-serif; font-size: 14pt;\"><a href=\"http:\/\/toulouse-sgencfdt.fr\/WORDPRESS_ITRF\/2020\/05\/08\/tp-retraitement-des-dechets\/\">TP retraitement des d\u00e9chets<\/a><\/span><\/strong><\/h2>\n<\/li>\n<li>\n<h2><strong><span style=\"font-family: arial, helvetica, sans-serif; font-size: 14pt;\"><a href=\"http:\/\/toulouse-sgencfdt.fr\/WORDPRESS_ITRF\/2020\/05\/11\/extraction-par-solvant-soignez-le-schtroumpf\/\">TP extraction par solvant: Soignez le Schtroumpf<\/a><\/span><\/strong><\/h2>\n<\/li>\n<li>\n<h2><strong><span style=\"font-family: arial, helvetica, sans-serif; font-size: 14pt;\"><a href=\"http:\/\/toulouse-sgencfdt.fr\/WORDPRESS_ITRF\/2020\/05\/27\/tp-effets-thermiques-de-la-dissolution\/\">TP effets thermiques de la dissolution<\/a><\/span><\/strong><\/h2>\n<\/li>\n<li>\n<h2><strong><span style=\"font-family: arial, helvetica, sans-serif; font-size: 14pt;\"><a href=\"http:\/\/toulouse-sgencfdt.fr\/WORDPRESS_ITRF\/2020\/05\/28\/tp-metallurgie-du-zinc\/\">TP m\u00e9tallurgie du Zinc<\/a><\/span><\/strong><\/h2>\n<\/li>\n<li>\n<h2><a href=\"https:\/\/toulouse-sgencfdt.fr\/WORDPRESS_ITRF\/2022\/05\/24\/solubilite-et-precipitation\/\"><strong>Solubilit\u00e9 et pr\u00e9cipitation<\/strong><\/a><\/h2>\n<\/li>\n<li><strong style=\"font-size: 24px;\"><a href=\"https:\/\/toulouse-sgencfdt.fr\/WORDPRESS_ITRF\/2022\/01\/16\/tp-combustion\/\">Combustion<\/a><\/strong><\/li>\n<li>\n<h2><strong><a href=\"https:\/\/toulouse-sgencfdt.fr\/WORDPRESS_ITRF\/2022\/01\/17\/combustion\/\">Combustion manip&#8217; prof<\/a><\/strong><\/h2>\n<\/li>\n<li>\n<h2><strong><span style=\"font-family: arial, helvetica, sans-serif; font-size: 14pt;\"><a href=\"http:\/\/toulouse-sgencfdt.fr\/WORDPRESS_ITRF\/2020\/06\/26\/pigments-et-colorants\/\">TP colorants et pigments<\/a><\/span><\/strong><\/h2>\n<\/li>\n<li>\n<h2><strong><span style=\"font-family: arial, helvetica, sans-serif; font-size: 14pt;\"><a href=\"http:\/\/toulouse-sgencfdt.fr\/WORDPRESS_ITRF\/2020\/12\/07\/tp-calorimetrie\/\">TP calorim\u00e9trie<\/a><\/span><\/strong><\/h2>\n<\/li>\n<li>\n<h2><strong><span style=\"font-family: arial, helvetica, sans-serif; font-size: 14pt;\"><a href=\"http:\/\/toulouse-sgencfdt.fr\/WORDPRESS_ITRF\/2020\/11\/28\/pourquoi-eteindre-ses-phares-quand-le-moteur-est-arrete\/\">TP piles<\/a><\/span><\/strong><\/h2>\n<\/li>\n<li>\n<h3><a href=\"https:\/\/toulouse-sgencfdt.fr\/WORDPRESS_ITRF\/2022\/06\/26\/accumulateur-au-plomb\/\">Accumulateur au plomb\u00a0<\/a><\/h3>\n<\/li>\n<li>\n<h3><a href=\"https:\/\/toulouse-sgencfdt.fr\/WORDPRESS_ITRF\/2022\/07\/02\/tp-les-piles-electrochimiques\/\">Les piles electrochimiques<\/a><\/h3>\n<\/li>\n<li>\n<h2><strong><span style=\"font-family: arial, helvetica, sans-serif; font-size: 14pt;\"><a href=\"http:\/\/toulouse-sgencfdt.fr\/WORDPRESS_ITRF\/2020\/06\/13\/les-cristaux\/\">Les cristaux<\/a><\/span><\/strong><\/h2>\n<\/li>\n<li>\n<h2><strong><span style=\"font-family: arial, helvetica, sans-serif; font-size: 14pt;\"><a href=\"http:\/\/toulouse-sgencfdt.fr\/WORDPRESS_ITRF\/2020\/11\/20\/tp-capacite-thermique-massique\/\">capacit\u00e9 thermique massique<\/a><\/span><\/strong><\/h2>\n<\/li>\n<li>\n<h2><a href=\"https:\/\/toulouse-sgencfdt.fr\/WORDPRESS_ITRF\/2022\/06\/21\/comment-depolluer-une-eau-au-bleu-de-methylene\/\">D\u00e9pollution d&#8217;une eau<\/a><\/h2>\n<\/li>\n<li>\n<h2><strong><a href=\"https:\/\/toulouse-sgencfdt.fr\/WORDPRESS_ITRF\/2021\/11\/04\/evolution-du-nombre-de-noyaux-dans-un-echantillon-radioactif\/\"><span style=\"font-family: arial, helvetica, sans-serif; font-size: 14pt;\">Mod\u00e9lisation d\u00e9sint\u00e9gration d&#8217;un \u00e9chantillon radioactif<\/span><\/a><\/strong><\/h2>\n<\/li>\n<li>\n<h2><strong><a href=\"https:\/\/toulouse-sgencfdt.fr\/WORDPRESS_ITRF\/2021\/11\/29\/que-se-passe-t-il-dans-les-solutions-ioniques\/\"><span style=\"font-family: arial, helvetica, sans-serif; font-size: 14pt;\">\u00a0Le courant dans les solutions ioniques<\/span><\/a><\/strong><\/h2>\n<\/li>\n<li>\n<h2><strong><span style=\"font-family: arial, helvetica, sans-serif; font-size: 14pt;\">C<a href=\"https:\/\/toulouse-sgencfdt.fr\/WORDPRESS_ITRF\/2022\/04\/08\/tp-changement-etat-liquide-a-solide\/\">hangement d&#8217;\u00e9tat: solidification<\/a><\/span><\/strong><\/h2>\n<\/li>\n<li>\n<h2><strong><a href=\"https:\/\/toulouse-sgencfdt.fr\/WORDPRESS_ITRF\/2022\/01\/22\/electrolyse\/\">Electrolyse<\/a><\/strong><\/h2>\n<\/li>\n<li>\n<h2><strong><a href=\"https:\/\/toulouse-sgencfdt.fr\/WORDPRESS_ITRF\/2022\/01\/26\/le-polarimetre-de-laurent\/\">Le polarim\u00e8tre de Laurent<\/a><\/strong><\/h2>\n<\/li>\n<li>\n<h2><a href=\"https:\/\/toulouse-sgencfdt.fr\/WORDPRESS_ITRF\/2022\/04\/20\/temperature-de-fusion-et-debullition\/\"><strong><span style=\"font-family: arial, helvetica, sans-serif; font-size: 14pt;\">T \u00e9bullition et T fusion<\/span><\/strong><\/a><\/h2>\n<\/li>\n<li>\n<h2><a href=\"https:\/\/toulouse-sgencfdt.fr\/WORDPRESS_ITRF\/2022\/05\/08\/ebullition-et-solidification-eau-douce-et-eau-salee\/\"><strong><span style=\"font-family: arial, helvetica, sans-serif; font-size: 14pt;\">Eau douce eau sal\u00e9e<\/span><\/strong><\/a><\/h2>\n<\/li>\n<li>\n<h3><a href=\"https:\/\/toulouse-sgencfdt.fr\/WORDPRESS_ITRF\/2022\/07\/20\/electrolyseur-bbt\/\">\u00c9lectrolyseur BBT<\/a><\/h3>\n<\/li>\n<\/ul>\n<p>&nbsp;<\/p>\n<p>&nbsp;<\/p>\n<h2><span style=\"color: #800080;\">Activit\u00e9s Documentaires<\/span><\/h2>\n<h2><a href=\"https:\/\/toulouse-sgencfdt.fr\/WORDPRESS_ITRF\/2022\/04\/21\/ad-atmosphere\/\"><strong><span style=\"font-family: arial, helvetica, sans-serif; font-size: 14pt;\">AD atmosph\u00e8re<\/span><\/strong><\/a><\/h2>\n<ul>\n<li>\n<h2><strong><span style=\"font-family: arial, helvetica, sans-serif; font-size: 14pt;\"><a href=\"http:\/\/toulouse-sgencfdt.fr\/WORDPRESS_ITRF\/2020\/10\/27\/calcul-quantite-de-matiere\/\">Quantit\u00e9 de mati\u00e8re<\/a><\/span><\/strong><\/h2>\n<\/li>\n<li>\n<h2><strong><a href=\"https:\/\/toulouse-sgencfdt.fr\/WORDPRESS_ITRF\/2022\/01\/28\/defi-quantite-de-matiere\/\">D\u00e9fi qt\u00e9 de mati\u00e8re<\/a><\/strong><\/h2>\n<\/li>\n<li>\n<h3><a href=\"https:\/\/toulouse-sgencfdt.fr\/WORDPRESS_ITRF\/2022\/05\/20\/activite-la-mole\/\">Intro la mole<\/a><\/h3>\n<\/li>\n<li>\n<h3><a href=\"https:\/\/toulouse-sgencfdt.fr\/WORDPRESS_ITRF\/2022\/08\/24\/molecules-organiques\/\">Mol\u00e9cules organiques\u00a0<\/a><\/h3>\n<\/li>\n<li>\n<h3><a href=\"https:\/\/toulouse-sgencfdt.fr\/WORDPRESS_ITRF\/2022\/08\/30\/ad-introduction-a-la-conductivite\/\">Intro \u00e0 la conductivit\u00e9\u00a0<\/a><\/h3>\n<\/li>\n<\/ul>\n<h2><strong><a href=\"https:\/\/toulouse-sgencfdt.fr\/WORDPRESS_ITRF\/2021\/12\/12\/la-classification-periodique\/\"><span style=\"font-family: arial, helvetica, sans-serif; font-size: 14pt;\">la classification p\u00e9riodique<\/span><\/a><\/strong><\/h2>\n<h3><a href=\"https:\/\/toulouse-sgencfdt.fr\/WORDPRESS_ITRF\/2022\/06\/09\/activite-classification-periodique\/\">AD classification p\u00e9riodique bis<\/a><\/h3>\n<h3><a href=\"https:\/\/toulouse-sgencfdt.fr\/WORDPRESS_ITRF\/2022\/04\/12\/ad-nez-aromes\/\">AD nez et ar\u00f4me<\/a><\/h3>\n<h3><a href=\"https:\/\/toulouse-sgencfdt.fr\/WORDPRESS_ITRF\/2022\/06\/05\/ad-structure-de-la-matiere\/\">AD structure de la mati\u00e8re<\/a><\/h3>\n<h2><a href=\"https:\/\/toulouse-sgencfdt.fr\/WORDPRESS_ITRF\/2022\/04\/05\/ad-emballages-et-recyclage\/\"><strong><span style=\"font-family: arial, helvetica, sans-serif; font-size: 14pt;\">AD: recyclage<\/span><\/strong><\/a><\/h2>\n<h1><span style=\"color: #800080;\">DS et exercices<\/span><\/h1>\n<h3><a href=\"https:\/\/toulouse-sgencfdt.fr\/WORDPRESS_ITRF\/2022\/05\/19\/ds-controle-chimie-4eme\/\">Chimie 4eme<\/a><\/h3>\n<h3><a href=\"https:\/\/toulouse-sgencfdt.fr\/WORDPRESS_ITRF\/2022\/08\/02\/ds-controle-chimie-5eme\/\">Chimie 5eme<\/a><\/h3>\n<h3><a href=\"https:\/\/toulouse-sgencfdt.fr\/WORDPRESS_ITRF\/2022\/08\/05\/ds-controle-chimie-de-3eme\/\">Chimie 3eme<\/a><\/h3>\n<h3><a href=\"https:\/\/toulouse-sgencfdt.fr\/WORDPRESS_ITRF\/2022\/08\/23\/ds-controle-2nde-chimie\/\">Chimie 2nd<\/a><\/h3>\n<h3><a href=\"https:\/\/toulouse-sgencfdt.fr\/WORDPRESS_ITRF\/2022\/08\/27\/ds-controle-chimie-1ere\/\">Chimie 1ere<\/a><\/h3>\n","protected":false},"excerpt":{"rendered":"<p>Bienvenue sur la page des TP de chimie d\u00e9di\u00e9e aux diverses activit\u00e9s que l&#8217;on peut proposer. &nbsp; Si vous avez des questions ou si vous souhaitez partager un TP avec nous, n&#8217;h\u00e9sitez pas \u00e0 me contacter: gservy@sgen.cfdt.fr &nbsp; &nbsp; TP ORGA: Orga reconnaissance de fonction Hydrodistillation du clou de girofle De quoi est constitu\u00e9 le &hellip; <a href=\"https:\/\/toulouse-sgencfdt.fr\/WORDPRESS_ITRF\/tp-de-chimie-activites-diverses\/\" class=\"more-link\">Continuer la lecture de <span class=\"screen-reader-text\">TP de Chimie: activit\u00e9s diverses<\/span>  <span class=\"meta-nav\">&rarr;<\/span><\/a><\/p>\n","protected":false},"author":11,"featured_media":0,"parent":0,"menu_order":0,"comment_status":"closed","ping_status":"closed","template":"","meta":{"footnotes":""},"class_list":["post-2643","page","type-page","status-publish","hentry"],"_links":{"self":[{"href":"https:\/\/toulouse-sgencfdt.fr\/WORDPRESS_ITRF\/wp-json\/wp\/v2\/pages\/2643","targetHints":{"allow":["GET"]}}],"collection":[{"href":"https:\/\/toulouse-sgencfdt.fr\/WORDPRESS_ITRF\/wp-json\/wp\/v2\/pages"}],"about":[{"href":"https:\/\/toulouse-sgencfdt.fr\/WORDPRESS_ITRF\/wp-json\/wp\/v2\/types\/page"}],"author":[{"embeddable":true,"href":"https:\/\/toulouse-sgencfdt.fr\/WORDPRESS_ITRF\/wp-json\/wp\/v2\/users\/11"}],"replies":[{"embeddable":true,"href":"https:\/\/toulouse-sgencfdt.fr\/WORDPRESS_ITRF\/wp-json\/wp\/v2\/comments?post=2643"}],"version-history":[{"count":67,"href":"https:\/\/toulouse-sgencfdt.fr\/WORDPRESS_ITRF\/wp-json\/wp\/v2\/pages\/2643\/revisions"}],"predecessor-version":[{"id":4705,"href":"https:\/\/toulouse-sgencfdt.fr\/WORDPRESS_ITRF\/wp-json\/wp\/v2\/pages\/2643\/revisions\/4705"}],"wp:attachment":[{"href":"https:\/\/toulouse-sgencfdt.fr\/WORDPRESS_ITRF\/wp-json\/wp\/v2\/media?parent=2643"}],"curies":[{"name":"wp","href":"https:\/\/api.w.org\/{rel}","templated":true}]}}