{"id":2649,"date":"2021-12-15T10:34:53","date_gmt":"2021-12-15T09:34:53","guid":{"rendered":"https:\/\/toulouse-sgencfdt.fr\/WORDPRESS_ITRF\/?page_id=2649"},"modified":"2023-10-19T11:27:52","modified_gmt":"2023-10-19T09:27:52","slug":"tp-de-physique-optique","status":"publish","type":"page","link":"https:\/\/toulouse-sgencfdt.fr\/WORDPRESS_ITRF\/tp-de-physique-optique\/","title":{"rendered":"TP de Physique: Optique"},"content":{"rendered":"<h1><span style=\"color: #800080;\">Bienvenue sur la page des TP de Physique d\u00e9di\u00e9e \u00e0 l&#8217;OPTIQUE!<\/span><\/h1>\n<p>&nbsp;<\/p>\n<p>Si vous avez des questions ou si vous souhaitez partager un TP avec nous, n&#8217;h\u00e9sitez pas \u00e0 me contacter: gservy@sgen.cfdt.fr<\/p>\n<p>&nbsp;<\/p>\n<p><img loading=\"lazy\" decoding=\"async\" class=\"aligncenter size-full wp-image-2673\" src=\"https:\/\/toulouse-sgencfdt.fr\/WORDPRESS_ITRF\/wp-content\/uploads\/2021\/12\/telescope-122960__340.webp\" alt=\"\" width=\"453\" height=\"340\" srcset=\"https:\/\/toulouse-sgencfdt.fr\/WORDPRESS_ITRF\/wp-content\/uploads\/2021\/12\/telescope-122960__340.webp 453w, https:\/\/toulouse-sgencfdt.fr\/WORDPRESS_ITRF\/wp-content\/uploads\/2021\/12\/telescope-122960__340-300x225.webp 300w\" sizes=\"auto, (max-width: 453px) 100vw, 453px\" \/><\/p>\n<table style=\"width: 100%; border-collapse: collapse; height: 444px;\">\n<tbody>\n<tr style=\"height: 36px;\">\n<td style=\"width: 25%; height: 36px;\">\n<h2><a href=\"https:\/\/toulouse-sgencfdt.fr\/WORDPRESS_ITRF\/2022\/01\/02\/lumiere-colore-couleur-des-objets\/\"><span style=\"font-size: 14pt;\">Lumi\u00e8res color\u00e9es<\/span><\/a><\/h2>\n<\/td>\n<\/tr>\n<tr style=\"height: 48px;\">\n<td style=\"width: 25%; height: 48px;\">\n<ul>\n<li>\n<h2><span style=\"font-size: 14pt;\"><a href=\"http:\/\/toulouse-sgencfdt.fr\/WORDPRESS_ITRF\/2020\/05\/14\/sources-de-lumiere-et-spectres\/\">Sources de lumi\u00e8re et Spectres<\/a><\/span><\/h2>\n<\/li>\n<\/ul>\n<\/td>\n<\/tr>\n<tr style=\"height: 48px;\">\n<td style=\"width: 25%; height: 48px;\">\n<ul>\n<li>\n<h2><span style=\"font-size: 14pt;\"><a href=\"http:\/\/toulouse-sgencfdt.fr\/WORDPRESS_ITRF\/2020\/10\/27\/astrophysique\/\">Astrophysique les spectres<\/a><\/span><\/h2>\n<\/li>\n<\/ul>\n<\/td>\n<\/tr>\n<tr style=\"height: 48px;\">\n<td style=\"width: 25%; height: 48px;\">\n<ul>\n<li>\n<h2><span style=\"font-size: 14pt;\"><a href=\"http:\/\/toulouse-sgencfdt.fr\/WORDPRESS_ITRF\/2020\/05\/17\/tp-diametre-dun-fil-daraignee\/\">Diffraction: fil d&#8217;araign\u00e9e<\/a><\/span><\/h2>\n<\/li>\n<\/ul>\n<\/td>\n<\/tr>\n<tr style=\"height: 36px;\">\n<td style=\"width: 25%; height: 36px;\">\n<h2><a href=\"https:\/\/toulouse-sgencfdt.fr\/WORDPRESS_ITRF\/2022\/01\/06\/mesure-de-lepaisseur-dun-cheveu\/\"><span style=\"font-size: 14pt;\">Diffraction: mesure d&#8217;un cheveu<\/span><\/a><\/h2>\n<\/td>\n<\/tr>\n<tr style=\"height: 48px;\">\n<td style=\"width: 25%; height: 48px;\">\n<ul>\n<li>\n<h2><span style=\"font-size: 14pt;\"><a href=\"http:\/\/toulouse-sgencfdt.fr\/WORDPRESS_ITRF\/2020\/10\/27\/tp-refraction\/\">R\u00e9fraction <\/a><\/span><\/h2>\n<\/li>\n<li>Ou autre version de la <a href=\"https:\/\/toulouse-sgencfdt.fr\/WORDPRESS_ITRF\/2022\/04\/24\/refraction\/\">r\u00e9fraction<\/a><\/li>\n<\/ul>\n<\/td>\n<\/tr>\n<tr style=\"height: 48px;\">\n<td style=\"width: 25%; height: 48px;\">\n<ul>\n<li>\n<h2><a href=\"https:\/\/toulouse-sgencfdt.fr\/WORDPRESS_ITRF\/2022\/01\/08\/interferences-young\/\">Interf\u00e9rences double fente Young<\/a><\/h2>\n<\/li>\n<\/ul>\n<\/td>\n<\/tr>\n<tr style=\"height: 60px;\">\n<td style=\"width: 25%; height: 60px;\">\n<h2><span style=\"font-size: 14pt;\"><a href=\"http:\/\/toulouse-sgencfdt.fr\/WORDPRESS_ITRF\/2021\/04\/07\/determination-rapide-dune-lentille\/\">D\u00e9termination simple et rapide de la distance focale d&#8217;une lentille<\/a><\/span><\/h2>\n<\/td>\n<\/tr>\n<tr>\n<td style=\"width: 25%;\">\n<h2><a href=\"https:\/\/toulouse-sgencfdt.fr\/WORDPRESS_ITRF\/2022\/03\/08\/tp-optique-foyers-et-vergence\/\">Foyer et vergence<\/a><\/h2>\n<\/td>\n<\/tr>\n<tr>\n<td style=\"width: 25%;\">\n<h2><a href=\"https:\/\/toulouse-sgencfdt.fr\/WORDPRESS_ITRF\/2022\/03\/15\/tp-optique-les-lentilles\/\">D\u00e9couverte des lentilles<\/a><\/h2>\n<\/td>\n<\/tr>\n<tr style=\"height: 36px;\">\n<td style=\"width: 25%; height: 36px;\">\n<h2><a href=\"https:\/\/toulouse-sgencfdt.fr\/WORDPRESS_ITRF\/2021\/11\/30\/decouverte-du-foyer\/\">D\u00e9couverte du foyer<\/a><\/h2>\n<\/td>\n<\/tr>\n<tr style=\"height: 36px;\">\n<td style=\"width: 25%; height: 36px;\">\n<h2><a href=\"https:\/\/toulouse-sgencfdt.fr\/WORDPRESS_ITRF\/2021\/12\/31\/loeil-et-ses-defauts\/\">L oeil et ses d\u00e9fauts<\/a><\/h2>\n<\/td>\n<\/tr>\n<tr>\n<td style=\"width: 25%;\">\n<h2><a href=\"https:\/\/toulouse-sgencfdt.fr\/WORDPRESS_ITRF\/2023\/10\/19\/lunette-astronomique\/\">La Lunette astronomique<\/a><\/h2>\n<\/td>\n<\/tr>\n<tr>\n<td style=\"width: 25%;\">\n<h2><a href=\"https:\/\/toulouse-sgencfdt.fr\/WORDPRESS_ITRF\/2022\/05\/05\/ad-les-phases-de-la-lune\/\">Phases de la lune<\/a><\/h2>\n<\/td>\n<\/tr>\n<tr>\n<td style=\"width: 25%;\">\n<h2><a href=\"https:\/\/toulouse-sgencfdt.fr\/WORDPRESS_ITRF\/2022\/04\/23\/ombre-et-penombre\/\">Ombre et p\u00e9nombre<\/a><\/h2>\n<\/td>\n<\/tr>\n<tr>\n<td style=\"width: 25%;\">\n<h2><a href=\"https:\/\/toulouse-sgencfdt.fr\/WORDPRESS_ITRF\/2022\/01\/13\/lhistoire-de-la-lumiere\/\">L&#8217;histoire de la lumi\u00e8re<\/a><\/h2>\n<\/td>\n<\/tr>\n<\/tbody>\n<\/table>\n<h1>Exercices et contr\u00f4les<\/h1>\n<p>&nbsp;<\/p>\n<h3><a href=\"https:\/\/toulouse-sgencfdt.fr\/WORDPRESS_ITRF\/2022\/05\/22\/ds-controle-optique-4eme\/\">Optique 4\u00e8me<\/a><\/h3>\n<h3><a href=\"https:\/\/toulouse-sgencfdt.fr\/WORDPRESS_ITRF\/2022\/07\/31\/ds-controle-5eme-optique\/\">Optique 5\u00e8me<\/a><\/h3>\n<h3><a href=\"https:\/\/toulouse-sgencfdt.fr\/WORDPRESS_ITRF\/2022\/08\/18\/ds-controle-optique-2nd\/\">Optique 2nd<\/a><\/h3>\n<p><a href=\"https:\/\/toulouse-sgencfdt.fr\/WORDPRESS_ITRF\/wp-content\/uploads\/2021\/12\/optical-illusion-3166134__340.webp\"><img loading=\"lazy\" decoding=\"async\" class=\"aligncenter size-full wp-image-2672\" src=\"https:\/\/toulouse-sgencfdt.fr\/WORDPRESS_ITRF\/wp-content\/uploads\/2021\/12\/optical-illusion-3166134__340.webp\" alt=\"\" width=\"382\" height=\"340\" srcset=\"https:\/\/toulouse-sgencfdt.fr\/WORDPRESS_ITRF\/wp-content\/uploads\/2021\/12\/optical-illusion-3166134__340.webp 382w, https:\/\/toulouse-sgencfdt.fr\/WORDPRESS_ITRF\/wp-content\/uploads\/2021\/12\/optical-illusion-3166134__340-300x267.webp 300w\" sizes=\"auto, (max-width: 382px) 100vw, 382px\" \/><\/a><\/p>\n","protected":false},"excerpt":{"rendered":"<p>Bienvenue sur la page des TP de Physique d\u00e9di\u00e9e \u00e0 l&#8217;OPTIQUE! &nbsp; Si vous avez des questions ou si vous souhaitez partager un TP avec nous, n&#8217;h\u00e9sitez pas \u00e0 me contacter: gservy@sgen.cfdt.fr &nbsp; Lumi\u00e8res color\u00e9es Sources de lumi\u00e8re et Spectres Astrophysique les spectres Diffraction: fil d&#8217;araign\u00e9e Diffraction: mesure d&#8217;un cheveu R\u00e9fraction Ou autre version de &hellip; <a href=\"https:\/\/toulouse-sgencfdt.fr\/WORDPRESS_ITRF\/tp-de-physique-optique\/\" class=\"more-link\">Continuer la lecture de <span class=\"screen-reader-text\">TP de Physique: Optique<\/span>  <span class=\"meta-nav\">&rarr;<\/span><\/a><\/p>\n","protected":false},"author":11,"featured_media":0,"parent":0,"menu_order":0,"comment_status":"closed","ping_status":"closed","template":"","meta":{"footnotes":""},"class_list":["post-2649","page","type-page","status-publish","hentry"],"_links":{"self":[{"href":"https:\/\/toulouse-sgencfdt.fr\/WORDPRESS_ITRF\/wp-json\/wp\/v2\/pages\/2649","targetHints":{"allow":["GET"]}}],"collection":[{"href":"https:\/\/toulouse-sgencfdt.fr\/WORDPRESS_ITRF\/wp-json\/wp\/v2\/pages"}],"about":[{"href":"https:\/\/toulouse-sgencfdt.fr\/WORDPRESS_ITRF\/wp-json\/wp\/v2\/types\/page"}],"author":[{"embeddable":true,"href":"https:\/\/toulouse-sgencfdt.fr\/WORDPRESS_ITRF\/wp-json\/wp\/v2\/users\/11"}],"replies":[{"embeddable":true,"href":"https:\/\/toulouse-sgencfdt.fr\/WORDPRESS_ITRF\/wp-json\/wp\/v2\/comments?post=2649"}],"version-history":[{"count":18,"href":"https:\/\/toulouse-sgencfdt.fr\/WORDPRESS_ITRF\/wp-json\/wp\/v2\/pages\/2649\/revisions"}],"predecessor-version":[{"id":5389,"href":"https:\/\/toulouse-sgencfdt.fr\/WORDPRESS_ITRF\/wp-json\/wp\/v2\/pages\/2649\/revisions\/5389"}],"wp:attachment":[{"href":"https:\/\/toulouse-sgencfdt.fr\/WORDPRESS_ITRF\/wp-json\/wp\/v2\/media?parent=2649"}],"curies":[{"name":"wp","href":"https:\/\/api.w.org\/{rel}","templated":true}]}}