{"id":2651,"date":"2021-12-15T10:36:40","date_gmt":"2021-12-15T09:36:40","guid":{"rendered":"https:\/\/toulouse-sgencfdt.fr\/WORDPRESS_ITRF\/?page_id=2651"},"modified":"2022-09-15T08:25:36","modified_gmt":"2022-09-15T06:25:36","slug":"tp-de-physique-electricite","status":"publish","type":"page","link":"https:\/\/toulouse-sgencfdt.fr\/WORDPRESS_ITRF\/tp-de-physique-electricite\/","title":{"rendered":"TP de Physique: Electricit\u00e9"},"content":{"rendered":"<h1><span style=\"color: #ff6600;\">Bienvenue sur la page d\u00e9di\u00e9e aux TP de Physique sur l&#8217;ELECTRICITE<\/span><\/h1>\n<p>Si vous avez des questions ou si vous souhaitez partager un TP avec nous, n&#8217;h\u00e9sitez pas \u00e0 me contacter: gservy@sgen.cfdt.fr<\/p>\n<p>&nbsp;<\/p>\n<p><img loading=\"lazy\" decoding=\"async\" class=\"aligncenter size-full wp-image-2676\" src=\"https:\/\/toulouse-sgencfdt.fr\/WORDPRESS_ITRF\/wp-content\/uploads\/2021\/12\/pinwheel-4550711__340.webp\" alt=\"\" width=\"604\" height=\"340\" srcset=\"https:\/\/toulouse-sgencfdt.fr\/WORDPRESS_ITRF\/wp-content\/uploads\/2021\/12\/pinwheel-4550711__340.webp 604w, https:\/\/toulouse-sgencfdt.fr\/WORDPRESS_ITRF\/wp-content\/uploads\/2021\/12\/pinwheel-4550711__340-300x169.webp 300w\" sizes=\"auto, (max-width: 604px) 100vw, 604px\" \/><\/p>\n<table style=\"width: 100%; border-collapse: collapse; height: 894px;\">\n<tbody>\n<tr style=\"height: 36px;\">\n<td style=\"width: 25%; height: 36px;\">\n<h2><a href=\"https:\/\/toulouse-sgencfdt.fr\/WORDPRESS_ITRF\/2022\/03\/30\/decouverte-tension-u\/\"><span style=\"font-size: 18.6667px;\">D\u00e9couvrir U<\/span><\/a><\/h2>\n<\/td>\n<\/tr>\n<tr style=\"height: 78px;\">\n<td style=\"width: 25%; height: 78px;\">\n<h2><a href=\"https:\/\/toulouse-sgencfdt.fr\/WORDPRESS_ITRF\/2022\/02\/06\/adaptation-tension\/\"><span style=\"font-size: 14pt;\">Adaptation de la tension<\/span><\/a><\/h2>\n<h3><a href=\"https:\/\/toulouse-sgencfdt.fr\/WORDPRESS_ITRF\/2022\/05\/23\/tp-quelle-lampe-brille-le-plus\/\">Quelle lampe brille le plus<\/a><\/h3>\n<p>ou<\/p>\n<h3><a href=\"https:\/\/toulouse-sgencfdt.fr\/WORDPRESS_ITRF\/2022\/09\/15\/tp-lampes\/\">Lampes en s\u00e9rie ou en d\u00e9rivation&#8230;<\/a><\/h3>\n<\/td>\n<\/tr>\n<tr style=\"height: 36px;\">\n<td style=\"width: 25%; height: 36px;\">\n<h2><a href=\"https:\/\/toulouse-sgencfdt.fr\/WORDPRESS_ITRF\/2022\/01\/01\/resume-lois-ui-et-r\/\"><span style=\"font-size: 14pt;\">Lois U R I<\/span><\/a><\/h2>\n<\/td>\n<\/tr>\n<tr style=\"height: 36px;\">\n<td style=\"width: 25%; height: 36px;\">\n<h2><span style=\"font-size: 14pt;\"><a href=\"http:\/\/toulouse-sgencfdt.fr\/WORDPRESS_ITRF\/2020\/05\/13\/loi-des-noeuds-loi-des-mailles\/\">Loi des n\u0153uds loi des mailles<\/a><\/span><\/h2>\n<\/td>\n<\/tr>\n<tr style=\"height: 36px;\">\n<td style=\"width: 25%; height: 36px;\">\n<h2><span style=\"font-size: 14pt;\"><a href=\"http:\/\/toulouse-sgencfdt.fr\/WORDPRESS_ITRF\/2020\/05\/13\/resistances-et-loi-dohm\/\">R et loi d&#8217;Ohm<\/a><\/span><\/h2>\n<h3><a href=\"https:\/\/toulouse-sgencfdt.fr\/WORDPRESS_ITRF\/2022\/09\/11\/tp-recepteurs\/\">les r\u00e9cepteurs<\/a><\/h3>\n<h3><a href=\"https:\/\/toulouse-sgencfdt.fr\/WORDPRESS_ITRF\/2022\/09\/13\/tp-association-de-resistances\/\">Association de R<\/a><\/h3>\n<\/td>\n<\/tr>\n<tr style=\"height: 36px;\">\n<td style=\"width: 25%; height: 36px;\">\n<h2><a href=\"https:\/\/toulouse-sgencfdt.fr\/WORDPRESS_ITRF\/2022\/05\/01\/tp-enigme-electrique\/\"><span style=\"font-size: 18.6667px;\">\u00c9nigme \u00e9lectrique<\/span><\/a><\/h2>\n<\/td>\n<\/tr>\n<tr style=\"height: 36px;\">\n<td style=\"width: 25%; height: 36px;\">\n<h2><a href=\"https:\/\/toulouse-sgencfdt.fr\/WORDPRESS_ITRF\/2021\/05\/11\/tp-electricite-college-lycee\/\"><span style=\"font-size: 14pt;\">TP elec coll\u00e8ge 2nde<\/span><\/a><\/h2>\n<\/td>\n<\/tr>\n<tr style=\"height: 36px;\">\n<td style=\"width: 25%; height: 36px;\">\n<h2><a href=\"https:\/\/toulouse-sgencfdt.fr\/WORDPRESS_ITRF\/2022\/01\/03\/oscilloscope-2\/\"><span style=\"font-size: 14pt;\">D\u00e9couverte de l&#8217;oscilloscope<\/span><\/a><\/h2>\n<\/td>\n<\/tr>\n<tr style=\"height: 48px;\">\n<td style=\"width: 25%; height: 48px;\">\n<ul>\n<li>\n<h2><span style=\"font-size: 14pt;\"><a href=\"http:\/\/toulouse-sgencfdt.fr\/WORDPRESS_ITRF\/2020\/06\/09\/tension-alternative\/\">La tension alternative<\/a><\/span><\/h2>\n<\/li>\n<\/ul>\n<\/td>\n<\/tr>\n<tr style=\"height: 36px;\">\n<td style=\"width: 25%; height: 36px;\">\n<h2><a href=\"https:\/\/toulouse-sgencfdt.fr\/WORDPRESS_ITRF\/2022\/04\/13\/tp-modulation-amplitude\/\"><span style=\"font-size: 14pt;\">Modulation<\/span><\/a><\/h2>\n<\/td>\n<\/tr>\n<tr style=\"height: 48px;\">\n<td style=\"width: 25%; height: 48px;\">\n<ul>\n<li>\n<h2><span style=\"font-size: 14pt;\"><a href=\"http:\/\/toulouse-sgencfdt.fr\/WORDPRESS_ITRF\/2020\/06\/13\/tp-energie-de-la-bouilloire\/\">L&#8217;\u00e9nergie \u00e9lectrique d&#8217;une bouilloire<\/a><\/span><\/h2>\n<\/li>\n<\/ul>\n<\/td>\n<\/tr>\n<tr style=\"height: 48px;\">\n<td style=\"width: 25%; height: 48px;\">\n<ul>\n<li>\n<h2><span style=\"font-size: 14pt;\"><a href=\"http:\/\/toulouse-sgencfdt.fr\/WORDPRESS_ITRF\/2020\/12\/02\/rendement-dun-panneau-solaire\/\">rendement d&#8217;un panneau solaire<\/a><\/span><\/h2>\n<\/li>\n<li>\n<h3><a href=\"https:\/\/toulouse-sgencfdt.fr\/WORDPRESS_ITRF\/2022\/07\/08\/cellule-photovoltaique\/\">Cellule photovolta\u00efque\u00a0<\/a><\/h3>\n<\/li>\n<\/ul>\n<\/td>\n<\/tr>\n<tr style=\"height: 36px;\">\n<td style=\"width: 25%; height: 36px;\">\n<h2><a href=\"https:\/\/toulouse-sgencfdt.fr\/WORDPRESS_ITRF\/2022\/02\/07\/linstallation-electrique-dune-maison\/\"><span style=\"font-size: 14pt;\">Installation \u00e9lectrique d&#8217;une maison<\/span><\/a><\/h2>\n<p>&nbsp;<\/p>\n<h3><a href=\"https:\/\/toulouse-sgencfdt.fr\/WORDPRESS_ITRF\/2022\/05\/27\/ad-fusible\/\">AD fusibles<\/a><\/h3>\n<\/td>\n<\/tr>\n<tr style=\"height: 36px;\">\n<td style=\"width: 25%; height: 36px;\">\n<h2><span style=\"font-size: 14pt;\"><a href=\"http:\/\/toulouse-sgencfdt.fr\/WORDPRESS_ITRF\/2021\/04\/07\/tp-joulemetre\/\">TP\u00a0 Joulem\u00e8tre<\/a><\/span><\/h2>\n<\/td>\n<\/tr>\n<tr style=\"height: 48px;\">\n<td style=\"width: 25%; height: 48px;\">\n<ul>\n<li>\n<h2><span style=\"font-size: 14pt;\"><a href=\"http:\/\/toulouse-sgencfdt.fr\/WORDPRESS_ITRF\/2021\/01\/08\/la-pile-daniell\/\">La Pile Daniell<\/a><\/span><\/h2>\n<\/li>\n<\/ul>\n<\/td>\n<\/tr>\n<tr style=\"height: 48px;\">\n<td style=\"width: 25%; height: 48px;\">\n<ul>\n<li>\n<h2><span style=\"font-size: 14pt;\"><a href=\"http:\/\/toulouse-sgencfdt.fr\/WORDPRESS_ITRF\/2020\/11\/27\/tp-electrolyse\/\">Electrolyse<\/a><\/span><\/h2>\n<\/li>\n<\/ul>\n<\/td>\n<\/tr>\n<tr style=\"height: 48px;\">\n<td style=\"width: 25%; height: 48px;\">\n<ul>\n<li>\n<h2><span style=\"font-size: 14pt;\"><a href=\"http:\/\/toulouse-sgencfdt.fr\/WORDPRESS_ITRF\/2020\/05\/15\/tp-corrosion-sti2d\/\">TP corrosion en STI2D<\/a><\/span><\/h2>\n<\/li>\n<\/ul>\n<\/td>\n<\/tr>\n<tr style=\"height: 60px;\">\n<td style=\"width: 25%; height: 60px;\">\n<h2><a href=\"https:\/\/toulouse-sgencfdt.fr\/WORDPRESS_ITRF\/2021\/11\/27\/de-quoi-depend-i\/\">TP: de quoi d\u00e9pend l&#8217;intensit\u00e9?<\/a><\/h2>\n<\/td>\n<\/tr>\n<tr style=\"height: 36px;\">\n<td style=\"width: 25%; height: 36px;\">\n<h2><span style=\"font-size: 14pt;\"><a href=\"https:\/\/toulouse-sgencfdt.fr\/WORDPRESS_ITRF\/2021\/12\/25\/teslametre\/\">Le teslametre<\/a> <\/span><\/h2>\n<\/td>\n<\/tr>\n<tr style=\"height: 36px;\">\n<td style=\"width: 25%; height: 36px;\">\n<h4><a href=\"https:\/\/toulouse-sgencfdt.fr\/WORDPRESS_ITRF\/2022\/05\/16\/tp-electrisation\/\">\u00c9lectrisation<\/a><\/h4>\n<\/td>\n<\/tr>\n<tr style=\"height: 36px;\">\n<td style=\"width: 25%; height: 36px;\">\n<h4><a href=\"https:\/\/toulouse-sgencfdt.fr\/WORDPRESS_ITRF\/2022\/01\/10\/mesure-de-puissance\/\">Mesure de puissance<\/a><\/h4>\n<h3><a href=\"https:\/\/toulouse-sgencfdt.fr\/WORDPRESS_ITRF\/2022\/06\/24\/rc-filtre-et-radio\/\">D\u00e9modulation, filtre, radio<\/a><\/h3>\n<\/td>\n<\/tr>\n<\/tbody>\n<\/table>\n<p>Voici quelques vid\u00e9os illustrant les TP sur les lois de l&#8217;\u00e9lectricit\u00e9\u00a0<a href=\"https:\/\/toulouse-sgencfdt.fr\/WORDPRESS_ITRF\/2022\/08\/22\/videos-lois-elec\/\">https:\/\/toulouse-sgencfdt.fr\/WORDPRESS_ITRF\/2022\/08\/22\/videos-lois-elec\/<\/a><\/p>\n<p>&nbsp;<\/p>\n<h1>Exercices et contr\u00f4les d&#8217;\u00e9lectricit\u00e9<\/h1>\n<h3><a href=\"https:\/\/toulouse-sgencfdt.fr\/WORDPRESS_ITRF\/2022\/08\/03\/ds-controle-delec-3eme\/\">\u00c9lectricit\u00e9 3eme<\/a><\/h3>\n<h3><a href=\"https:\/\/toulouse-sgencfdt.fr\/WORDPRESS_ITRF\/2022\/05\/21\/ds-controle-elec-4eme\/\">\u00c9lectricit\u00e9 4eme<\/a><\/h3>\n<h3><a href=\"https:\/\/toulouse-sgencfdt.fr\/WORDPRESS_ITRF\/2022\/08\/01\/ds-controle-elec-5eme\/\">\u00c9lectricit\u00e9 5eme<\/a><\/h3>\n<h3><a href=\"https:\/\/toulouse-sgencfdt.fr\/WORDPRESS_ITRF\/2022\/08\/25\/ds-et-controle-elec-1ere\/\">\u00c9lectricit\u00e9 1ere<\/a><\/h3>\n<p><a href=\"https:\/\/toulouse-sgencfdt.fr\/WORDPRESS_ITRF\/wp-content\/uploads\/2021\/12\/electric-1080584__340.webp\"><img loading=\"lazy\" decoding=\"async\" class=\"aligncenter size-full wp-image-2675\" src=\"https:\/\/toulouse-sgencfdt.fr\/WORDPRESS_ITRF\/wp-content\/uploads\/2021\/12\/electric-1080584__340.webp\" alt=\"\" width=\"510\" height=\"340\" srcset=\"https:\/\/toulouse-sgencfdt.fr\/WORDPRESS_ITRF\/wp-content\/uploads\/2021\/12\/electric-1080584__340.webp 510w, https:\/\/toulouse-sgencfdt.fr\/WORDPRESS_ITRF\/wp-content\/uploads\/2021\/12\/electric-1080584__340-300x200.webp 300w\" sizes=\"auto, (max-width: 510px) 100vw, 510px\" \/><\/a><\/p>\n","protected":false},"excerpt":{"rendered":"<p>Bienvenue sur la page d\u00e9di\u00e9e aux TP de Physique sur l&#8217;ELECTRICITE Si vous avez des questions ou si vous souhaitez partager un TP avec nous, n&#8217;h\u00e9sitez pas \u00e0 me contacter: gservy@sgen.cfdt.fr &nbsp; D\u00e9couvrir U Adaptation de la tension Quelle lampe brille le plus ou Lampes en s\u00e9rie ou en d\u00e9rivation&#8230; Lois U R I Loi &hellip; <a href=\"https:\/\/toulouse-sgencfdt.fr\/WORDPRESS_ITRF\/tp-de-physique-electricite\/\" class=\"more-link\">Continuer la lecture de <span class=\"screen-reader-text\">TP de Physique: Electricit\u00e9<\/span>  <span class=\"meta-nav\">&rarr;<\/span><\/a><\/p>\n","protected":false},"author":11,"featured_media":0,"parent":0,"menu_order":0,"comment_status":"closed","ping_status":"closed","template":"","meta":{"footnotes":""},"class_list":["post-2651","page","type-page","status-publish","hentry"],"_links":{"self":[{"href":"https:\/\/toulouse-sgencfdt.fr\/WORDPRESS_ITRF\/wp-json\/wp\/v2\/pages\/2651","targetHints":{"allow":["GET"]}}],"collection":[{"href":"https:\/\/toulouse-sgencfdt.fr\/WORDPRESS_ITRF\/wp-json\/wp\/v2\/pages"}],"about":[{"href":"https:\/\/toulouse-sgencfdt.fr\/WORDPRESS_ITRF\/wp-json\/wp\/v2\/types\/page"}],"author":[{"embeddable":true,"href":"https:\/\/toulouse-sgencfdt.fr\/WORDPRESS_ITRF\/wp-json\/wp\/v2\/users\/11"}],"replies":[{"embeddable":true,"href":"https:\/\/toulouse-sgencfdt.fr\/WORDPRESS_ITRF\/wp-json\/wp\/v2\/comments?post=2651"}],"version-history":[{"count":29,"href":"https:\/\/toulouse-sgencfdt.fr\/WORDPRESS_ITRF\/wp-json\/wp\/v2\/pages\/2651\/revisions"}],"predecessor-version":[{"id":4514,"href":"https:\/\/toulouse-sgencfdt.fr\/WORDPRESS_ITRF\/wp-json\/wp\/v2\/pages\/2651\/revisions\/4514"}],"wp:attachment":[{"href":"https:\/\/toulouse-sgencfdt.fr\/WORDPRESS_ITRF\/wp-json\/wp\/v2\/media?parent=2651"}],"curies":[{"name":"wp","href":"https:\/\/api.w.org\/{rel}","templated":true}]}}