{"id":2653,"date":"2021-12-15T10:38:03","date_gmt":"2021-12-15T09:38:03","guid":{"rendered":"https:\/\/toulouse-sgencfdt.fr\/WORDPRESS_ITRF\/?page_id=2653"},"modified":"2022-09-12T07:51:38","modified_gmt":"2022-09-12T05:51:38","slug":"tp-de-physique-mecanique","status":"publish","type":"page","link":"https:\/\/toulouse-sgencfdt.fr\/WORDPRESS_ITRF\/tp-de-physique-mecanique\/","title":{"rendered":"TP de Physique: MECANIQUE"},"content":{"rendered":"<h1><span style=\"color: #0000ff;\">Bienvenue sur la page des TP de Physique d\u00e9di\u00e9e \u00e0 la MECANIQUE!<\/span><\/h1>\n<p>Si vous avez des questions ou si vous souhaitez partager un TP avec nous, n&#8217;h\u00e9sitez pas \u00e0 me contacter: gservy@sgen.cfdt.fr<\/p>\n<p>&nbsp;<\/p>\n<p><a href=\"https:\/\/toulouse-sgencfdt.fr\/WORDPRESS_ITRF\/wp-content\/uploads\/2021\/12\/earth-1365995__340.webp\"><img loading=\"lazy\" decoding=\"async\" class=\"aligncenter size-full wp-image-2678\" src=\"https:\/\/toulouse-sgencfdt.fr\/WORDPRESS_ITRF\/wp-content\/uploads\/2021\/12\/earth-1365995__340.webp\" alt=\"\" width=\"637\" height=\"340\" srcset=\"https:\/\/toulouse-sgencfdt.fr\/WORDPRESS_ITRF\/wp-content\/uploads\/2021\/12\/earth-1365995__340.webp 637w, https:\/\/toulouse-sgencfdt.fr\/WORDPRESS_ITRF\/wp-content\/uploads\/2021\/12\/earth-1365995__340-300x160.webp 300w\" sizes=\"auto, (max-width: 637px) 100vw, 637px\" \/><\/a><\/p>\n<table style=\"width: 100%; border-collapse: collapse; height: 625px;\">\n<tbody>\n<tr style=\"height: 73px;\">\n<td style=\"width: 25%; height: 73px;\">\n<ul>\n<li>\n<h3 class=\"western\" style=\"text-align: left;\" align=\"center\"><span style=\"font-size: 14pt;\"><a href=\"http:\/\/toulouse-sgencfdt.fr\/WORDPRESS_ITRF\/2020\/10\/27\/comment-mettre-les-satellites-en-rotation-autour-de-la-terre\/\"><span style=\"font-family: Arial, sans-serif;\">Comment mettre les satellites en rotation autour de la Terre ?<\/span><\/a><\/span><\/h3>\n<\/li>\n<\/ul>\n<\/td>\n<\/tr>\n<tr style=\"height: 72px;\">\n<td style=\"width: 25%; height: 72px;\">\n<ul>\n<li>\n<h3 class=\"western\" style=\"text-align: left;\" align=\"center\"><span style=\"font-size: 14pt;\"><a href=\"http:\/\/toulouse-sgencfdt.fr\/WORDPRESS_ITRF\/2020\/10\/27\/comment-peser-la-terre-alors-que-lon-a-les-pieds-dessus\/\"><span style=\"font-family: arial, helvetica, sans-serif;\">comment peser la terre <\/span>alors que l&#8217;on a les pieds dessus?<\/a><\/span><\/h3>\n<\/li>\n<\/ul>\n<\/td>\n<\/tr>\n<tr style=\"height: 36px;\">\n<td style=\"width: 25%; height: 36px;\">\n<h3><a href=\"https:\/\/toulouse-sgencfdt.fr\/WORDPRESS_ITRF\/2021\/12\/09\/les-satellites\/\">Les satellites<\/a><\/h3>\n<\/td>\n<\/tr>\n<tr style=\"height: 36px;\">\n<td style=\"width: 25%; height: 36px;\">\n<h3><a href=\"https:\/\/toulouse-sgencfdt.fr\/WORDPRESS_ITRF\/2021\/12\/02\/decouverte-de-la-gravitation\/\">D\u00e9couverte de la gravitation<\/a><\/h3>\n<\/td>\n<\/tr>\n<tr style=\"height: 36px;\">\n<td style=\"width: 25%; height: 36px;\">\n<h3><a href=\"https:\/\/toulouse-sgencfdt.fr\/WORDPRESS_ITRF\/2021\/12\/11\/mesure-dune-distance\/\">Mesure d&#8217;une distance<\/a><\/h3>\n<\/td>\n<\/tr>\n<tr>\n<td style=\"width: 25%;\">\n<h3><a href=\"https:\/\/toulouse-sgencfdt.fr\/WORDPRESS_ITRF\/2022\/05\/26\/relativite-du-mouvement\/\"><span style=\"font-size: 14pt;\">Relativit\u00e9 du mouvement<\/span><\/a><\/h3>\n<\/td>\n<\/tr>\n<tr style=\"height: 48px;\">\n<td style=\"width: 25%; height: 48px;\">\n<h3><span style=\"font-size: 14pt;\"><a href=\"http:\/\/toulouse-sgencfdt.fr\/WORDPRESS_ITRF\/2020\/10\/27\/2eme-loi-de-newton\/\">2nde loi de Newton<\/a><\/span><\/h3>\n<\/td>\n<\/tr>\n<tr style=\"height: 48px;\">\n<td style=\"width: 25%; height: 48px;\">\n<h2><a href=\"https:\/\/toulouse-sgencfdt.fr\/WORDPRESS_ITRF\/2022\/01\/14\/energie-cinetique\/\">Energie cin\u00e9tique<\/a><\/h2>\n<h3><a href=\"https:\/\/toulouse-sgencfdt.fr\/WORDPRESS_ITRF\/2022\/09\/12\/tp-travail-dune-force\/\">Travail une force<\/a><\/h3>\n<\/td>\n<\/tr>\n<tr style=\"height: 48px;\">\n<td style=\"width: 25%; height: 48px;\">\n<ul>\n<li>\n<h3><span style=\"font-size: 14pt;\"><a href=\"http:\/\/toulouse-sgencfdt.fr\/WORDPRESS_ITRF\/2020\/12\/07\/constante-de-raideur-dun-ressort\/\">TP constante de raideur d&#8217;un ressort<\/a><\/span><\/h3>\n<\/li>\n<\/ul>\n<\/td>\n<\/tr>\n<tr style=\"height: 48px;\">\n<td style=\"width: 25%; height: 48px;\">\n<ul>\n<li>\n<h3><span style=\"font-size: 14pt;\"><a href=\"http:\/\/toulouse-sgencfdt.fr\/WORDPRESS_ITRF\/2021\/01\/07\/tp-mesures-de-son\/\">TP mesure vitesse de son et hauteur de chute<\/a><\/span><\/h3>\n<\/li>\n<\/ul>\n<\/td>\n<\/tr>\n<tr style=\"height: 36px;\">\n<td style=\"width: 25%; height: 36px;\">\n<h3><span style=\"font-size: 14pt;\"><a href=\"http:\/\/toulouse-sgencfdt.fr\/WORDPRESS_ITRF\/2021\/04\/07\/table-a-coussin-dair\/\">utilisation de la table \u00e0 coussin d&#8217;air<\/a><\/span><\/h3>\n<\/td>\n<\/tr>\n<tr>\n<td style=\"width: 25%;\">\n<h3><a href=\"https:\/\/toulouse-sgencfdt.fr\/WORDPRESS_ITRF\/2022\/04\/18\/goutte-kmno4\/\">Chute bille KMnO4<\/a><\/h3>\n<\/td>\n<\/tr>\n<tr style=\"height: 36px;\">\n<td style=\"width: 25%; height: 36px;\">\n<h3><a href=\"https:\/\/toulouse-sgencfdt.fr\/WORDPRESS_ITRF\/2021\/11\/23\/doppler\/\">DOPPLER<\/a><\/h3>\n<\/td>\n<\/tr>\n<tr style=\"height: 36px;\">\n<td style=\"width: 25%; height: 36px;\">\n<ul>\n<li>\n<h3><span style=\"font-size: 14pt;\"><a href=\"http:\/\/toulouse-sgencfdt.fr\/WORDPRESS_ITRF\/2020\/11\/24\/tp-forces\/\">TP solide soumis \u00e0 3 forces<\/a><\/span><\/h3>\n<\/li>\n<\/ul>\n<\/td>\n<\/tr>\n<tr style=\"height: 36px;\">\n<td style=\"width: 25%; height: 36px;\">\n<h4><a href=\"https:\/\/toulouse-sgencfdt.fr\/WORDPRESS_ITRF\/2022\/01\/11\/mesure-dune-force\/\">Mesure de force<\/a><\/h4>\n<p>&nbsp;<\/p>\n<h3><a href=\"https:\/\/toulouse-sgencfdt.fr\/WORDPRESS_ITRF\/2022\/06\/11\/tp-forces-2\/\">\u00c9tude de forces<\/a><\/h3>\n<\/td>\n<\/tr>\n<tr style=\"height: 36px;\">\n<td style=\"width: 25%; height: 36px;\">\n<h2><a href=\"https:\/\/toulouse-sgencfdt.fr\/WORDPRESS_ITRF\/2022\/01\/12\/relation-en-poids-et-masse\/\">Relation entre P et m<\/a><\/h2>\n<\/td>\n<\/tr>\n<tr>\n<td style=\"width: 25%;\">\n<h3><a href=\"https:\/\/toulouse-sgencfdt.fr\/WORDPRESS_ITRF\/2022\/03\/23\/activite-securite-routiere\/\">S\u00e9curit\u00e9 routi\u00e8re<\/a><\/h3>\n<\/td>\n<\/tr>\n<tr>\n<td style=\"width: 25%;\">\n<h3><a href=\"https:\/\/toulouse-sgencfdt.fr\/WORDPRESS_ITRF\/2022\/02\/20\/mouvement-et-vitesse\/\">Mouvement et vitesse<\/a><\/h3>\n<h2><\/h2>\n<p><a href=\"https:\/\/toulouse-sgencfdt.fr\/WORDPRESS_ITRF\/2022\/03\/18\/tp-mouvement-dun-solide\/\">https:\/\/toulouse-sgencfdt.fr\/WORDPRESS_ITRF\/2022\/03\/18\/tp-mouvement-dun-solide\/<\/a><\/p>\n<p>&nbsp;<\/p>\n<h3><a href=\"https:\/\/toulouse-sgencfdt.fr\/WORDPRESS_ITRF\/2022\/06\/03\/corde-de-melde\/\">Corde de Melde<\/a><\/h3>\n<h3><a href=\"https:\/\/toulouse-sgencfdt.fr\/WORDPRESS_ITRF\/2022\/06\/04\/pendule\/\">Pendule<\/a><\/h3>\n<p>&nbsp;<\/p>\n<p>&nbsp;<\/td>\n<\/tr>\n<\/tbody>\n<\/table>\n<p>&nbsp;<\/p>\n<h2>Exercices et contr\u00f4les<\/h2>\n<p>&nbsp;<\/p>\n<h3><a href=\"https:\/\/toulouse-sgencfdt.fr\/WORDPRESS_ITRF\/2022\/08\/04\/ds-controle-meca-3eme\/\">M\u00e9canique 3eme<\/a><\/h3>\n<h3><a href=\"https:\/\/toulouse-sgencfdt.fr\/WORDPRESS_ITRF\/2022\/08\/26\/ds-et-controle-meca-1ere\/\">Mecanique 1ere<\/a><\/h3>\n<h3><a href=\"https:\/\/toulouse-sgencfdt.fr\/WORDPRESS_ITRF\/2022\/08\/29\/ds-controle-meca-2nd\/\">M\u00e9canique 2nd<\/a><\/h3>\n<p>&nbsp;<\/p>\n","protected":false},"excerpt":{"rendered":"<p>Bienvenue sur la page des TP de Physique d\u00e9di\u00e9e \u00e0 la MECANIQUE! Si vous avez des questions ou si vous souhaitez partager un TP avec nous, n&#8217;h\u00e9sitez pas \u00e0 me contacter: gservy@sgen.cfdt.fr &nbsp; Comment mettre les satellites en rotation autour de la Terre ? comment peser la terre alors que l&#8217;on a les pieds dessus? &hellip; <a href=\"https:\/\/toulouse-sgencfdt.fr\/WORDPRESS_ITRF\/tp-de-physique-mecanique\/\" class=\"more-link\">Continuer la lecture de <span class=\"screen-reader-text\">TP de Physique: MECANIQUE<\/span>  <span class=\"meta-nav\">&rarr;<\/span><\/a><\/p>\n","protected":false},"author":11,"featured_media":0,"parent":0,"menu_order":0,"comment_status":"closed","ping_status":"closed","template":"","meta":{"footnotes":""},"class_list":["post-2653","page","type-page","status-publish","hentry"],"_links":{"self":[{"href":"https:\/\/toulouse-sgencfdt.fr\/WORDPRESS_ITRF\/wp-json\/wp\/v2\/pages\/2653","targetHints":{"allow":["GET"]}}],"collection":[{"href":"https:\/\/toulouse-sgencfdt.fr\/WORDPRESS_ITRF\/wp-json\/wp\/v2\/pages"}],"about":[{"href":"https:\/\/toulouse-sgencfdt.fr\/WORDPRESS_ITRF\/wp-json\/wp\/v2\/types\/page"}],"author":[{"embeddable":true,"href":"https:\/\/toulouse-sgencfdt.fr\/WORDPRESS_ITRF\/wp-json\/wp\/v2\/users\/11"}],"replies":[{"embeddable":true,"href":"https:\/\/toulouse-sgencfdt.fr\/WORDPRESS_ITRF\/wp-json\/wp\/v2\/comments?post=2653"}],"version-history":[{"count":20,"href":"https:\/\/toulouse-sgencfdt.fr\/WORDPRESS_ITRF\/wp-json\/wp\/v2\/pages\/2653\/revisions"}],"predecessor-version":[{"id":4510,"href":"https:\/\/toulouse-sgencfdt.fr\/WORDPRESS_ITRF\/wp-json\/wp\/v2\/pages\/2653\/revisions\/4510"}],"wp:attachment":[{"href":"https:\/\/toulouse-sgencfdt.fr\/WORDPRESS_ITRF\/wp-json\/wp\/v2\/media?parent=2653"}],"curies":[{"name":"wp","href":"https:\/\/api.w.org\/{rel}","templated":true}]}}