{"id":2655,"date":"2021-12-15T10:39:38","date_gmt":"2021-12-15T09:39:38","guid":{"rendered":"https:\/\/toulouse-sgencfdt.fr\/WORDPRESS_ITRF\/?page_id=2655"},"modified":"2022-10-20T08:36:49","modified_gmt":"2022-10-20T06:36:49","slug":"tp-de-physique-activites-diverses","status":"publish","type":"page","link":"https:\/\/toulouse-sgencfdt.fr\/WORDPRESS_ITRF\/tp-de-physique-activites-diverses\/","title":{"rendered":"TP de Physique: activit\u00e9s diverses"},"content":{"rendered":"<h1 style=\"padding-left: 80px;\"><span style=\"color: #ffff00;\">Bienvenue sur la page des TP de Physique d\u00e9di\u00e9es \u00e0 pleins de petites manipulations et activit\u00e9s que l&#8217;on peut r\u00e9aliser au labo!<\/span><\/h1>\n<p>Si vous avez des questions ou si vous souhaitez partager un TP avec nous, n&#8217;h\u00e9sitez pas \u00e0 me contacter: gservy@sgen.cfdt.<\/p>\n<table style=\"width: 100%; border-collapse: collapse; height: 1200px;\">\n<tbody>\n<tr>\n<td style=\"width: 25%;\">\n<h2><a href=\"https:\/\/toulouse-sgencfdt.fr\/WORDPRESS_ITRF\/2022\/04\/30\/onde-et-transmission\/\"><span style=\"font-size: 18.6667px;\">Onde et transmission<\/span><\/a><\/h2>\n<\/td>\n<\/tr>\n<tr>\n<td style=\"width: 25%;\">\n<h2><a href=\"https:\/\/toulouse-sgencfdt.fr\/WORDPRESS_ITRF\/2022\/05\/04\/ad-les-calendriers\/\"><span style=\"font-size: 18.6667px;\">Calendriers<\/span><\/a><\/h2>\n<p>&nbsp;<\/p>\n<p><a href=\"https:\/\/toulouse-sgencfdt.fr\/WORDPRESS_ITRF\/2022\/06\/16\/ad-la-vitesse\/\">https:\/\/toulouse-sgencfdt.fr\/WORDPRESS_ITRF\/2022\/06\/16\/ad-la-vitesse\/<\/a><\/td>\n<\/tr>\n<tr>\n<td style=\"width: 25%;\">\n<h2><a href=\"https:\/\/toulouse-sgencfdt.fr\/WORDPRESS_ITRF\/2022\/05\/05\/ad-les-phases-de-la-lune\/\"><span style=\"font-size: 18.6667px;\">Phases de la lune<\/span><\/a><\/h2>\n<\/td>\n<\/tr>\n<tr>\n<td style=\"width: 25%;\">\n<h2><a href=\"https:\/\/toulouse-sgencfdt.fr\/WORDPRESS_ITRF\/2022\/05\/02\/representation-de-lechelle-des-planetes\/\"><span style=\"font-size: 18.6667px;\">L&#8217;\u00e9chelle des plan\u00e8tes<\/span><\/a><\/h2>\n<\/td>\n<\/tr>\n<tr>\n<td style=\"width: 25%;\">\n<h2><a href=\"https:\/\/toulouse-sgencfdt.fr\/WORDPRESS_ITRF\/2022\/04\/28\/sur-les-traces-de-thales\/\"><span style=\"font-size: 18.6667px;\">Thal\u00e8s<\/span><\/a><\/h2>\n<\/td>\n<\/tr>\n<tr style=\"height: 36px;\">\n<td style=\"width: 25%; height: 36px;\">\n<h2><a href=\"https:\/\/toulouse-sgencfdt.fr\/WORDPRESS_ITRF\/2022\/04\/25\/ad-lair\/\"><span style=\"font-size: 18.6667px;\">AD l&#8217;air<\/span><\/a><\/h2>\n<\/td>\n<\/tr>\n<tr style=\"height: 36px;\">\n<td style=\"width: 25%; height: 36px;\">\n<h2><a href=\"https:\/\/toulouse-sgencfdt.fr\/WORDPRESS_ITRF\/2022\/04\/27\/ad-les-eclipses\/\"><span style=\"font-size: 18.6667px;\">AD les \u00e9clipses<\/span><\/a><\/h2>\n<\/td>\n<\/tr>\n<tr style=\"height: 36px;\">\n<td style=\"width: 25%; height: 36px;\">\n<h2><a href=\"https:\/\/toulouse-sgencfdt.fr\/WORDPRESS_ITRF\/2022\/01\/21\/experiences-avec-phyphox\/\"><span style=\"font-size: 14pt;\">Exp\u00e9riences avec Phyphox et la lumi\u00e8re<\/span><\/a><\/h2>\n<\/td>\n<\/tr>\n<tr style=\"height: 36px;\">\n<td style=\"width: 25%; height: 36px;\">\n<h2><a href=\"https:\/\/toulouse-sgencfdt.fr\/WORDPRESS_ITRF\/2022\/03\/13\/tp-acoustique-musicale\/\"><span style=\"font-size: 18.6667px;\">TP acoustique musicale<\/span><\/a><\/h2>\n<\/td>\n<\/tr>\n<tr style=\"height: 36px;\">\n<td style=\"width: 25%; height: 36px;\">\n<h2><a href=\"https:\/\/toulouse-sgencfdt.fr\/WORDPRESS_ITRF\/2022\/01\/27\/chute-bille-kmno4\/\"><span style=\"font-size: 14pt;\">Chute bille KMnO4<\/span><\/a><\/h2>\n<\/td>\n<\/tr>\n<tr style=\"height: 36px;\">\n<td style=\"width: 25%; height: 36px;\">\n<h2><a href=\"https:\/\/toulouse-sgencfdt.fr\/WORDPRESS_ITRF\/2022\/04\/19\/fonctionnement-dune-step\/\"><span style=\"font-size: 14pt;\">AD la STEP<\/span><\/a><\/h2>\n<\/td>\n<\/tr>\n<tr style=\"height: 36px;\">\n<td style=\"width: 25%; height: 36px;\">\n<h2><a href=\"https:\/\/toulouse-sgencfdt.fr\/WORDPRESS_ITRF\/2021\/12\/30\/cuve-rheographique\/\"><span style=\"font-size: 14pt;\">Cuve rheographique<\/span><\/a><\/h2>\n<\/td>\n<\/tr>\n<tr style=\"height: 36px;\">\n<td style=\"width: 25%; height: 36px;\">\n<h2><a href=\"https:\/\/toulouse-sgencfdt.fr\/WORDPRESS_ITRF\/2021\/12\/27\/electrisation\/\"><span style=\"font-size: 14pt;\">Manip \u00e9lectrostatique electrisation<\/span><\/a><\/h2>\n<\/td>\n<\/tr>\n<tr style=\"height: 36px;\">\n<td style=\"width: 25%; height: 36px;\">\n<h2><a href=\"https:\/\/toulouse-sgencfdt.fr\/WORDPRESS_ITRF\/2021\/12\/28\/isolation-phonique\/\"><span style=\"font-size: 18.6667px;\">Isolation phonique\u00a0<\/span><\/a><\/h2>\n<\/td>\n<\/tr>\n<tr style=\"height: 96px;\">\n<td style=\"width: 25%; height: 96px;\">\n<ul>\n<li>\n<h2><span style=\"font-size: 14pt;\"><a href=\"http:\/\/toulouse-sgencfdt.fr\/WORDPRESS_ITRF\/2020\/05\/27\/tp-courbe-detalonnage-temperature\/\">TP plage de temp\u00e9rature<\/a><\/span><\/h2>\n<\/li>\n<\/ul>\n<h2 class=\"western\" style=\"text-align: left;\" align=\"center\"><span style=\"font-family: Arial, sans-serif; font-size: 14pt;\">\u00a0<\/span><\/h2>\n<\/td>\n<\/tr>\n<tr style=\"height: 96px;\">\n<td style=\"width: 25%; height: 96px;\">\n<ul>\n<li>\n<h2><span style=\"font-size: 14pt;\"><a href=\"http:\/\/toulouse-sgencfdt.fr\/WORDPRESS_ITRF\/2020\/05\/27\/tp-identification-de-materiaux\/\">TP identification de mat\u00e9riaux<\/a><\/span><\/h2>\n<\/li>\n<\/ul>\n<h2 class=\"western\" style=\"text-align: left;\" align=\"center\"><span style=\"font-size: 14pt;\"><span style=\"font-family: arial, helvetica, sans-serif;\">\u00a0<\/span><\/span><\/h2>\n<\/td>\n<\/tr>\n<tr style=\"height: 48px;\">\n<td style=\"width: 25%; height: 48px;\">\n<ul>\n<li>\n<h2><span style=\"font-size: 14pt;\"><a href=\"http:\/\/toulouse-sgencfdt.fr\/WORDPRESS_ITRF\/2020\/11\/10\/echographie-et-us\/\">Echographie et US<\/a><\/span><\/h2>\n<\/li>\n<\/ul>\n<\/td>\n<\/tr>\n<tr style=\"height: 48px;\">\n<td style=\"width: 25%; height: 48px;\">\n<ul>\n<li>\n<h2><span style=\"font-size: 14pt;\"><a href=\"http:\/\/toulouse-sgencfdt.fr\/WORDPRESS_ITRF\/2021\/01\/04\/tp-note-de-musique\/\">TP note jou\u00e9e par une fl\u00fbte avec Phyphox<\/a><\/span><\/h2>\n<\/li>\n<\/ul>\n<\/td>\n<\/tr>\n<tr>\n<td style=\"width: 25%;\">\n<h2><a href=\"https:\/\/toulouse-sgencfdt.fr\/WORDPRESS_ITRF\/2022\/05\/03\/compression-gaz\/\"><span style=\"font-size: 14pt;\">Pression gaz<\/span><\/a><\/h2>\n<h3><a href=\"https:\/\/toulouse-sgencfdt.fr\/WORDPRESS_ITRF\/2022\/09\/01\/tp-suivi-de-reaction-par-mesure-de-pression\/\">Suivi de r\u00e9action par mesure de pression\u00a0<\/a><\/h3>\n<\/td>\n<\/tr>\n<tr style=\"height: 36px;\">\n<td style=\"width: 25%; height: 36px;\">\n<h2><span style=\"font-size: 14pt;\"><a href=\"http:\/\/toulouse-sgencfdt.fr\/WORDPRESS_ITRF\/2020\/06\/28\/tp-statique-des-fluides\/\">TP statique des fluides<\/a><\/span><\/h2>\n<\/td>\n<\/tr>\n<tr style=\"height: 36px;\">\n<td style=\"width: 25%; height: 36px;\">\n<h2><span style=\"font-size: 14pt;\"><a href=\"http:\/\/toulouse-sgencfdt.fr\/WORDPRESS_ITRF\/2021\/04\/07\/cuve-a-ondes\/\">Utilisation Cuve \u00e0 ondes<\/a><\/span><\/h2>\n<\/td>\n<\/tr>\n<tr style=\"height: 36px;\">\n<td style=\"width: 25%; height: 36px;\">\n<h2><span style=\"font-size: 14pt;\"><a href=\"http:\/\/toulouse-sgencfdt.fr\/WORDPRESS_ITRF\/2021\/04\/07\/cloche-a-vide\/\">Utilisation cloche \u00e0 vide<\/a><\/span><\/h2>\n<\/td>\n<\/tr>\n<tr style=\"height: 36px;\">\n<td style=\"width: 25%; height: 36px;\">\n<h2><a href=\"https:\/\/toulouse-sgencfdt.fr\/WORDPRESS_ITRF\/2021\/11\/08\/tp-comment-evaluer-la-distance-de-lorage\/\">TP: Comment \u00e9valuer la distance de l&#8217;orage?<\/a><\/h2>\n<\/td>\n<\/tr>\n<tr style=\"height: 36px;\">\n<td style=\"width: 25%; height: 36px;\">\n<h2><a href=\"https:\/\/toulouse-sgencfdt.fr\/WORDPRESS_ITRF\/2021\/11\/14\/pouvoir-calorifique-de-la-bougie\/\">Pouvoir calorifique de la bougie<\/a><\/h2>\n<\/td>\n<\/tr>\n<tr style=\"height: 60px;\">\n<td style=\"width: 25%; height: 60px;\">\n<h2><a href=\"https:\/\/toulouse-sgencfdt.fr\/WORDPRESS_ITRF\/2021\/11\/18\/tp-enregistrer-et-analyser-le-son-dun-instrument-de-musique\/\">TP<\/a> <a href=\"https:\/\/toulouse-sgencfdt.fr\/WORDPRESS_ITRF\/2021\/11\/18\/tp-enregistrer-et-analyser-le-son-dun-instrument-de-musique\/\">enregistrer et analyser le son d&#8217;un instrument de musique<\/a><\/h2>\n<\/td>\n<\/tr>\n<tr style=\"height: 36px;\">\n<td style=\"width: 25%; height: 36px;\">\n<h2><a href=\"https:\/\/toulouse-sgencfdt.fr\/WORDPRESS_ITRF\/2021\/11\/17\/electrocardiogramme\/\">ECG<\/a><\/h2>\n<\/td>\n<\/tr>\n<tr style=\"height: 36px;\">\n<td style=\"width: 25%; height: 36px;\">\n<h2><a href=\"https:\/\/toulouse-sgencfdt.fr\/WORDPRESS_ITRF\/2021\/11\/20\/pression-dun-fuide\/\">TP Pression Boyle Mariotte<\/a><\/h2>\n<\/td>\n<\/tr>\n<tr style=\"height: 36px;\">\n<td style=\"width: 25%; height: 36px;\">\n<h2><a href=\"https:\/\/toulouse-sgencfdt.fr\/WORDPRESS_ITRF\/2022\/01\/05\/vitesse-du-son-dans-lair\/\">Vitesse du son dans l&#8217;air<\/a><\/h2>\n<\/td>\n<\/tr>\n<tr style=\"height: 36px;\">\n<td style=\"width: 25%; height: 36px;\">\n<h2><a href=\"https:\/\/toulouse-sgencfdt.fr\/WORDPRESS_ITRF\/2022\/01\/06\/mesure-de-lepaisseur-dun-cheveu\/\">mesure \u00e9paisseur d&#8217;un cheveu<\/a><\/h2>\n<\/td>\n<\/tr>\n<tr style=\"height: 36px;\">\n<td style=\"width: 25%; height: 36px;\">\n<h2><a href=\"https:\/\/toulouse-sgencfdt.fr\/WORDPRESS_ITRF\/2022\/01\/23\/conduction-thermique-des-materiaux\/\">conduction des m\u00e9taux<\/a><\/h2>\n<\/td>\n<\/tr>\n<tr style=\"height: 36px;\">\n<td style=\"width: 25%; height: 36px;\">\n<h2><a href=\"https:\/\/toulouse-sgencfdt.fr\/WORDPRESS_ITRF\/2022\/02\/17\/capacite-thermique-massique-des-materiaux\/\">capacit\u00e9 thermique massique des mat\u00e9riaux<\/a><\/h2>\n<p>&nbsp;<\/p>\n<h2><a href=\"https:\/\/toulouse-sgencfdt.fr\/WORDPRESS_ITRF\/2022\/10\/20\/bilan-thermique-dune-classe\/\">Bilan thermique d&#8217;une classe<\/a><\/h2>\n<\/td>\n<\/tr>\n<tr style=\"height: 36px;\">\n<td style=\"width: 25%; height: 36px;\">\n<h2><a href=\"https:\/\/toulouse-sgencfdt.fr\/WORDPRESS_ITRF\/2022\/02\/19\/energie-interne\/\">\u00e9nergie interne<\/a><\/h2>\n<\/td>\n<\/tr>\n<tr style=\"height: 36px;\">\n<td style=\"width: 25%; height: 36px;\">\n<h2><a href=\"https:\/\/toulouse-sgencfdt.fr\/WORDPRESS_ITRF\/2022\/03\/07\/corrosion-du-fer-et-protection-des-metaux\/\">corrosion des m\u00e9taux<\/a><\/h2>\n<p>&nbsp;<\/p>\n<h3><strong><a href=\"https:\/\/toulouse-sgencfdt.fr\/WORDPRESS_ITRF\/2022\/06\/08\/ad-interactions\/\">Les interactions fondamentales<\/a><\/strong><\/h3>\n<h3><a href=\"https:\/\/toulouse-sgencfdt.fr\/WORDPRESS_ITRF\/2022\/09\/04\/tp-mesure-longueur\/\">Mesures de longueurs<\/a><\/h3>\n<h3><a href=\"https:\/\/toulouse-sgencfdt.fr\/WORDPRESS_ITRF\/2022\/09\/06\/tp-pression-simulation\/\">TP simulation Pression<\/a><\/h3>\n<\/td>\n<\/tr>\n<\/tbody>\n<\/table>\n<h3><\/h3>\n<p><a href=\"https:\/\/toulouse-sgencfdt.fr\/WORDPRESS_ITRF\/wp-content\/uploads\/2021\/12\/smart-home-2005993__340.webp\"><img loading=\"lazy\" decoding=\"async\" class=\"aligncenter size-full wp-image-2680\" src=\"https:\/\/toulouse-sgencfdt.fr\/WORDPRESS_ITRF\/wp-content\/uploads\/2021\/12\/smart-home-2005993__340.webp\" alt=\"\" width=\"480\" height=\"340\" srcset=\"https:\/\/toulouse-sgencfdt.fr\/WORDPRESS_ITRF\/wp-content\/uploads\/2021\/12\/smart-home-2005993__340.webp 480w, https:\/\/toulouse-sgencfdt.fr\/WORDPRESS_ITRF\/wp-content\/uploads\/2021\/12\/smart-home-2005993__340-300x213.webp 300w\" sizes=\"auto, (max-width: 480px) 100vw, 480px\" \/><\/a><\/p>\n","protected":false},"excerpt":{"rendered":"<p>Bienvenue sur la page des TP de Physique d\u00e9di\u00e9es \u00e0 pleins de petites manipulations et activit\u00e9s que l&#8217;on peut r\u00e9aliser au labo! Si vous avez des questions ou si vous souhaitez partager un TP avec nous, n&#8217;h\u00e9sitez pas \u00e0 me contacter: gservy@sgen.cfdt. Onde et transmission Calendriers &nbsp; https:\/\/toulouse-sgencfdt.fr\/WORDPRESS_ITRF\/2022\/06\/16\/ad-la-vitesse\/ Phases de la lune L&#8217;\u00e9chelle des plan\u00e8tes &hellip; <a href=\"https:\/\/toulouse-sgencfdt.fr\/WORDPRESS_ITRF\/tp-de-physique-activites-diverses\/\" class=\"more-link\">Continuer la lecture de <span class=\"screen-reader-text\">TP de Physique: activit\u00e9s diverses<\/span>  <span class=\"meta-nav\">&rarr;<\/span><\/a><\/p>\n","protected":false},"author":11,"featured_media":0,"parent":0,"menu_order":0,"comment_status":"closed","ping_status":"closed","template":"","meta":{"footnotes":""},"class_list":["post-2655","page","type-page","status-publish","hentry"],"_links":{"self":[{"href":"https:\/\/toulouse-sgencfdt.fr\/WORDPRESS_ITRF\/wp-json\/wp\/v2\/pages\/2655","targetHints":{"allow":["GET"]}}],"collection":[{"href":"https:\/\/toulouse-sgencfdt.fr\/WORDPRESS_ITRF\/wp-json\/wp\/v2\/pages"}],"about":[{"href":"https:\/\/toulouse-sgencfdt.fr\/WORDPRESS_ITRF\/wp-json\/wp\/v2\/types\/page"}],"author":[{"embeddable":true,"href":"https:\/\/toulouse-sgencfdt.fr\/WORDPRESS_ITRF\/wp-json\/wp\/v2\/users\/11"}],"replies":[{"embeddable":true,"href":"https:\/\/toulouse-sgencfdt.fr\/WORDPRESS_ITRF\/wp-json\/wp\/v2\/comments?post=2655"}],"version-history":[{"count":30,"href":"https:\/\/toulouse-sgencfdt.fr\/WORDPRESS_ITRF\/wp-json\/wp\/v2\/pages\/2655\/revisions"}],"predecessor-version":[{"id":4680,"href":"https:\/\/toulouse-sgencfdt.fr\/WORDPRESS_ITRF\/wp-json\/wp\/v2\/pages\/2655\/revisions\/4680"}],"wp:attachment":[{"href":"https:\/\/toulouse-sgencfdt.fr\/WORDPRESS_ITRF\/wp-json\/wp\/v2\/media?parent=2655"}],"curies":[{"name":"wp","href":"https:\/\/api.w.org\/{rel}","templated":true}]}}