{"id":2707,"date":"2021-12-16T17:30:33","date_gmt":"2021-12-16T16:30:33","guid":{"rendered":"https:\/\/toulouse-sgencfdt.fr\/WORDPRESS_ITRF\/?page_id=2707"},"modified":"2022-08-29T19:56:02","modified_gmt":"2022-08-29T17:56:02","slug":"infos-carriere-2","status":"publish","type":"page","link":"https:\/\/toulouse-sgencfdt.fr\/WORDPRESS_ITRF\/infos-carriere-2\/","title":{"rendered":"Infos carri\u00e8re"},"content":{"rendered":"<p>Une page o\u00f9 vous trouverez toutes les infos n\u00e9cessaire \u00e0 votre carri\u00e8re, que vous soyez:<\/p>\n<ul>\n<li>\n<h2><a href=\"https:\/\/toulouse-sgencfdt.fr\/WORDPRESS_ITRF\/infos-nouveaux-arrives-2\/\">contractuels<\/a><\/h2>\n<\/li>\n<li>\n<h2><a href=\"https:\/\/toulouse-sgencfdt.fr\/WORDPRESS_ITRF\/infos-nouveaux-arrives-2\/\">stagiaires<\/a><\/h2>\n<\/li>\n<li>\n<h2><a href=\"https:\/\/toulouse-sgencfdt.fr\/WORDPRESS_ITRF\/infos-carriere\/\">titulaires<\/a><\/h2>\n<\/li>\n<\/ul>\n<p><img loading=\"lazy\" decoding=\"async\" class=\"aligncenter size-full wp-image-1336\" src=\"https:\/\/toulouse-sgencfdt.fr\/WORDPRESS_ITRF\/wp-content\/uploads\/2020\/10\/Vos-droits.jpg\" alt=\"\" width=\"177\" height=\"105\" \/><\/p>\n<p>Le Sgen-CFDT Midi-Pyr\u00e9n\u00e9es est l\u00e0 pour vous accompagner quelque soit votre situation!<\/p>\n<p>N&#8217;h\u00e9sitez pas \u00e0 nous contacter \u00e0:<\/p>\n<p style=\"text-align: center;\">toulouse@sgen.cfdt.fr ou gservy@sgen.cfdt.fr<\/p>\n<p>&nbsp;<\/p>\n<h4 style=\"text-align: center;\">Pour vous aider sur vos organigrammes, allez voir<a href=\"https:\/\/toulouse-sgencfdt.fr\/WORDPRESS_ITRF\/2020\/04\/07\/realiser-ses-organigrammes\/\"> l&#8217;article\u00a0 suivant \u21d2<\/a><\/h4>\n<h4 style=\"text-align: center;\">Pour vous aider sur vos RA, allez voir <a href=\"https:\/\/toulouse-sgencfdt.fr\/WORDPRESS_ITRF\/2020\/04\/07\/le-rapport-dactivite\/\">l&#8217;article suivant\u21d2<\/a><\/h4>\n<h4 style=\"text-align: center;\">Retrouvez nos retours d&#8217;oraux de nos examens pro dans<a href=\"https:\/\/toulouse-sgencfdt.fr\/WORDPRESS_ITRF\/2020\/04\/21\/les-examens-professionnels-retour-dexperiences\/\"> l&#8217;article suivant \u21d2<\/a><\/h4>\n<p>&nbsp;<\/p>\n<h2>Retrouvez les grilles indiciaires des personnels ITRF dans <a href=\"https:\/\/toulouse-sgencfdt.fr\/WORDPRESS_ITRF\/2020\/04\/24\/grilles-indiciaires-itrf\/\">le lien suivant \u21d2<\/a><\/h2>\n<h3>Ainsi que toutes les r\u00e9mun\u00e9rations de la Fonction Publique <a href=\"https:\/\/toulouse-sgencfdt.fr\/WORDPRESS_ITRF\/2022\/03\/09\/la-remuneration-dans-la-fp\/\">dans l&#8217;article suivant \u21d2<\/a><\/h3>\n<p>&nbsp;<\/p>\n<p><img loading=\"lazy\" decoding=\"async\" class=\"size-full wp-image-2238 aligncenter\" src=\"https:\/\/toulouse-sgencfdt.fr\/WORDPRESS_ITRF\/wp-content\/uploads\/2021\/11\/FB_IMG_1637063118548.jpg\" alt=\"\" width=\"681\" height=\"960\" srcset=\"https:\/\/toulouse-sgencfdt.fr\/WORDPRESS_ITRF\/wp-content\/uploads\/2021\/11\/FB_IMG_1637063118548.jpg 681w, https:\/\/toulouse-sgencfdt.fr\/WORDPRESS_ITRF\/wp-content\/uploads\/2021\/11\/FB_IMG_1637063118548-213x300.jpg 213w\" sizes=\"auto, (max-width: 681px) 100vw, 681px\" \/><\/p>\n","protected":false},"excerpt":{"rendered":"<p>Une page o\u00f9 vous trouverez toutes les infos n\u00e9cessaire \u00e0 votre carri\u00e8re, que vous soyez: contractuels stagiaires titulaires Le Sgen-CFDT Midi-Pyr\u00e9n\u00e9es est l\u00e0 pour vous accompagner quelque soit votre situation! N&#8217;h\u00e9sitez pas \u00e0 nous contacter \u00e0: toulouse@sgen.cfdt.fr ou gservy@sgen.cfdt.fr &nbsp; Pour vous aider sur vos organigrammes, allez voir l&#8217;article\u00a0 suivant \u21d2 Pour vous aider sur &hellip; <a href=\"https:\/\/toulouse-sgencfdt.fr\/WORDPRESS_ITRF\/infos-carriere-2\/\" class=\"more-link\">Continuer la lecture de <span class=\"screen-reader-text\">Infos carri\u00e8re<\/span>  <span class=\"meta-nav\">&rarr;<\/span><\/a><\/p>\n","protected":false},"author":11,"featured_media":0,"parent":0,"menu_order":0,"comment_status":"closed","ping_status":"closed","template":"","meta":{"footnotes":""},"class_list":["post-2707","page","type-page","status-publish","hentry"],"_links":{"self":[{"href":"https:\/\/toulouse-sgencfdt.fr\/WORDPRESS_ITRF\/wp-json\/wp\/v2\/pages\/2707","targetHints":{"allow":["GET"]}}],"collection":[{"href":"https:\/\/toulouse-sgencfdt.fr\/WORDPRESS_ITRF\/wp-json\/wp\/v2\/pages"}],"about":[{"href":"https:\/\/toulouse-sgencfdt.fr\/WORDPRESS_ITRF\/wp-json\/wp\/v2\/types\/page"}],"author":[{"embeddable":true,"href":"https:\/\/toulouse-sgencfdt.fr\/WORDPRESS_ITRF\/wp-json\/wp\/v2\/users\/11"}],"replies":[{"embeddable":true,"href":"https:\/\/toulouse-sgencfdt.fr\/WORDPRESS_ITRF\/wp-json\/wp\/v2\/comments?post=2707"}],"version-history":[{"count":5,"href":"https:\/\/toulouse-sgencfdt.fr\/WORDPRESS_ITRF\/wp-json\/wp\/v2\/pages\/2707\/revisions"}],"predecessor-version":[{"id":4460,"href":"https:\/\/toulouse-sgencfdt.fr\/WORDPRESS_ITRF\/wp-json\/wp\/v2\/pages\/2707\/revisions\/4460"}],"wp:attachment":[{"href":"https:\/\/toulouse-sgencfdt.fr\/WORDPRESS_ITRF\/wp-json\/wp\/v2\/media?parent=2707"}],"curies":[{"name":"wp","href":"https:\/\/api.w.org\/{rel}","templated":true}]}}