{"id":280,"date":"2020-04-07T18:39:13","date_gmt":"2020-04-07T16:39:13","guid":{"rendered":"http:\/\/toulouse-sgencfdt.fr\/WORDPRESS_ITRF\/?page_id=280"},"modified":"2021-12-16T17:45:07","modified_gmt":"2021-12-16T16:45:07","slug":"referens","status":"publish","type":"page","link":"https:\/\/toulouse-sgencfdt.fr\/WORDPRESS_ITRF\/referens\/","title":{"rendered":"Fiches m\u00e9tiers"},"content":{"rendered":"<h1><img loading=\"lazy\" decoding=\"async\" class=\"aligncenter size-full wp-image-2717\" src=\"https:\/\/toulouse-sgencfdt.fr\/WORDPRESS_ITRF\/wp-content\/uploads\/2021\/12\/ya-quelqun_wingz.jpg\" alt=\"\" width=\"850\" height=\"737\" srcset=\"https:\/\/toulouse-sgencfdt.fr\/WORDPRESS_ITRF\/wp-content\/uploads\/2021\/12\/ya-quelqun_wingz.jpg 850w, https:\/\/toulouse-sgencfdt.fr\/WORDPRESS_ITRF\/wp-content\/uploads\/2021\/12\/ya-quelqun_wingz-300x260.jpg 300w, https:\/\/toulouse-sgencfdt.fr\/WORDPRESS_ITRF\/wp-content\/uploads\/2021\/12\/ya-quelqun_wingz-768x666.jpg 768w\" sizes=\"auto, (max-width: 850px) 100vw, 850px\" \/><\/h1>\n<h1><\/h1>\n<h1>FICHES REFERENS<\/h1>\n<p>Vous trouverez dans cette rubrique les fiches REFERENS par BAP\u00a0 \u00a0 \u00a0( branches d\u2019activit\u00e9s professionnelles) avec les fiches de concours associ\u00e9es.<\/p>\n<p>Il existe plusieurs BAP:<\/p>\n<p>A: <a href=\"http:\/\/toulouse-sgencfdt.fr\/WORDPRESS_ITRF\/2020\/04\/09\/sciences-du-vivant\/\">Sciences du vivant\u00a0<\/a><\/p>\n<p>Cette BAP regroupe 5 familles professionnelles et 36 emploi-types<\/p>\n<p>B : <a href=\"http:\/\/toulouse-sgencfdt.fr\/WORDPRESS_ITRF\/2020\/04\/09\/sciences-chimiques-et-sciences-des-materiaux\/\">Sciences chimiques et sciences des mat\u00e9riaux<\/a><\/p>\n<p>Cette BAP regroupe 4 familles professionnelles et 19 emploi-types<\/p>\n<p>C : <a href=\"http:\/\/toulouse-sgencfdt.fr\/WORDPRESS_ITRF\/2020\/04\/10\/sciences-de-lingenieur-et-instrumentation-scientifique\/\">Sciences de l\u2019ing\u00e9nieur et instrumentation scientifique<\/a><\/p>\n<p>Cette BAP regroupe 4 familles professionnelles et 37 emploi-types<\/p>\n<p>D : <a href=\"http:\/\/toulouse-sgencfdt.fr\/WORDPRESS_ITRF\/2020\/04\/09\/sciences-humaines-et-sociales\/\">Sciences humaines et sociales<\/a><\/p>\n<p>Cette BAP regroupe 4 familles professionnelles et 17 emploi-types<\/p>\n<p>E : <a href=\"http:\/\/toulouse-sgencfdt.fr\/WORDPRESS_ITRF\/2020\/04\/10\/informatique-statistiques-et-calcul-scientifique\/\">Informatique, statistique et calcul scientifique<\/a><\/p>\n<p>Cette BAP regroupe 5 familles professionnelles et 18 emploi-types<\/p>\n<p>F : <a href=\"http:\/\/toulouse-sgencfdt.fr\/WORDPRESS_ITRF\/2020\/04\/10\/culture-communication-production-et-diffusion-des-savoirs\/\">Documentation, \u00e9dition, communication<\/a><\/p>\n<p>Cette BAP regroupe 4 familles professionnelles et 44 emploi-types<\/p>\n<p>G : <a href=\"http:\/\/toulouse-sgencfdt.fr\/WORDPRESS_ITRF\/2020\/04\/10\/patrimoine-immobilier-logistique-restauration-et-prevention\/\">Patrimoine, logistique, pr\u00e9vention et restauration<\/a><\/p>\n<p>Cette BAP regroupe 3 familles professionnelles et 38 emploi-types<\/p>\n<p>J : <a href=\"http:\/\/toulouse-sgencfdt.fr\/WORDPRESS_ITRF\/2020\/04\/10\/gestion-et-pilotage\/\">Gestion scientifique et technique des EPST<\/a><\/p>\n<p>Cette BAP regroupe 6 familles professionnelles et 33 emploi-types<\/p>\n<p>&nbsp;<\/p>\n<p>Pour chaque BAP il existe des familles professionnelles \u00e0 l&#8217;int\u00e9rieur desquelles on retrouve les cat\u00e9gories des personnels (IGE,IGR,ASI,TRF,ATRF)<\/p>\n<p><a href=\"https:\/\/data.enseignementsup-recherche.gouv.fr\/pages\/referens\/\">https:\/\/data.enseignementsup-recherche.gouv.fr\/pages\/referens\/<\/a><\/p>\n<p>Si vous avez du mal \u00e0 trouver la fiche correspondant \u00e0 vos missions ou au poste que vous visez, n&#8217;h\u00e9sitez pas \u00e0 nous contacter.<\/p>\n<p>&nbsp;<\/p>\n<h1>LE REME<\/h1>\n<h2>R\u00e9pertoire des m\u00e9tiers et des comp\u00e9tences du minist\u00e8re de l&#8217;Enseignement sup\u00e9rieur, de la Recherche et de l&#8217;Innovation<\/h2>\n<p>&nbsp;<\/p>\n<p>N&#8217;h\u00e9sitez pas \u00e0 chercher votre fiche m\u00e9tier en suivant <a href=\"https:\/\/www.enseignementsup-recherche.gouv.fr\/cid56838\/repertoire-des-metiers-et-des-competences-du-m.e.s.r.i.html\">le lien \u21d2<\/a><\/p>\n<p>&nbsp;<\/p>\n<h1>Le RIME<\/h1>\n<h2 class=\"page-title\">Le R\u00e9pertoire Interminist\u00e9riel des M\u00e9tiers de l\u2019Etat<\/h2>\n<p>&nbsp;<\/p>\n<p>N&#8217;h\u00e9sitez pas \u00e0 chercher votre fiche m\u00e9tier en suivant <a href=\"https:\/\/www.fonction-publique.gouv.fr\/biep\/repertoire-interministeriel-des-metiers-de-letat\">le lien \u21d2<\/a><\/p>\n<p>&nbsp;<\/p>\n<h1>Retrouvez \u00e9galement les fiches REFERENSA<\/h1>\n<p>Ces fiches d&#8217;emplois-types sont pour les personnels relevant du minist\u00e8re de l&#8217;agriculture et de l&#8217;alimentation (MAA). Et oui, des personnels, en plus des enseignants, travaillent dans les \u00e9tablissement scolaires relevant du MAA&#8230; Aller faire un tour en suivant le l<a href=\"https:\/\/chlorofil.fr\/systeme-educatif-agricole\/emplois\/referensa\">ien \u21d2<\/a><\/p>\n<div class=\"field field-name-body field-type-text-with-summary field-label-hidden\">\n<div class=\"field-items\">\n<div class=\"field-item even\"><\/div>\n<\/div>\n<\/div>\n<p>&nbsp;<\/p>\n<p>N\u2019oubliez pas, pour la pr\u00e9paration aux concours ou au liste d\u2019aptitude, examen professionnel\u2026 nous pouvons vous aider. Sur le site, vous trouverez des sujets corrig\u00e9s de concours ITRF pour toutes les BAP.<\/p>\n","protected":false},"excerpt":{"rendered":"<p>FICHES REFERENS Vous trouverez dans cette rubrique les fiches REFERENS par BAP\u00a0 \u00a0 \u00a0( branches d\u2019activit\u00e9s professionnelles) avec les fiches de concours associ\u00e9es. Il existe plusieurs BAP: A: Sciences du vivant\u00a0 Cette BAP regroupe 5 familles professionnelles et 36 emploi-types B : Sciences chimiques et sciences des mat\u00e9riaux Cette BAP regroupe 4 familles professionnelles et &hellip; <a href=\"https:\/\/toulouse-sgencfdt.fr\/WORDPRESS_ITRF\/referens\/\" class=\"more-link\">Continuer la lecture de <span class=\"screen-reader-text\">Fiches m\u00e9tiers<\/span>  <span class=\"meta-nav\">&rarr;<\/span><\/a><\/p>\n","protected":false},"author":11,"featured_media":0,"parent":0,"menu_order":0,"comment_status":"closed","ping_status":"closed","template":"","meta":{"footnotes":""},"class_list":["post-280","page","type-page","status-publish","hentry"],"_links":{"self":[{"href":"https:\/\/toulouse-sgencfdt.fr\/WORDPRESS_ITRF\/wp-json\/wp\/v2\/pages\/280","targetHints":{"allow":["GET"]}}],"collection":[{"href":"https:\/\/toulouse-sgencfdt.fr\/WORDPRESS_ITRF\/wp-json\/wp\/v2\/pages"}],"about":[{"href":"https:\/\/toulouse-sgencfdt.fr\/WORDPRESS_ITRF\/wp-json\/wp\/v2\/types\/page"}],"author":[{"embeddable":true,"href":"https:\/\/toulouse-sgencfdt.fr\/WORDPRESS_ITRF\/wp-json\/wp\/v2\/users\/11"}],"replies":[{"embeddable":true,"href":"https:\/\/toulouse-sgencfdt.fr\/WORDPRESS_ITRF\/wp-json\/wp\/v2\/comments?post=280"}],"version-history":[{"count":18,"href":"https:\/\/toulouse-sgencfdt.fr\/WORDPRESS_ITRF\/wp-json\/wp\/v2\/pages\/280\/revisions"}],"predecessor-version":[{"id":2718,"href":"https:\/\/toulouse-sgencfdt.fr\/WORDPRESS_ITRF\/wp-json\/wp\/v2\/pages\/280\/revisions\/2718"}],"wp:attachment":[{"href":"https:\/\/toulouse-sgencfdt.fr\/WORDPRESS_ITRF\/wp-json\/wp\/v2\/media?parent=280"}],"curies":[{"name":"wp","href":"https:\/\/api.w.org\/{rel}","templated":true}]}}