{"id":449,"date":"2020-04-10T15:45:17","date_gmt":"2020-04-10T13:45:17","guid":{"rendered":"http:\/\/toulouse-sgencfdt.fr\/WORDPRESS_ITRF\/?page_id=449"},"modified":"2023-09-16T15:22:54","modified_gmt":"2023-09-16T13:22:54","slug":"corrections-de-concours","status":"publish","type":"page","link":"https:\/\/toulouse-sgencfdt.fr\/WORDPRESS_ITRF\/corrections-de-concours\/","title":{"rendered":"Annales corrig\u00e9s"},"content":{"rendered":"<h1>SUJETS CONCOURS ITRF<\/h1>\n<p>Nous faisons de notre mieux pour r\u00e9pondre \u00e0 un besoin croissant de r\u00e9ponse des personnels, titulaires ou contractuels, qui passent les concours ITRF et qui ne trouvent que tr\u00e8s peu de propositions de sujets corrig\u00e9s.<\/p>\n<p>Vous trouverez sur cette page des propositions de corrig\u00e9s de concours ITRF.<\/p>\n<p>Si vous avez passez un \u00e9crit et\/ou un oral et que vous souhaitez nous faire part de votre exp\u00e9rience et de votre sujet n&#8217;h\u00e9sitez pas \u00e0 nous l&#8217;envoyer par mail \ud83d\ude09<\/p>\n<p>Nous essayons d&#8217;alimenter toutes les branches d&#8217;activit\u00e9s:<\/p>\n<ul>\n<li><a href=\"http:\/\/toulouse-sgencfdt.fr\/WORDPRESS_ITRF\/corrections-de-concours\/bap-a\/\">BAP A\u00a0: Sciences du vivant, de la terre et de l&#8217;environnement\u00a0;<\/a><\/li>\n<li><a href=\"http:\/\/toulouse-sgencfdt.fr\/WORDPRESS_ITRF\/bap-b\/\">BAP B\u00a0: Sciences chimiques et Sciences des mat\u00e9riaux\u00a0;<\/a><\/li>\n<li><a href=\"http:\/\/toulouse-sgencfdt.fr\/WORDPRESS_ITRF\/2020\/04\/17\/correction-sujets-concours-itrf-bap-c\/\">BAP C\u00a0: Sciences de l&#8217;Ing\u00e9nieur et instrumentation scientifique\u00a0;<\/a><\/li>\n<li><a href=\"http:\/\/toulouse-sgencfdt.fr\/WORDPRESS_ITRF\/bap-d\/\">BAP D\u00a0: Sciences Humaines et Sociales\u00a0;<\/a><\/li>\n<li><a href=\"http:\/\/toulouse-sgencfdt.fr\/WORDPRESS_ITRF\/bap-e\/\">BAP E\u00a0: Informatique, Statistiques et Calcul scientifique\u00a0;<\/a><\/li>\n<li><a href=\"http:\/\/toulouse-sgencfdt.fr\/WORDPRESS_ITRF\/bap-f\/\">BAP F\u00a0: Culture, Communication, Production et diffusion des savoirs\u00a0;<\/a><\/li>\n<li><a href=\"http:\/\/toulouse-sgencfdt.fr\/WORDPRESS_ITRF\/bap-g\/\">BAP G\u00a0: Patrimoine immobilier, Logistique, Restauration et Pr\u00e9vention<\/a>\u00a0;<\/li>\n<li><a href=\"http:\/\/toulouse-sgencfdt.fr\/WORDPRESS_ITRF\/2020\/04\/29\/744\/\">BAP J\u00a0: Gestion et Pilotage.<\/a><\/li>\n<\/ul>\n<p><span style=\"color: #ff0000;\">Pour y acc\u00e9der vous devez vous connecter avec vos identifiants adh\u00e9rents Sgen-CFDT. N&#8217;h\u00e9sitez pas \u00e0 nous contacter.<\/span><\/p>\n<p>&nbsp;<\/p>\n<p>Ce ne sont que des propositions. Toute aide est la bienvenue si vous trouvez une erreur de calcul, ou si vous voulez apportez une pr\u00e9cision ou encore si vous avez envie de nous aider \u00e0 r\u00e9aliser quelques corrections.<\/p>\n<p>Les <a href=\"https:\/\/concours.univ-lyon1.fr\/annales-des-concours\/annales-des-concours-i-t-r-f-par-branches-d-activites-professionnelles-bap--130157.kjsp\">sujets<\/a> se trouvent sur le site de l&#8217;UCBL.<\/p>\n<p>Les annales 2021 se trouvent dans<a href=\"https:\/\/concours.univ-lyon1.fr\/annales-session-2021\"> le lien suivant \u21d2<\/a><\/p>\n<p>&nbsp;<\/p>\n<p>Merci \u00e0 Yannick de m&#8217;autoriser \u00e0 partager son site qui propose lui aussi des propos de correction de concours ITRF BAP E \u00a0<a href=\"https:\/\/sites.google.com\/site\/yheportfoliosisr\/annales-itrf-informatique\">https:\/\/sites.google.com\/site\/yheportfoliosisr\/annales-itrf-informatique<\/a><\/p>\n<p>N&#8217;h\u00e9sitez pas \u00e0 aller voir ce qu&#8217;il a r\u00e9alis\u00e9 comme proposition de correction de concours&#8230;<\/p>\n<p>Souvent on va vous demander des acronymes, en voici quelques uns qui vous seront utiles:\u00a0<a href=\"https:\/\/toulouse-sgencfdt.fr\/WORDPRESS_ITRF\/2020\/04\/17\/la-batailles-des-acronymes\/\">https:\/\/toulouse-sgencfdt.fr\/WORDPRESS_ITRF\/2020\/04\/17\/la-batailles-des-acronymes\/<\/a><\/p>\n<h4 style=\"text-align: center;\">Certains sujets 2022 sont sortis&#8230; Si vous avez envie de m&#8217;aider dans la r\u00e9daction de la proposition de correction de sujets n&#8217;h\u00e9sitez \u00e0 vous faire connaitre en me contactant par mail: gservy@sgen.cfdt.fr<\/h4>\n<p>&nbsp;<\/p>\n<p><a href=\"http:\/\/www.parfaire.fr\/travaux-et-production\/brochures\">PARFAIRE<\/a> propose des guides et brochures pour vous accompagner lors de la composition de votre dossier de candidature, et plus particuli\u00e8rement ceux propos\u00e9s dans le lien suivant:\u00a0<a href=\"https:\/\/toulouse-sgencfdt.fr\/WORDPRESS_ITRF\/2022\/10\/19\/guides-parfaire\/\">https:\/\/toulouse-sgencfdt.fr\/WORDPRESS_ITRF\/2022\/10\/19\/guides-parfaire\/<\/a><\/p>\n<p>N&#8217;h\u00e9sitez pas \u00e0 consulter les rapports des jurys de concours et examen pro <a href=\"https:\/\/toulouse-sgencfdt.fr\/WORDPRESS_ITRF\/2021\/10\/13\/rapports-de-jury-de-concours\/\">en suivant le lien \u21d2<\/a><\/p>\n<p>&nbsp;<\/p>\n<p>Vous retrouverez un article concernant les questions de culture g\u00e9n\u00e9rale sur la fonction publique, fr\u00e9quemment pos\u00e9es lors des concours ITRF&#8230; Il vous suffit de suivre le <a href=\"http:\/\/toulouse-sgencfdt.fr\/WORDPRESS_ITRF\/2020\/04\/17\/questions-frequentes-de-connaisses-generales-lors-des-concours-itrf\/\">lien \u21d2<\/a><\/p>\n<p>&nbsp;<\/p>\n<p>J&#8217;ai \u00e9galement r\u00e9dig\u00e9 un article avec des conseils sur les \u00e9preuves de TP des BAP A et B. il vous suffit de suivre <a href=\"http:\/\/toulouse-sgencfdt.fr\/WORDPRESS_ITRF\/2020\/04\/25\/les-conseils-pour-lepreuve-de-tp\/\">le lien \u21d2<\/a><\/p>\n<p>&nbsp;<\/p>\n<p>Vous trouverez les sujets des concours du minist\u00e8re de l&#8217;int\u00e9rieur dans l&#8217;article suivant:\u00a0<a href=\"https:\/\/toulouse-sgencfdt.fr\/WORDPRESS_ITRF\/2022\/11\/15\/annales-concours-mi\/\">https:\/\/toulouse-sgencfdt.fr\/WORDPRESS_ITRF\/2022\/11\/15\/annales-concours-mi\/<\/a><\/p>\n<p>&nbsp;<\/p>\n<p>Les sujets du CAPET dans l&#8217;article suivant:\u00a0<a href=\"https:\/\/toulouse-sgencfdt.fr\/WORDPRESS_ITRF\/2022\/11\/17\/sujets-capet\/\">https:\/\/toulouse-sgencfdt.fr\/WORDPRESS_ITRF\/2022\/11\/17\/sujets-capet\/<\/a><\/p>\n<p>&nbsp;<\/p>\n<p>Les sujets du CAPES dans l&#8217;article suivant:\u00a0<a href=\"https:\/\/toulouse-sgencfdt.fr\/WORDPRESS_ITRF\/2022\/11\/16\/sujets-capes\/\">https:\/\/toulouse-sgencfdt.fr\/WORDPRESS_ITRF\/2022\/11\/16\/sujets-capes\/<\/a><\/p>\n<blockquote class=\"wp-embedded-content\" data-secret=\"IXh0fBRjTF\"><p><a href=\"https:\/\/toulouse-sgencfdt.fr\/WORDPRESS_ITRF\/2021\/07\/03\/sujets-concours-itrf-2021\/\">Sujets concours ITRF 2021<\/a><\/p><\/blockquote>\n<p><iframe loading=\"lazy\" class=\"wp-embedded-content\" sandbox=\"allow-scripts\" security=\"restricted\" style=\"position: absolute; clip: rect(1px, 1px, 1px, 1px);\" title=\"\u00ab\u00a0Sujets concours ITRF 2021\u00a0\u00bb &#8212; Sgen-CFDT Acad\u00e9mie de Toulouse - ITRF\" src=\"https:\/\/toulouse-sgencfdt.fr\/WORDPRESS_ITRF\/2021\/07\/03\/sujets-concours-itrf-2021\/embed\/#?secret=cbvJ8dQZGU#?secret=IXh0fBRjTF\" data-secret=\"IXh0fBRjTF\" width=\"474\" height=\"267\" frameborder=\"0\" marginwidth=\"0\" marginheight=\"0\" scrolling=\"no\"><\/iframe><\/p>\n","protected":false},"excerpt":{"rendered":"<p>SUJETS CONCOURS ITRF Nous faisons de notre mieux pour r\u00e9pondre \u00e0 un besoin croissant de r\u00e9ponse des personnels, titulaires ou contractuels, qui passent les concours ITRF et qui ne trouvent que tr\u00e8s peu de propositions de sujets corrig\u00e9s. Vous trouverez sur cette page des propositions de corrig\u00e9s de concours ITRF. Si vous avez passez un &hellip; <a href=\"https:\/\/toulouse-sgencfdt.fr\/WORDPRESS_ITRF\/corrections-de-concours\/\" class=\"more-link\">Continuer la lecture de <span class=\"screen-reader-text\">Annales corrig\u00e9s<\/span>  <span class=\"meta-nav\">&rarr;<\/span><\/a><\/p>\n","protected":false},"author":11,"featured_media":0,"parent":0,"menu_order":0,"comment_status":"closed","ping_status":"closed","template":"","meta":{"footnotes":""},"class_list":["post-449","page","type-page","status-publish","hentry"],"_links":{"self":[{"href":"https:\/\/toulouse-sgencfdt.fr\/WORDPRESS_ITRF\/wp-json\/wp\/v2\/pages\/449","targetHints":{"allow":["GET"]}}],"collection":[{"href":"https:\/\/toulouse-sgencfdt.fr\/WORDPRESS_ITRF\/wp-json\/wp\/v2\/pages"}],"about":[{"href":"https:\/\/toulouse-sgencfdt.fr\/WORDPRESS_ITRF\/wp-json\/wp\/v2\/types\/page"}],"author":[{"embeddable":true,"href":"https:\/\/toulouse-sgencfdt.fr\/WORDPRESS_ITRF\/wp-json\/wp\/v2\/users\/11"}],"replies":[{"embeddable":true,"href":"https:\/\/toulouse-sgencfdt.fr\/WORDPRESS_ITRF\/wp-json\/wp\/v2\/comments?post=449"}],"version-history":[{"count":30,"href":"https:\/\/toulouse-sgencfdt.fr\/WORDPRESS_ITRF\/wp-json\/wp\/v2\/pages\/449\/revisions"}],"predecessor-version":[{"id":5307,"href":"https:\/\/toulouse-sgencfdt.fr\/WORDPRESS_ITRF\/wp-json\/wp\/v2\/pages\/449\/revisions\/5307"}],"wp:attachment":[{"href":"https:\/\/toulouse-sgencfdt.fr\/WORDPRESS_ITRF\/wp-json\/wp\/v2\/media?parent=449"}],"curies":[{"name":"wp","href":"https:\/\/api.w.org\/{rel}","templated":true}]}}