{"id":98,"date":"2020-04-07T10:34:39","date_gmt":"2020-04-07T08:34:39","guid":{"rendered":"http:\/\/toulouse-sgencfdt.fr\/WORDPRESS_ITRF\/?page_id=98"},"modified":"2024-04-25T08:46:39","modified_gmt":"2024-04-25T06:46:39","slug":"infos-carriere","status":"publish","type":"page","link":"https:\/\/toulouse-sgencfdt.fr\/WORDPRESS_ITRF\/infos-carriere\/","title":{"rendered":"Infos carri\u00e8re: titulaire"},"content":{"rendered":"<h3>Si vous ne trouvez pas un article sur cette page, essayez de le chercher dans l&#8217;onglet recherche, par mot cl\u00e9. Par exemple, pour retrouver les grilles indiciaires de chaque cat\u00e9gories, faire une recherche: &#8220;<a href=\"https:\/\/toulouse-sgencfdt.fr\/WORDPRESS_ITRF\/2020\/04\/24\/grilles-indiciaires-itrf\/\">grille indiciaire&#8221;<\/a>!<\/h3>\n<p>&nbsp;<\/p>\n<ul>\n<li style=\"text-align: left;\">\n<h5>Retrouvez le BO avec les lignes directrices de gestion pour les ITRF en suivant le <a href=\"https:\/\/www.enseignementsup-recherche.gouv.fr\/pid20536\/bulletin-officiel.html?cid_bo=154965&amp;cbo=1\">lien<\/a> \u21d2<\/h5>\n<\/li>\n<li style=\"text-align: left;\">\n<h5>Pour vous aider sur vos organigrammes, allez voir<a href=\"https:\/\/toulouse-sgencfdt.fr\/WORDPRESS_ITRF\/2020\/04\/07\/realiser-ses-organigrammes\/\"> l&#8217;article\u00a0 suivant \u21d2<\/a><\/h5>\n<\/li>\n<li style=\"text-align: left;\">\n<h5>Pour vous aider sur vos RA, allez voir <a href=\"https:\/\/toulouse-sgencfdt.fr\/WORDPRESS_ITRF\/2020\/04\/07\/le-rapport-dactivite\/\">l&#8217;article suivant\u21d2<\/a><\/h5>\n<\/li>\n<li style=\"text-align: left;\">\n<h5>Retrouvez nos retours d&#8217;oraux de nos examens pro :<\/h5>\n<ul>\n<li style=\"list-style-type: none;\">\n<ul>\n<li style=\"text-align: left;\">\n<h5>dans<a href=\"https:\/\/toulouse-sgencfdt.fr\/WORDPRESS_ITRF\/2020\/04\/21\/les-examens-professionnels-retour-dexperiences\/\"> l&#8217;article suivant \u21d2\u00a0<\/a><\/h5>\n<\/li>\n<li style=\"text-align: left;\">\n<h5>ou sur ce lien <a href=\"https:\/\/toulouse-sgencfdt.fr\/WORDPRESS_ITRF\/2022\/08\/30\/mon-oral-dexamen-pro-trf-ce\/\">pour le TRF CE\u00a0\u00a0<\/a><\/h5>\n<\/li>\n<li style=\"text-align: left;\">\n<h5>ou sur ce lien <a href=\"https:\/\/toulouse-sgencfdt.fr\/WORDPRESS_ITRF\/2020\/06\/07\/mon-oral-dexamen-professionnel\/\">pour le TRF CS<\/a><\/h5>\n<\/li>\n<\/ul>\n<\/li>\n<\/ul>\n<\/li>\n<\/ul>\n<p><img loading=\"lazy\" decoding=\"async\" class=\"aligncenter wp-image-2713 size-medium\" src=\"https:\/\/toulouse-sgencfdt.fr\/WORDPRESS_ITRF\/wp-content\/uploads\/2021\/12\/feu-300x256.jpg\" alt=\"\" width=\"300\" height=\"256\" srcset=\"https:\/\/toulouse-sgencfdt.fr\/WORDPRESS_ITRF\/wp-content\/uploads\/2021\/12\/feu-300x256.jpg 300w, https:\/\/toulouse-sgencfdt.fr\/WORDPRESS_ITRF\/wp-content\/uploads\/2021\/12\/feu-768x655.jpg 768w, https:\/\/toulouse-sgencfdt.fr\/WORDPRESS_ITRF\/wp-content\/uploads\/2021\/12\/feu.jpg 830w\" sizes=\"auto, (max-width: 300px) 100vw, 300px\" \/><\/p>\n\n\n<div class=\"su-posts su-posts-default-loop \">\n\n\t\n\t\t\t\t\t\n\t\t\t\n\t\t\t<div id=\"su-post-5969\" class=\"su-post \">\n\n\t\t\t\t\n\t\t\t\t<h2 class=\"su-post-title\"><a href=\"https:\/\/toulouse-sgencfdt.fr\/WORDPRESS_ITRF\/2026\/01\/21\/avancement-secretaire-administratif\/\">avancement secr\u00e9taire administratif<\/a><\/h2>\n\n\t\t\t\t<div class=\"su-post-meta\">\n\t\t\t\t\tPubli\u00e9: 21 janvier 2026\t\t\t\t<\/div>\n\n\t\t\t\t<div class=\"su-post-excerpt\">\n\t\t\t\t\t<p>&nbsp; A retenir pour 2026 il y a 328 possibilit\u00e9s de passer SAENES CS dont 13 pour l&#8217;acad\u00e9mie de Toulouse et 264 de passer SAENES CE dont 17 pour l&#8217;acad\u00e9mie de Toulouse par la voie des examens professionnels &nbsp; Toutes les infos ci-dessous &nbsp; 14 Arr\u00eat\u00e9 du 14 janvier 2026 fixant au titre de l&#8217;ann\u00e9e &hellip; <a href=\"https:\/\/toulouse-sgencfdt.fr\/WORDPRESS_ITRF\/2026\/01\/21\/avancement-secretaire-administratif\/\" class=\"more-link\">Continuer la lecture de <span class=\"screen-reader-text\">avancement secr\u00e9taire administratif<\/span>  <span class=\"meta-nav\">&rarr;<\/span><\/a><\/p>\n\t\t\t\t<\/div>\n\n\t\t\t\t\n\t\t\t<\/div>\n\n\t\t\t\t\t\n\t\t\t\n\t\t\t<div id=\"su-post-5926\" class=\"su-post \">\n\n\t\t\t\t\n\t\t\t\t<h2 class=\"su-post-title\"><a href=\"https:\/\/toulouse-sgencfdt.fr\/WORDPRESS_ITRF\/2025\/12\/16\/la-des-itrf-2026\/\">LA des ITRF 2026<\/a><\/h2>\n\n\t\t\t\t<div class=\"su-post-meta\">\n\t\t\t\t\tPubli\u00e9: 16 d\u00e9cembre 2025\t\t\t\t<\/div>\n\n\t\t\t\t<div class=\"su-post-excerpt\">\n\t\t\t\t\t<p>Nous venons de recevoir la circulaire de promotions par listes d&#8217;aptitude&#8230; Vous trouverez ci-joint la circulaire et ses annexes concernant la constitution des dossiers de liste d\u2019aptitude pour l&#8217;acc\u00e8s aux corps des TECH, ASI, IGE et IGR pour l&#8217;ann\u00e9e 2026. Les agents promouvables seront inform\u00e9s individuellement. Date limite de retour \u00e0 la DPATE 2 et &hellip; <a href=\"https:\/\/toulouse-sgencfdt.fr\/WORDPRESS_ITRF\/2025\/12\/16\/la-des-itrf-2026\/\" class=\"more-link\">Continuer la lecture de <span class=\"screen-reader-text\">LA des ITRF 2026<\/span>  <span class=\"meta-nav\">&rarr;<\/span><\/a><\/p>\n\t\t\t\t<\/div>\n\n\t\t\t\t\n\t\t\t<\/div>\n\n\t\t\t\t\t\n\t\t\t\n\t\t\t<div id=\"su-post-5834\" class=\"su-post \">\n\n\t\t\t\t\n\t\t\t\t<h2 class=\"su-post-title\"><a href=\"https:\/\/toulouse-sgencfdt.fr\/WORDPRESS_ITRF\/2025\/04\/02\/concours-itrf-2025\/\">Concours ITRF 2025<\/a><\/h2>\n\n\t\t\t\t<div class=\"su-post-meta\">\n\t\t\t\t\tPubli\u00e9: 2 avril 2025\t\t\t\t<\/div>\n\n\t\t\t\t<div class=\"su-post-excerpt\">\n\t\t\t\t\t<p>C&#8217;est parti! Du 2 au 30 avril, 12h, RDV sur la page https:\/\/www.enseignementsup-recherche.gouv.fr\/fr\/recrutements\/itrf Pour avoir des infos sur les postes aux concours cat\u00e9gories A, B et C et s&#8217;inscrire sur WebITRF! &nbsp; Voici les postes aux concours pour l&#8217;acad\u00e9mie de Toulouse: toulouseemplois-itrf-cat-a-2025-v1-xlsx&#8211;36546\u00a0 toulouseemplois-itrf-cat-c-2025-v1-xlsx&#8211;36548 toulouse-emplois-itrf-cat-b-2025-v1-xlsx&#8211;36547 Voici les postes aux concours SUR TOUTE LA FRANCE: emplois-itrf-cat-a-2025-v1-xlsx&#8211;36546 emplois-itrf-cat-c-2025-v1-xlsx&#8211;36548 &hellip; <a href=\"https:\/\/toulouse-sgencfdt.fr\/WORDPRESS_ITRF\/2025\/04\/02\/concours-itrf-2025\/\" class=\"more-link\">Continuer la lecture de <span class=\"screen-reader-text\">Concours ITRF 2025<\/span>  <span class=\"meta-nav\">&rarr;<\/span><\/a><\/p>\n\t\t\t\t<\/div>\n\n\t\t\t\t\n\t\t\t<\/div>\n\n\t\t\t\t\t\n\t\t\t\n\t\t\t<div id=\"su-post-5693\" class=\"su-post \">\n\n\t\t\t\t\n\t\t\t\t<h2 class=\"su-post-title\"><a href=\"https:\/\/toulouse-sgencfdt.fr\/WORDPRESS_ITRF\/2024\/07\/06\/resultats-concours-itrf-toulouse-2024\/\">R\u00e9sultats concours ITRF Toulouse 2024<\/a><\/h2>\n\n\t\t\t\t<div class=\"su-post-meta\">\n\t\t\t\t\tPubli\u00e9: 6 juillet 2024\t\t\t\t<\/div>\n\n\t\t\t\t<div class=\"su-post-excerpt\">\n\t\t\t\t\t<p>Bonjour \u00e0 tous &nbsp; Comme chaque ann\u00e9e je vous propose de regrouper les r\u00e9sultats des concours ITRF de l&#8217;acad\u00e9mie de Toulouse&#8230; Si besoin, les r\u00e9sultats du national sont \u00e0 retrouver sur la page WebITRF&#8230; &nbsp; Il manque beaucoup de r\u00e9sultats des cat\u00e9gories A, je mettrai cette liste \u00e0 jour quand ils seront publi\u00e9s&#8230; F\u00e9licitations \u00e0 &hellip; <a href=\"https:\/\/toulouse-sgencfdt.fr\/WORDPRESS_ITRF\/2024\/07\/06\/resultats-concours-itrf-toulouse-2024\/\" class=\"more-link\">Continuer la lecture de <span class=\"screen-reader-text\">R\u00e9sultats concours ITRF Toulouse 2024<\/span>  <span class=\"meta-nav\">&rarr;<\/span><\/a><\/p>\n\t\t\t\t<\/div>\n\n\t\t\t\t\n\t\t\t<\/div>\n\n\t\t\t\t\t\n\t\t\t\n\t\t\t<div id=\"su-post-5672\" class=\"su-post \">\n\n\t\t\t\t\n\t\t\t\t<h2 class=\"su-post-title\"><a href=\"https:\/\/toulouse-sgencfdt.fr\/WORDPRESS_ITRF\/2024\/06\/10\/recrutement\/\">Recrutement<\/a><\/h2>\n\n\t\t\t\t<div class=\"su-post-meta\">\n\t\t\t\t\tPubli\u00e9: 10 juin 2024\t\t\t\t<\/div>\n\n\t\t\t\t<div class=\"su-post-excerpt\">\n\t\t\t\t\t<p>Vous souhaitez postuler \u00e0 un poste dans l \u00e9ducation nationale pour l&#8217;acad\u00e9mie de Toulouse,\u00a0 voici le lien o\u00f9 vous trouverez les annonces&#8230; Bon recrutement &nbsp; https:\/\/recrutement.education.gouv.fr\/recrutement\/offres?Academie__c=16<\/p>\n\t\t\t\t<\/div>\n\n\t\t\t\t\n\t\t\t<\/div>\n\n\t\t\t\t\t\n\t\t\t\n\t\t\t<div id=\"su-post-5664\" class=\"su-post \">\n\n\t\t\t\t\n\t\t\t\t<h2 class=\"su-post-title\"><a href=\"https:\/\/toulouse-sgencfdt.fr\/WORDPRESS_ITRF\/2024\/06\/07\/resultats-la-des-personnels-administratifs-2024\/\">R\u00e9sultats LA des personnels administratifs 2024<\/a><\/h2>\n\n\t\t\t\t<div class=\"su-post-meta\">\n\t\t\t\t\tPubli\u00e9: 7 juin 2024\t\t\t\t<\/div>\n\n\t\t\t\t<div class=\"su-post-excerpt\">\n\t\t\t\t\t<p>Bonjour \u00e0 tous &nbsp; Les r\u00e9sultats tant attendus arrivent enfin&#8230; Ils sont \u00e0 retrouver sur le site acad\u00e9mique: https:\/\/www.ac-toulouse.fr\/promotions-des-personnels-administratifs-techniques-sociaux-et-sante-129492 &nbsp; Ou dans les documents ci-dessous: &nbsp; &nbsp; F\u00e9licitations aux promus!<\/p>\n\t\t\t\t<\/div>\n\n\t\t\t\t\n\t\t\t<\/div>\n\n\t\t\t\t\t\n\t\t\t\n\t\t\t<div id=\"su-post-5640\" class=\"su-post \">\n\n\t\t\t\t\n\t\t\t\t<h2 class=\"su-post-title\"><a href=\"https:\/\/toulouse-sgencfdt.fr\/WORDPRESS_ITRF\/2024\/04\/02\/concours-itrf-session-2024\/\">Concours ITRF session 2024<\/a><\/h2>\n\n\t\t\t\t<div class=\"su-post-meta\">\n\t\t\t\t\tPubli\u00e9: 2 avril 2024\t\t\t\t<\/div>\n\n\t\t\t\t<div class=\"su-post-excerpt\">\n\t\t\t\t\t<p>Je vous informe de l&#8217;ouverture, au titre de la session 2024, du registre des inscriptions aux concours et recrutements des ing\u00e9nieurs et des personnels techniques de recherche et de formation (ITRF) suivants: l&#8217;ensemble des concours externes et internes les examens professionnels d&#8217;avancement de grade nationaux (IGR hors classe, technicien de classe sup\u00e9rieure et technicien de &hellip; <a href=\"https:\/\/toulouse-sgencfdt.fr\/WORDPRESS_ITRF\/2024\/04\/02\/concours-itrf-session-2024\/\" class=\"more-link\">Continuer la lecture de <span class=\"screen-reader-text\">Concours ITRF session 2024<\/span>  <span class=\"meta-nav\">&rarr;<\/span><\/a><\/p>\n\t\t\t\t<\/div>\n\n\t\t\t\t\n\t\t\t<\/div>\n\n\t\t\t\t\t\n\t\t\t\n\t\t\t<div id=\"su-post-5628\" class=\"su-post \">\n\n\t\t\t\t\n\t\t\t\t<h2 class=\"su-post-title\"><a href=\"https:\/\/toulouse-sgencfdt.fr\/WORDPRESS_ITRF\/2024\/03\/23\/circulaire-ta-itrf-2024-categorie-a-et-b-services-academiques-eple-epna\/\">Circulaire TA ITRF 2024 cat\u00e9gorie A et B &#8211; services acad\u00e9miques &#8211; EPLE &#8211; EPNA<\/a><\/h2>\n\n\t\t\t\t<div class=\"su-post-meta\">\n\t\t\t\t\tPubli\u00e9: 23 mars 2024\t\t\t\t<\/div>\n\n\t\t\t\t<div class=\"su-post-excerpt\">\n\t\t\t\t\t<p>Circulaire TA ITRF 2024 cat\u00e9gorie A et B &#8211; services acad\u00e9miques &#8211; EPLE &#8211; EPNA: les documents seront en ligne \u00e0 partir du 21 mars 2024 avec le lien ci-dessous : https:\/\/web.aPPFHGFHFGFGHGFGFHFGFGc-toulousePPpP.fr\/web\/personnels\/10445-avancement.php &nbsp; &nbsp;<\/p>\n\t\t\t\t<\/div>\n\n\t\t\t\t\n\t\t\t<\/div>\n\n\t\t\t\t\t\n\t\t\t\n\t\t\t<div id=\"su-post-5613\" class=\"su-post \">\n\n\t\t\t\t\n\t\t\t\t<h2 class=\"su-post-title\"><a href=\"https:\/\/toulouse-sgencfdt.fr\/WORDPRESS_ITRF\/2024\/02\/28\/mutation-intra-academique-2024\/\">Mutation intra acad\u00e9mique 2024<\/a><\/h2>\n\n\t\t\t\t<div class=\"su-post-meta\">\n\t\t\t\t\tPubli\u00e9: 28 f\u00e9vrier 2024\t\t\t\t<\/div>\n\n\t\t\t\t<div class=\"su-post-excerpt\">\n\t\t\t\t\t<p>Bonjour \u00e0 tous Nous avons re\u00e7u la circulaire et la proc\u00e9dure pour les mutations intra acad\u00e9mique 2024. Je vous laisse le soin de lire la circulaire en faisant attention aux dates! Ces \u00e9l\u00e9ments sont accessibles sur l\u2019espace \u00ab\u00a0professionnels\u00a0\u00bb\u00a0du site\u00a0www.ac-toulouse.fr\u00a0espace \u00ab\u00a0ressources humaines\/Formations\/concours\u00bb \/ \u00ab\u00a0carri\u00e8res \u00bb \/ \u00ab\u00a0mutations\/mouvements\u00bb\u00a0 \/ \u00ab\u00a0mutation personnels administratifs, techniques\u00a0, sociaux et de sant\u00e9 &hellip; <a href=\"https:\/\/toulouse-sgencfdt.fr\/WORDPRESS_ITRF\/2024\/02\/28\/mutation-intra-academique-2024\/\" class=\"more-link\">Continuer la lecture de <span class=\"screen-reader-text\">Mutation intra acad\u00e9mique 2024<\/span>  <span class=\"meta-nav\">&rarr;<\/span><\/a><\/p>\n\t\t\t\t<\/div>\n\n\t\t\t\t\n\t\t\t<\/div>\n\n\t\t\t\t\t\n\t\t\t\n\t\t\t<div id=\"su-post-5583\" class=\"su-post \">\n\n\t\t\t\t\n\t\t\t\t<h2 class=\"su-post-title\"><a href=\"https:\/\/toulouse-sgencfdt.fr\/WORDPRESS_ITRF\/2024\/02\/14\/concours-administratifs-2024\/\">Concours administratifs 2024<\/a><\/h2>\n\n\t\t\t\t<div class=\"su-post-meta\">\n\t\t\t\t\tPubli\u00e9: 14 f\u00e9vrier 2024\t\t\t\t<\/div>\n\n\t\t\t\t<div class=\"su-post-excerpt\">\n\t\t\t\t\t<p>Les concours administratifs sont ouverts depuis le 14 f\u00e9vrier 2024. &nbsp; Rdv sur Cyclades&#8230; https:\/\/cyclades.education.gouv.fr\/cyccandidat\/portal\/consulter_service_inscription\/__pmall_edit\/__rpall_sousactivite\/SEE0x1SVE0x1INS?OngletID=1707943229277 &nbsp; Session 2024 Concours et recrutements acad\u00e9miques de personnels administratifs, sociaux et de sant\u00e9 (adjoint administratif, secr\u00e9taire administratif, infirmier de l\u2019\u00e9ducation nationale, assistant de service social). &nbsp; &nbsp; Les inscriptions seront enregistr\u00e9es au cours d\u2019une phase unique d\u2019inscription et de &hellip; <a href=\"https:\/\/toulouse-sgencfdt.fr\/WORDPRESS_ITRF\/2024\/02\/14\/concours-administratifs-2024\/\" class=\"more-link\">Continuer la lecture de <span class=\"screen-reader-text\">Concours administratifs 2024<\/span>  <span class=\"meta-nav\">&rarr;<\/span><\/a><\/p>\n\t\t\t\t<\/div>\n\n\t\t\t\t\n\t\t\t<\/div>\n\n\t\t\n\t\n<\/div>\n\n<p>&nbsp;<\/p>\n","protected":false},"excerpt":{"rendered":"<p>Si vous ne trouvez pas un article sur cette page, essayez de le chercher dans l&#8217;onglet recherche, par mot cl\u00e9. Par exemple, pour retrouver les grilles indiciaires de chaque cat\u00e9gories, faire une recherche: &#8220;grille indiciaire&#8221;! &nbsp; Retrouvez le BO avec les lignes directrices de gestion pour les ITRF en suivant le lien \u21d2 Pour vous &hellip; <a href=\"https:\/\/toulouse-sgencfdt.fr\/WORDPRESS_ITRF\/2024\/02\/14\/concours-administratifs-2024\/\" class=\"more-link\">Continuer la lecture de <span class=\"screen-reader-text\">Concours administratifs 2024<\/span>  <span class=\"meta-nav\">&rarr;<\/span><\/a><\/p>\n","protected":false},"author":1,"featured_media":0,"parent":0,"menu_order":0,"comment_status":"closed","ping_status":"closed","template":"","meta":{"footnotes":""},"class_list":["post-98","page","type-page","status-publish","hentry"],"_links":{"self":[{"href":"https:\/\/toulouse-sgencfdt.fr\/WORDPRESS_ITRF\/wp-json\/wp\/v2\/pages\/98","targetHints":{"allow":["GET"]}}],"collection":[{"href":"https:\/\/toulouse-sgencfdt.fr\/WORDPRESS_ITRF\/wp-json\/wp\/v2\/pages"}],"about":[{"href":"https:\/\/toulouse-sgencfdt.fr\/WORDPRESS_ITRF\/wp-json\/wp\/v2\/types\/page"}],"author":[{"embeddable":true,"href":"https:\/\/toulouse-sgencfdt.fr\/WORDPRESS_ITRF\/wp-json\/wp\/v2\/users\/1"}],"replies":[{"embeddable":true,"href":"https:\/\/toulouse-sgencfdt.fr\/WORDPRESS_ITRF\/wp-json\/wp\/v2\/comments?post=98"}],"version-history":[{"count":17,"href":"https:\/\/toulouse-sgencfdt.fr\/WORDPRESS_ITRF\/wp-json\/wp\/v2\/pages\/98\/revisions"}],"predecessor-version":[{"id":5654,"href":"https:\/\/toulouse-sgencfdt.fr\/WORDPRESS_ITRF\/wp-json\/wp\/v2\/pages\/98\/revisions\/5654"}],"wp:attachment":[{"href":"https:\/\/toulouse-sgencfdt.fr\/WORDPRESS_ITRF\/wp-json\/wp\/v2\/media?parent=98"}],"curies":[{"name":"wp","href":"https:\/\/api.w.org\/{rel}","templated":true}]}}