{"id":99,"date":"2020-04-07T10:51:22","date_gmt":"2020-04-07T08:51:22","guid":{"rendered":"http:\/\/toulouse-sgencfdt.fr\/WORDPRESS_ITRF\/?page_id=99"},"modified":"2021-09-07T10:35:41","modified_gmt":"2021-09-07T08:35:41","slug":"les-listes-daptitudes-et-tableaux-davancement-2","status":"publish","type":"page","link":"https:\/\/toulouse-sgencfdt.fr\/WORDPRESS_ITRF\/les-listes-daptitudes-et-tableaux-davancement-2\/","title":{"rendered":"Les listes d\u2019aptitudes &#8211; tableaux d\u2019avancement &#8211; Concours"},"content":{"rendered":"<h2>Actualit\u00e9s PROMO<\/h2>\n<p>&nbsp;<\/p>\n<p><img decoding=\"async\" class=\"aligncenter\" src=\"https:\/\/sgen-cfdt.fr\/contenu\/uploads\/sites\/13\/2018\/04\/Wingz-Egalit%C3%A9FemmeHomme.jpg\" \/><\/p>\n<h2><\/h2>\n<h2 style=\"text-align: center;\">Comment progresser ?<\/h2>\n<p>&nbsp;<\/p>\n<p>Commencer d\u00e8s \u00e0 pr\u00e9sent \u00e0 r\u00e9fl\u00e9chir sur votre envie de progression de carri\u00e8re. Et tr\u00e8s vite vous r\u00e9aliserez qu&#8217;il vous faut r\u00e9diger un Rapport d&#8217;Activit\u00e9&#8230; Pour cela retrouvez l&#8217;article d\u00e9di\u00e9 et\/ou demandez nous un coup de main, on vous r\u00e9pondra avec plaisir&#8230;. \ud83d\ude09<\/p>\n<p>&nbsp;<\/p>\n<p>Un nouvel article sur le r\u00f4le des CPE: commissions paritaire d&#8217;\u00e9tablissement vient de para\u00eetre sur le site du Sgen-CFDT. Suivez le <a href=\"http:\/\/sgenplus.cfdt.fr\/article\/decret-nouveau-cpe-esr\/\">lien \u21d2<\/a><\/p>\n\n\n<div class=\"su-posts su-posts-default-loop \">\n\n\t\n\t\t\t\t\t\n\t\t\t\n\t\t\t<div id=\"su-post-5969\" class=\"su-post \">\n\n\t\t\t\t\n\t\t\t\t<h2 class=\"su-post-title\"><a href=\"https:\/\/toulouse-sgencfdt.fr\/WORDPRESS_ITRF\/2026\/01\/21\/avancement-secretaire-administratif\/\">avancement secr\u00e9taire administratif<\/a><\/h2>\n\n\t\t\t\t<div class=\"su-post-meta\">\n\t\t\t\t\tPubli\u00e9: 21 janvier 2026\t\t\t\t<\/div>\n\n\t\t\t\t<div class=\"su-post-excerpt\">\n\t\t\t\t\t<p>&nbsp; A retenir pour 2026 il y a 328 possibilit\u00e9s de passer SAENES CS dont 13 pour l&#8217;acad\u00e9mie de Toulouse et 264 de passer SAENES CE dont 17 pour l&#8217;acad\u00e9mie de Toulouse par la voie des examens professionnels &nbsp; Toutes les infos ci-dessous &nbsp; 14 Arr\u00eat\u00e9 du 14 janvier 2026 fixant au titre de l&#8217;ann\u00e9e &hellip; <a href=\"https:\/\/toulouse-sgencfdt.fr\/WORDPRESS_ITRF\/2026\/01\/21\/avancement-secretaire-administratif\/\" class=\"more-link\">Continuer la lecture de <span class=\"screen-reader-text\">avancement secr\u00e9taire administratif<\/span>  <span class=\"meta-nav\">&rarr;<\/span><\/a><\/p>\n\t\t\t\t<\/div>\n\n\t\t\t\t\n\t\t\t<\/div>\n\n\t\t\t\t\t\n\t\t\t\n\t\t\t<div id=\"su-post-5937\" class=\"su-post \">\n\n\t\t\t\t\n\t\t\t\t<h2 class=\"su-post-title\"><a href=\"https:\/\/toulouse-sgencfdt.fr\/WORDPRESS_ITRF\/2025\/12\/19\/resultats-ta-des-itrf-2025\/\">r\u00e9sultats TA des ITRF 2025<\/a><\/h2>\n\n\t\t\t\t<div class=\"su-post-meta\">\n\t\t\t\t\tPubli\u00e9: 19 d\u00e9cembre 2025\t\t\t\t<\/div>\n\n\t\t\t\t<div class=\"su-post-excerpt\">\n\t\t\t\t\t<p>LEs r\u00e9sultats ont enfin \u00e9t\u00e9 publi\u00e9s&#8230; &nbsp; Vous les trouverez sur le site du minist\u00e8re:\u00a0https:\/\/www.enseignementsup-recherche.gouv.fr\/fr\/promotions-mutations-itrf-46463 &nbsp; Et dans les documents ci-dessous: &nbsp; FELICITATIONS \u00e0 tous les promus. Pour les autres ne l\u00e2chez rien! et si vous avez besoin d &#8216;aide, n&#8217;h\u00e9sitez pas \u00e0 \u00e9crire \u00e0 gservy@efrp.cfdt.fr<\/p>\n\t\t\t\t<\/div>\n\n\t\t\t\t\n\t\t\t<\/div>\n\n\t\t\t\t\t\n\t\t\t\n\t\t\t<div id=\"su-post-5926\" class=\"su-post \">\n\n\t\t\t\t\n\t\t\t\t<h2 class=\"su-post-title\"><a href=\"https:\/\/toulouse-sgencfdt.fr\/WORDPRESS_ITRF\/2025\/12\/16\/la-des-itrf-2026\/\">LA des ITRF 2026<\/a><\/h2>\n\n\t\t\t\t<div class=\"su-post-meta\">\n\t\t\t\t\tPubli\u00e9: 16 d\u00e9cembre 2025\t\t\t\t<\/div>\n\n\t\t\t\t<div class=\"su-post-excerpt\">\n\t\t\t\t\t<p>Nous venons de recevoir la circulaire de promotions par listes d&#8217;aptitude&#8230; Vous trouverez ci-joint la circulaire et ses annexes concernant la constitution des dossiers de liste d\u2019aptitude pour l&#8217;acc\u00e8s aux corps des TECH, ASI, IGE et IGR pour l&#8217;ann\u00e9e 2026. Les agents promouvables seront inform\u00e9s individuellement. Date limite de retour \u00e0 la DPATE 2 et &hellip; <a href=\"https:\/\/toulouse-sgencfdt.fr\/WORDPRESS_ITRF\/2025\/12\/16\/la-des-itrf-2026\/\" class=\"more-link\">Continuer la lecture de <span class=\"screen-reader-text\">LA des ITRF 2026<\/span>  <span class=\"meta-nav\">&rarr;<\/span><\/a><\/p>\n\t\t\t\t<\/div>\n\n\t\t\t\t\n\t\t\t<\/div>\n\n\t\t\t\t\t\n\t\t\t\n\t\t\t<div id=\"su-post-5834\" class=\"su-post \">\n\n\t\t\t\t\n\t\t\t\t<h2 class=\"su-post-title\"><a href=\"https:\/\/toulouse-sgencfdt.fr\/WORDPRESS_ITRF\/2025\/04\/02\/concours-itrf-2025\/\">Concours ITRF 2025<\/a><\/h2>\n\n\t\t\t\t<div class=\"su-post-meta\">\n\t\t\t\t\tPubli\u00e9: 2 avril 2025\t\t\t\t<\/div>\n\n\t\t\t\t<div class=\"su-post-excerpt\">\n\t\t\t\t\t<p>C&#8217;est parti! Du 2 au 30 avril, 12h, RDV sur la page https:\/\/www.enseignementsup-recherche.gouv.fr\/fr\/recrutements\/itrf Pour avoir des infos sur les postes aux concours cat\u00e9gories A, B et C et s&#8217;inscrire sur WebITRF! &nbsp; Voici les postes aux concours pour l&#8217;acad\u00e9mie de Toulouse: toulouseemplois-itrf-cat-a-2025-v1-xlsx&#8211;36546\u00a0 toulouseemplois-itrf-cat-c-2025-v1-xlsx&#8211;36548 toulouse-emplois-itrf-cat-b-2025-v1-xlsx&#8211;36547 Voici les postes aux concours SUR TOUTE LA FRANCE: emplois-itrf-cat-a-2025-v1-xlsx&#8211;36546 emplois-itrf-cat-c-2025-v1-xlsx&#8211;36548 &hellip; <a href=\"https:\/\/toulouse-sgencfdt.fr\/WORDPRESS_ITRF\/2025\/04\/02\/concours-itrf-2025\/\" class=\"more-link\">Continuer la lecture de <span class=\"screen-reader-text\">Concours ITRF 2025<\/span>  <span class=\"meta-nav\">&rarr;<\/span><\/a><\/p>\n\t\t\t\t<\/div>\n\n\t\t\t\t\n\t\t\t<\/div>\n\n\t\t\t\t\t\n\t\t\t\n\t\t\t<div id=\"su-post-5788\" class=\"su-post \">\n\n\t\t\t\t\n\t\t\t\t<h2 class=\"su-post-title\"><a href=\"https:\/\/toulouse-sgencfdt.fr\/WORDPRESS_ITRF\/2025\/03\/06\/ta-et-la-2025\/\">TA et LA 2025<\/a><\/h2>\n\n\t\t\t\t<div class=\"su-post-meta\">\n\t\t\t\t\tPubli\u00e9: 6 mars 2025\t\t\t\t<\/div>\n\n\t\t\t\t<div class=\"su-post-excerpt\">\n\t\t\t\t\t<p>Nous avons re\u00e7u les documents! &nbsp; Les voici pour cette nouvelle ann\u00e9e &nbsp; Annexe 3 fiche individuelle de proposition de l&#8217;agent &#8211; document commun aux tableaux d&#8217;avancement et listes d&#8217;apti Annexe 4 \u00e9tat des services &#8211; document commun aux tableaux d&#8217;avancement et listes d&#8217;aptitude Annexe 5 rapport d&#8217;aptitude professionnelle COMMUN aux tableaux avancement ADJAENES, SAENES, &hellip; <a href=\"https:\/\/toulouse-sgencfdt.fr\/WORDPRESS_ITRF\/2025\/03\/06\/ta-et-la-2025\/\" class=\"more-link\">Continuer la lecture de <span class=\"screen-reader-text\">TA et LA 2025<\/span>  <span class=\"meta-nav\">&rarr;<\/span><\/a><\/p>\n\t\t\t\t<\/div>\n\n\t\t\t\t\n\t\t\t<\/div>\n\n\t\t\t\t\t\n\t\t\t\n\t\t\t<div id=\"su-post-5693\" class=\"su-post \">\n\n\t\t\t\t\n\t\t\t\t<h2 class=\"su-post-title\"><a href=\"https:\/\/toulouse-sgencfdt.fr\/WORDPRESS_ITRF\/2024\/07\/06\/resultats-concours-itrf-toulouse-2024\/\">R\u00e9sultats concours ITRF Toulouse 2024<\/a><\/h2>\n\n\t\t\t\t<div class=\"su-post-meta\">\n\t\t\t\t\tPubli\u00e9: 6 juillet 2024\t\t\t\t<\/div>\n\n\t\t\t\t<div class=\"su-post-excerpt\">\n\t\t\t\t\t<p>Bonjour \u00e0 tous &nbsp; Comme chaque ann\u00e9e je vous propose de regrouper les r\u00e9sultats des concours ITRF de l&#8217;acad\u00e9mie de Toulouse&#8230; Si besoin, les r\u00e9sultats du national sont \u00e0 retrouver sur la page WebITRF&#8230; &nbsp; Il manque beaucoup de r\u00e9sultats des cat\u00e9gories A, je mettrai cette liste \u00e0 jour quand ils seront publi\u00e9s&#8230; F\u00e9licitations \u00e0 &hellip; <a href=\"https:\/\/toulouse-sgencfdt.fr\/WORDPRESS_ITRF\/2024\/07\/06\/resultats-concours-itrf-toulouse-2024\/\" class=\"more-link\">Continuer la lecture de <span class=\"screen-reader-text\">R\u00e9sultats concours ITRF Toulouse 2024<\/span>  <span class=\"meta-nav\">&rarr;<\/span><\/a><\/p>\n\t\t\t\t<\/div>\n\n\t\t\t\t\n\t\t\t<\/div>\n\n\t\t\t\t\t\n\t\t\t\n\t\t\t<div id=\"su-post-5672\" class=\"su-post \">\n\n\t\t\t\t\n\t\t\t\t<h2 class=\"su-post-title\"><a href=\"https:\/\/toulouse-sgencfdt.fr\/WORDPRESS_ITRF\/2024\/06\/10\/recrutement\/\">Recrutement<\/a><\/h2>\n\n\t\t\t\t<div class=\"su-post-meta\">\n\t\t\t\t\tPubli\u00e9: 10 juin 2024\t\t\t\t<\/div>\n\n\t\t\t\t<div class=\"su-post-excerpt\">\n\t\t\t\t\t<p>Vous souhaitez postuler \u00e0 un poste dans l \u00e9ducation nationale pour l&#8217;acad\u00e9mie de Toulouse,\u00a0 voici le lien o\u00f9 vous trouverez les annonces&#8230; Bon recrutement &nbsp; https:\/\/recrutement.education.gouv.fr\/recrutement\/offres?Academie__c=16<\/p>\n\t\t\t\t<\/div>\n\n\t\t\t\t\n\t\t\t<\/div>\n\n\t\t\t\t\t\n\t\t\t\n\t\t\t<div id=\"su-post-5664\" class=\"su-post \">\n\n\t\t\t\t\n\t\t\t\t<h2 class=\"su-post-title\"><a href=\"https:\/\/toulouse-sgencfdt.fr\/WORDPRESS_ITRF\/2024\/06\/07\/resultats-la-des-personnels-administratifs-2024\/\">R\u00e9sultats LA des personnels administratifs 2024<\/a><\/h2>\n\n\t\t\t\t<div class=\"su-post-meta\">\n\t\t\t\t\tPubli\u00e9: 7 juin 2024\t\t\t\t<\/div>\n\n\t\t\t\t<div class=\"su-post-excerpt\">\n\t\t\t\t\t<p>Bonjour \u00e0 tous &nbsp; Les r\u00e9sultats tant attendus arrivent enfin&#8230; Ils sont \u00e0 retrouver sur le site acad\u00e9mique: https:\/\/www.ac-toulouse.fr\/promotions-des-personnels-administratifs-techniques-sociaux-et-sante-129492 &nbsp; Ou dans les documents ci-dessous: &nbsp; &nbsp; F\u00e9licitations aux promus!<\/p>\n\t\t\t\t<\/div>\n\n\t\t\t\t\n\t\t\t<\/div>\n\n\t\t\t\t\t\n\t\t\t\n\t\t\t<div id=\"su-post-5640\" class=\"su-post \">\n\n\t\t\t\t\n\t\t\t\t<h2 class=\"su-post-title\"><a href=\"https:\/\/toulouse-sgencfdt.fr\/WORDPRESS_ITRF\/2024\/04\/02\/concours-itrf-session-2024\/\">Concours ITRF session 2024<\/a><\/h2>\n\n\t\t\t\t<div class=\"su-post-meta\">\n\t\t\t\t\tPubli\u00e9: 2 avril 2024\t\t\t\t<\/div>\n\n\t\t\t\t<div class=\"su-post-excerpt\">\n\t\t\t\t\t<p>Je vous informe de l&#8217;ouverture, au titre de la session 2024, du registre des inscriptions aux concours et recrutements des ing\u00e9nieurs et des personnels techniques de recherche et de formation (ITRF) suivants: l&#8217;ensemble des concours externes et internes les examens professionnels d&#8217;avancement de grade nationaux (IGR hors classe, technicien de classe sup\u00e9rieure et technicien de &hellip; <a href=\"https:\/\/toulouse-sgencfdt.fr\/WORDPRESS_ITRF\/2024\/04\/02\/concours-itrf-session-2024\/\" class=\"more-link\">Continuer la lecture de <span class=\"screen-reader-text\">Concours ITRF session 2024<\/span>  <span class=\"meta-nav\">&rarr;<\/span><\/a><\/p>\n\t\t\t\t<\/div>\n\n\t\t\t\t\n\t\t\t<\/div>\n\n\t\t\t\t\t\n\t\t\t\n\t\t\t<div id=\"su-post-5628\" class=\"su-post \">\n\n\t\t\t\t\n\t\t\t\t<h2 class=\"su-post-title\"><a href=\"https:\/\/toulouse-sgencfdt.fr\/WORDPRESS_ITRF\/2024\/03\/23\/circulaire-ta-itrf-2024-categorie-a-et-b-services-academiques-eple-epna\/\">Circulaire TA ITRF 2024 cat\u00e9gorie A et B &#8211; services acad\u00e9miques &#8211; EPLE &#8211; EPNA<\/a><\/h2>\n\n\t\t\t\t<div class=\"su-post-meta\">\n\t\t\t\t\tPubli\u00e9: 23 mars 2024\t\t\t\t<\/div>\n\n\t\t\t\t<div class=\"su-post-excerpt\">\n\t\t\t\t\t<p>Circulaire TA ITRF 2024 cat\u00e9gorie A et B &#8211; services acad\u00e9miques &#8211; EPLE &#8211; EPNA: les documents seront en ligne \u00e0 partir du 21 mars 2024 avec le lien ci-dessous : https:\/\/web.aPPFHGFHFGFGHGFGFHFGFGc-toulousePPpP.fr\/web\/personnels\/10445-avancement.php &nbsp; &nbsp;<\/p>\n\t\t\t\t<\/div>\n\n\t\t\t\t\n\t\t\t<\/div>\n\n\t\t\n\t\n<\/div>\n\n","protected":false},"excerpt":{"rendered":"<p>Actualit\u00e9s PROMO &nbsp; Comment progresser ? &nbsp; Commencer d\u00e8s \u00e0 pr\u00e9sent \u00e0 r\u00e9fl\u00e9chir sur votre envie de progression de carri\u00e8re. Et tr\u00e8s vite vous r\u00e9aliserez qu&#8217;il vous faut r\u00e9diger un Rapport d&#8217;Activit\u00e9&#8230; Pour cela retrouvez l&#8217;article d\u00e9di\u00e9 et\/ou demandez nous un coup de main, on vous r\u00e9pondra avec plaisir&#8230;. \ud83d\ude09 &nbsp; Un nouvel article sur &hellip; <a href=\"https:\/\/toulouse-sgencfdt.fr\/WORDPRESS_ITRF\/2024\/03\/23\/circulaire-ta-itrf-2024-categorie-a-et-b-services-academiques-eple-epna\/\" class=\"more-link\">Continuer la lecture de <span class=\"screen-reader-text\">Circulaire TA ITRF 2024 cat\u00e9gorie A et B &#8211; services acad\u00e9miques &#8211; EPLE &#8211; EPNA<\/span>  <span class=\"meta-nav\">&rarr;<\/span><\/a><\/p>\n","protected":false},"author":11,"featured_media":0,"parent":0,"menu_order":0,"comment_status":"closed","ping_status":"closed","template":"","meta":{"footnotes":""},"class_list":["post-99","page","type-page","status-publish","hentry"],"_links":{"self":[{"href":"https:\/\/toulouse-sgencfdt.fr\/WORDPRESS_ITRF\/wp-json\/wp\/v2\/pages\/99","targetHints":{"allow":["GET"]}}],"collection":[{"href":"https:\/\/toulouse-sgencfdt.fr\/WORDPRESS_ITRF\/wp-json\/wp\/v2\/pages"}],"about":[{"href":"https:\/\/toulouse-sgencfdt.fr\/WORDPRESS_ITRF\/wp-json\/wp\/v2\/types\/page"}],"author":[{"embeddable":true,"href":"https:\/\/toulouse-sgencfdt.fr\/WORDPRESS_ITRF\/wp-json\/wp\/v2\/users\/11"}],"replies":[{"embeddable":true,"href":"https:\/\/toulouse-sgencfdt.fr\/WORDPRESS_ITRF\/wp-json\/wp\/v2\/comments?post=99"}],"version-history":[{"count":15,"href":"https:\/\/toulouse-sgencfdt.fr\/WORDPRESS_ITRF\/wp-json\/wp\/v2\/pages\/99\/revisions"}],"predecessor-version":[{"id":1989,"href":"https:\/\/toulouse-sgencfdt.fr\/WORDPRESS_ITRF\/wp-json\/wp\/v2\/pages\/99\/revisions\/1989"}],"wp:attachment":[{"href":"https:\/\/toulouse-sgencfdt.fr\/WORDPRESS_ITRF\/wp-json\/wp\/v2\/media?parent=99"}],"curies":[{"name":"wp","href":"https:\/\/api.w.org\/{rel}","templated":true}]}}